{"id":88,"date":"2011-07-11T20:28:08","date_gmt":"2011-07-11T20:28:08","guid":{"rendered":"http:\/\/localhost\/groobe\/websites\/sanagustin\/?page_id=88"},"modified":"2021-12-19T13:01:44","modified_gmt":"2021-12-19T17:01:44","slug":"asociaciones","status":"publish","type":"page","link":"http:\/\/www.colegiosanagustincaborojo.com\/?page_id=88","title":{"rendered":"Asociaciones"},"content":{"rendered":"<p><strong><span style=\"color: #000000;\">Nuestro Colegio cuenta con diversas asociaciones que permiten que el estudiantado crezca no tan solo en el \u00e1mbito educativo sino tambi\u00e9n en el \u00e1mbito espiritual, social, cultural y comunitario.<\/span><\/strong><\/p>\n<ul>\n<li><span style=\"color: #993300;\"><em><strong>Asociaci\u00f3n de Padres y Maestros <\/strong><\/em><\/span><\/li>\n<li><span style=\"color: #993300;\"><b>Sociedad Nacional de Honor Superior (NHS)<\/b><\/span><\/li>\n<li><span style=\"color: #993300;\"><b>Sociedad Nacional de Honor Intermedia&nbsp;(Jr. NHS)<\/b><\/span><\/li>\n<li><span style=\"color: #993300;\"><strong>Consejo de Estudiantes Secundario (ES)<\/strong><\/span><\/li>\n<li><span style=\"color: #993300;\"><strong>Club Astra<\/strong><\/span><\/li>\n<li><span style=\"color: #993300;\"><strong>Coro Agustino<\/strong><\/span><\/li>\n<li><span style=\"color: #993300;\"><strong>Hijas de Mar\u00eda<\/strong><\/span><\/li>\n<li><span style=\"color: #993300;\"><strong>Pastoral Juvenil Cristo es la respuesta<\/strong><\/span><\/li>\n<\/ul>\n","protected":false},"excerpt":{"rendered":"<p>Nuestro Colegio cuenta con diversas asociaciones que permiten que el estudiantado crezca no tan solo en el \u00e1mbito educativo sino &hellip; <\/p>\n","protected":false},"author":1,"featured_media":0,"parent":0,"menu_order":0,"comment_status":"closed","ping_status":"open","template":"","meta":{"footnotes":""},"class_list":["post-88","page","type-page","status-publish","hentry"],"_links":{"self":[{"href":"http:\/\/www.colegiosanagustincaborojo.com\/index.php?rest_route=\/wp\/v2\/pages\/88","targetHints":{"allow":["GET"]}}],"collection":[{"href":"http:\/\/www.colegiosanagustincaborojo.com\/index.php?rest_route=\/wp\/v2\/pages"}],"about":[{"href":"http:\/\/www.colegiosanagustincaborojo.com\/index.php?rest_route=\/wp\/v2\/types\/page"}],"author":[{"embeddable":true,"href":"http:\/\/www.colegiosanagustincaborojo.com\/index.php?rest_route=\/wp\/v2\/users\/1"}],"replies":[{"embeddable":true,"href":"http:\/\/www.colegiosanagustincaborojo.com\/index.php?rest_route=%2Fwp%2Fv2%2Fcomments&post=88"}],"version-history":[{"count":5,"href":"http:\/\/www.colegiosanagustincaborojo.com\/index.php?rest_route=\/wp\/v2\/pages\/88\/revisions"}],"predecessor-version":[{"id":2419,"href":"http:\/\/www.colegiosanagustincaborojo.com\/index.php?rest_route=\/wp\/v2\/pages\/88\/revisions\/2419"}],"wp:attachment":[{"href":"http:\/\/www.colegiosanagustincaborojo.com\/index.php?rest_route=%2Fwp%2Fv2%2Fmedia&parent=88"}],"curies":[{"name":"wp","href":"https:\/\/api.w.org\/{rel}","templated":true}]}}