{"id":578,"date":"2012-02-21T22:10:14","date_gmt":"2012-02-22T02:10:14","guid":{"rendered":"http:\/\/www.colegiosanagustincaborojo.com\/?page_id=578"},"modified":"2012-03-04T18:56:28","modified_gmt":"2012-03-04T22:56:28","slug":"matricula-2012-2013-documentos","status":"publish","type":"page","link":"http:\/\/www.colegiosanagustincaborojo.com\/?page_id=578","title":{"rendered":"Documentos"},"content":{"rendered":"<p style=\"text-align: left;\" align=\"center\"><a href=\"http:\/\/www.colegiosanagustincaborojo.com\/wp-content\/uploads\/2012\/02\/Selecci%C3%B3n-M%C3%A9todo-Pago-CSA-2012-13.pdf\"><img loading=\"lazy\" decoding=\"async\" title=\"PDF\" src=\"http:\/\/www.colegiosanagustincaborojo.com\/wp-content\/uploads\/2012\/01\/PDF.png\" alt=\"\" width=\"38\" height=\"38\" \/>Selecci\u00f3n M\u00e9todo Pago CSA 2012-2013<\/a><\/p>\n<p><a href=\"http:\/\/www.colegiosanagustincaborojo.com\/wp-content\/uploads\/2012\/02\/Selecci%C3%B3n-M%C3%A9todo-Pago-CSA-2012-13.pdf\"><img loading=\"lazy\" decoding=\"async\" title=\"PDF\" src=\"http:\/\/www.colegiosanagustincaborojo.com\/wp-content\/uploads\/2012\/01\/PDF.png\" alt=\"\" width=\"38\" height=\"38\" \/><\/a><a href=\"http:\/\/www.colegiosanagustincaborojo.com\/wp-content\/uploads\/2012\/02\/Certificacion-M%C3%A9dica-CSA-2012-13.pdf\">Certificacion M\u00e9dica CSA 2012-2013<\/a><\/p>\n<p><a href=\"http:\/\/www.colegiosanagustincaborojo.com\/wp-content\/uploads\/2012\/02\/Selecci%C3%B3n-M%C3%A9todo-Pago-CSA-2012-13.pdf\"><img loading=\"lazy\" decoding=\"async\" title=\"PDF\" src=\"http:\/\/www.colegiosanagustincaborojo.com\/wp-content\/uploads\/2012\/01\/PDF.png\" alt=\"\" width=\"38\" height=\"38\" \/><\/a><a href=\"http:\/\/www.colegiosanagustincaborojo.com\/wp-content\/uploads\/2012\/02\/Estudio-Socioecon%C3%B3mico-CSA-2012-13.pdf\">Estudio Socioecon\u00f3mico CSA 2012-2013<\/a><\/p>\n<p><a href=\"http:\/\/www.colegiosanagustincaborojo.com\/wp-content\/uploads\/2012\/02\/Selecci%C3%B3n-M%C3%A9todo-Pago-CSA-2012-13.pdf\"><img loading=\"lazy\" decoding=\"async\" title=\"PDF\" src=\"http:\/\/www.colegiosanagustincaborojo.com\/wp-content\/uploads\/2012\/01\/PDF.png\" alt=\"\" width=\"38\" height=\"38\" \/><\/a><a href=\"http:\/\/www.colegiosanagustincaborojo.com\/wp-content\/uploads\/2012\/02\/Consentimiento-Ley-FERPA.pdf\">Consentimiento Ley FERPA<\/a><\/p>\n<p><a href=\"http:\/\/www.colegiosanagustincaborojo.com\/wp-content\/uploads\/2012\/02\/Selecci%C3%B3n-M%C3%A9todo-Pago-CSA-2012-13.pdf\"><img loading=\"lazy\" decoding=\"async\" title=\"PDF\" src=\"http:\/\/www.colegiosanagustincaborojo.com\/wp-content\/uploads\/2012\/01\/PDF.png\" alt=\"\" width=\"38\" height=\"38\" \/><\/a><a href=\"http:\/\/www.colegiosanagustincaborojo.com\/wp-content\/uploads\/2012\/02\/Solicitud-de-matricula-CSA-2012-13.pdf\">Solicitud de matricula CSA 2012-2013<\/a><\/p>\n","protected":false},"excerpt":{"rendered":"<p>Selecci\u00f3n M\u00e9todo Pago CSA 2012-2013 Certificacion M\u00e9dica CSA 2012-2013 Estudio Socioecon\u00f3mico CSA 2012-2013 Consentimiento Ley FERPA Solicitud de matricula CSA &hellip; <\/p>\n","protected":false},"author":1,"featured_media":0,"parent":0,"menu_order":0,"comment_status":"open","ping_status":"open","template":"","meta":{"footnotes":""},"class_list":["post-578","page","type-page","status-publish","hentry"],"_links":{"self":[{"href":"http:\/\/www.colegiosanagustincaborojo.com\/index.php?rest_route=\/wp\/v2\/pages\/578","targetHints":{"allow":["GET"]}}],"collection":[{"href":"http:\/\/www.colegiosanagustincaborojo.com\/index.php?rest_route=\/wp\/v2\/pages"}],"about":[{"href":"http:\/\/www.colegiosanagustincaborojo.com\/index.php?rest_route=\/wp\/v2\/types\/page"}],"author":[{"embeddable":true,"href":"http:\/\/www.colegiosanagustincaborojo.com\/index.php?rest_route=\/wp\/v2\/users\/1"}],"replies":[{"embeddable":true,"href":"http:\/\/www.colegiosanagustincaborojo.com\/index.php?rest_route=%2Fwp%2Fv2%2Fcomments&post=578"}],"version-history":[{"count":4,"href":"http:\/\/www.colegiosanagustincaborojo.com\/index.php?rest_route=\/wp\/v2\/pages\/578\/revisions"}],"predecessor-version":[{"id":587,"href":"http:\/\/www.colegiosanagustincaborojo.com\/index.php?rest_route=\/wp\/v2\/pages\/578\/revisions\/587"}],"wp:attachment":[{"href":"http:\/\/www.colegiosanagustincaborojo.com\/index.php?rest_route=%2Fwp%2Fv2%2Fmedia&parent=578"}],"curies":[{"name":"wp","href":"https:\/\/api.w.org\/{rel}","templated":true}]}}