{"id":575,"date":"2012-02-21T22:09:12","date_gmt":"2012-02-22T02:09:12","guid":{"rendered":"http:\/\/www.colegiosanagustincaborojo.com\/?page_id=575"},"modified":"2012-03-04T18:56:05","modified_gmt":"2012-03-04T22:56:05","slug":"matricula-2012-2013-estudiantes-actuales","status":"publish","type":"page","link":"http:\/\/www.colegiosanagustincaborojo.com\/?page_id=575","title":{"rendered":"Estudiantes Actuales"},"content":{"rendered":"<p style=\"text-align: left;\" align=\"center\">\u00a1La paz y la alegr\u00eda de Jesucristo, Verdadero Dios y Verdadero Hombre est\u00e9n con cada uno de ustedes!<\/p>\n<p>En nombre de la Comunidad educativa del Colegio San Agust\u00edn agradezco \u00a0a ustedes los padres al considerar nuevamente al\u00a0 Colegio como la alternativa educativa para sus hijos. Las matr\u00edculas generales para el pr\u00f3ximo curso escolar 2012-2013 para los estudiantes de Pre Kinder a Duod\u00e9cimo grado estudiando actualmente en el Colegio ser\u00e1n del martes 6 al jueves, 8 de marzo de 2012. El horario ser\u00e1 de 7:30 am a 12:30 pm en el sal\u00f3n audiovisual.<\/p>\n<p>Los documentos\u00a0 para la matr\u00edcula ser\u00e1n enviados por medio de los estudiantes el mi\u00e9rcoles, 29 de febrero de 2012.<\/p>\n<p><strong><span style=\"text-decoration: underline;\">Debido a la alta demanda en matr\u00edcula no se garantizar\u00e1n los espacios a estudiantes cuyas familias no realicen la matr\u00edcula en las fechas establecidas.<\/span><\/strong><\/p>\n<p><strong>Requisitos para la permanencia en el Colegio San Agust\u00edn \u2013 *<\/strong><strong>ver reglamento de estudiantes<\/strong><\/p>\n<ul>\n<li>Observar una buena conducta (no menos de 85%)<\/li>\n<li>Mantiene un promedio general de 2.20\u00a0 o 75% como promedio general (grados 1 al 12).<\/li>\n<li>Cumple con las normas del Manual de Estudiantes y otras que se le requieran<\/li>\n<li>Tiene sus cuotas al d\u00eda<\/li>\n<li>El Colegio San Agust\u00edn se reserva el derecho de admisi\u00f3n a un nuevo curso escolar a aquellos alumnos cuyos padres y\/o encargados hayan sido negligentes en el cumplimiento de sus compromisos econ\u00f3micos con la instituci\u00f3n.<\/li>\n<\/ul>\n<p>En caso de que un estudiante no cumpla con una o m\u00e1s de estas condiciones, la matr\u00edcula para el curso escolar 2012-2013 ser\u00e1 retenida hasta junio del presente a\u00f1o.\u00a0 Las matr\u00edculas retenidas se informar\u00e1n al momento de enviar los documentos de matr\u00edcula a las casas.<\/p>\n<p><strong><span style=\"text-decoration: underline;\">OPEN HOUSE<\/span><\/strong><\/p>\n<p>El Colegio San Agust\u00edn celebrar\u00e1 su <strong>\u201cOPEN HOUSE\u201d <\/strong>para estudiantes y padres interesados en matr\u00edcula de nuevo ingreso para el curso escolar 2012-2013 el <strong>s\u00e1bado, 11 de febrero de 2012.<\/strong>\u00a0 El horario ser\u00e1 de 8:30 a.m. a 1:30 p.m.\u00a0 Habr\u00e1 visitas a las diferentes dependencias y salones del Colegio, exhibiciones de organizaciones estudiantiles, equipos de deportes, Consejo de Padres y Administraci\u00f3n.\u00a0 Tendremos lectura de cuentos, clases demostrativas, juegos de Voleibol y Baloncesto y as\u00ed como presentaciones del Ballet Agustino.<\/p>\n<p><strong><span style=\"text-decoration: underline;\">Requisitos de ingreso para Pre-kinder y Kinder<\/span><\/strong><\/p>\n<p>Los estudiantes de Pre-kinder y Kinder deben cumplir con los siguientes requisitos:<\/p>\n<p><strong>Pre-Kinder:<\/strong> <em>Debe tener 4 a\u00f1os cumplidos en o antes del 30 de septiembre del a\u00f1o en curso.\u00a0 Tendr\u00e1n prioridad los estudiantes que tengan 4 a\u00f1os cumplidos al inicio del a\u00f1o escolar y los que tengan hermanos en otros grados y cumplen\u00a0 con los requisitos.<\/em><\/p>\n<p><strong>Kinder: <\/strong><em>Debe tener 5 a\u00f1os cumplidos en o antes del 30 de septiembre del a\u00f1o en curso.\u00a0 Tendr\u00e1n prioridad los estudiantes que tengan 5 a\u00f1os cumplidos al inicio del a\u00f1o escolar y los que tengan hermanos en otros grados y cumplen con los requisitos.<\/em><\/p>\n<p><strong>*Tendr\u00e1n prioridad en la matr\u00edcula de nuevo ingreso para \u00a0Pre-kinder y Kinder las familias que actualmente tengan hijos\u00a0 estudiando en el Colegio.<\/strong><\/p>\n<p><strong><span style=\"text-decoration: underline;\">Costos de Matr\u00edcula y Mensualidades<\/span><\/strong><\/p>\n<p>A continuaci\u00f3n los costos de matr\u00edcula y mensualidades para el curso escolar 2012-2013:<\/p>\n<p><strong><span style=\"text-decoration: underline;\">Matr\u00edcula:<\/span><\/strong>(Descuento de $50.00 al tercer hijo o m\u00e1s)<\/p>\n<ul>\n<li>Pre-kinder a octavo (8vo.) grado &#8211; $185.00<\/li>\n<li>Noveno a duod\u00e9cimo grado &#8211; $230.00<\/li>\n<\/ul>\n<p><strong><span style=\"text-decoration: underline;\">Otros cargos anuales<\/span><\/strong><\/p>\n<ul>\n<li>Aportaci\u00f3n familiar a mejoras de la planta f\u00edsica &#8211; $100.00 (por familia)<\/li>\n<li>Fondo de Beca &#8211; $15.00 por familia<\/li>\n<li>Asociaci\u00f3n de Padres &#8211; $10.00<\/li>\n<\/ul>\n<p><strong>Extra cuota<\/strong> \u2013 De acuerdo al grado (por estudiante).\u00a0 Ver desglose a continuaci\u00f3n:<\/p>\n<p><strong>Pre Kinder a 8vo<\/strong><\/p>\n<table border=\"1\" cellspacing=\"0\" cellpadding=\"0\">\n<tbody>\n<tr>\n<td valign=\"top\" width=\"105\"><\/td>\n<td valign=\"top\" width=\"43\"><strong>Pre K<\/strong><strong>kinder<\/strong><\/td>\n<td valign=\"top\" width=\"38\"><strong>1ro.\u00a0\u00a0 <\/strong><\/td>\n<td valign=\"top\" width=\"40\"><strong>2do.<\/strong><\/td>\n<td valign=\"top\" width=\"35\"><strong>3ero.<\/strong><\/td>\n<td valign=\"top\" width=\"35\"><strong>4to.<\/strong><\/td>\n<td valign=\"top\" width=\"35\"><strong>5to.<\/strong><\/td>\n<td valign=\"top\" width=\"36\"><strong>6vo.<\/strong><\/td>\n<td valign=\"top\" width=\"35\"><strong>7mo.<\/strong><\/td>\n<td valign=\"top\" width=\"50\"><strong>8vo.<\/strong><\/td>\n<\/tr>\n<tr>\n<td valign=\"top\" width=\"105\">Cuota Diocesana<\/td>\n<td valign=\"top\" width=\"43\">$15.00<\/td>\n<td valign=\"top\" width=\"38\">$15.00<\/td>\n<td valign=\"top\" width=\"40\">$15.00<\/td>\n<td valign=\"top\" width=\"35\">$15.00<\/td>\n<td valign=\"top\" width=\"35\">$15.00<\/td>\n<td valign=\"top\" width=\"35\">$15.00<\/td>\n<td valign=\"top\" width=\"36\">$15.00<\/td>\n<td valign=\"top\" width=\"35\">$15.00<\/td>\n<td valign=\"top\" width=\"50\">$15.00<\/td>\n<\/tr>\n<tr>\n<td valign=\"top\" width=\"105\">Seguro Escolar<\/td>\n<td valign=\"top\" width=\"43\">$\u00a0 8.00<\/td>\n<td valign=\"top\" width=\"38\">$\u00a0 8.00<\/td>\n<td valign=\"top\" width=\"40\">$\u00a0 8.00<\/td>\n<td valign=\"top\" width=\"35\">$\u00a0 8.00<\/td>\n<td valign=\"top\" width=\"35\">$\u00a0 8.00<\/td>\n<td valign=\"top\" width=\"35\">$\u00a0 8.00<\/td>\n<td valign=\"top\" width=\"36\">$\u00a0 8.00<\/td>\n<td valign=\"top\" width=\"35\">$\u00a0 8.00<\/td>\n<td valign=\"top\" width=\"50\">$\u00a0 8.00<\/td>\n<\/tr>\n<tr>\n<td valign=\"top\" width=\"105\">Biblioteca<\/td>\n<td valign=\"top\" width=\"43\">$\u00a0 5.00<\/td>\n<td valign=\"top\" width=\"38\">$\u00a0 5.00<\/td>\n<td valign=\"top\" width=\"40\">$\u00a0 5.00<\/td>\n<td valign=\"top\" width=\"35\">$\u00a0 5.00<\/td>\n<td valign=\"top\" width=\"35\">$\u00a0 5.00<\/td>\n<td valign=\"top\" width=\"35\">$\u00a0 5.00<\/td>\n<td valign=\"top\" width=\"36\">$\u00a0 5.00<\/td>\n<td valign=\"top\" width=\"35\">$\u00a0 5.00<\/td>\n<td valign=\"top\" width=\"50\">$\u00a0 5.00<\/td>\n<\/tr>\n<tr>\n<td valign=\"top\" width=\"105\">Lab. De Computadoras<\/td>\n<td valign=\"top\" width=\"43\">\n<p align=\"center\"><strong>X<\/strong><\/p>\n<\/td>\n<td valign=\"top\" width=\"38\">$\u00a0 5.00<\/td>\n<td valign=\"top\" width=\"40\">$\u00a0 5.00<\/td>\n<td valign=\"top\" width=\"35\">$\u00a0 5.00<\/td>\n<td valign=\"top\" width=\"35\">$\u00a0 5.00<\/td>\n<td valign=\"top\" width=\"35\">$\u00a0 5.00<\/td>\n<td valign=\"top\" width=\"36\">$\u00a0 5.00<\/td>\n<td valign=\"top\" width=\"35\">$\u00a0 5.00<\/td>\n<td valign=\"top\" width=\"50\">$\u00a0 5.00<\/td>\n<\/tr>\n<tr>\n<td valign=\"top\" width=\"105\">Lab. De Ciencias<\/td>\n<td valign=\"top\" width=\"43\">\n<p align=\"center\"><strong>X<\/strong><\/p>\n<\/td>\n<td valign=\"top\" width=\"38\">\u00a0\u00a0\u00a0\u00a0 <strong>X<\/strong><\/td>\n<td valign=\"top\" width=\"40\">\u00a0\u00a0\u00a0\u00a0 <strong>X<\/strong><\/td>\n<td valign=\"top\" width=\"35\">\u00a0\u00a0\u00a0\u00a0 <strong>X<\/strong><\/td>\n<td valign=\"top\" width=\"35\">\u00a0\u00a0\u00a0\u00a0 <strong>X<\/strong><\/td>\n<td valign=\"top\" width=\"35\">\u00a0\u00a0\u00a0\u00a0 <strong>X<\/strong><\/td>\n<td valign=\"top\" width=\"36\">\u00a0\u00a0\u00a0\u00a0 <strong>X<\/strong><\/td>\n<td valign=\"top\" width=\"35\">\u00a0\u00a0\u00a0\u00a0 <strong>X<\/strong><\/td>\n<td valign=\"top\" width=\"50\">\u00a0\u00a0\u00a0 <strong>X<\/strong><\/td>\n<\/tr>\n<tr>\n<td valign=\"top\" width=\"105\">Graduaci\u00f3n<\/td>\n<td valign=\"top\" width=\"43\">\n<p align=\"center\"><strong>X<\/strong><\/p>\n<\/td>\n<td valign=\"top\" width=\"38\">\u00a0\u00a0\u00a0\u00a0 <strong>X<\/strong><\/td>\n<td valign=\"top\" width=\"40\">\u00a0\u00a0\u00a0\u00a0 <strong>X<\/strong><\/td>\n<td valign=\"top\" width=\"35\">\u00a0\u00a0\u00a0\u00a0 <strong>X<\/strong><\/td>\n<td valign=\"top\" width=\"35\">\u00a0\u00a0\u00a0\u00a0 <strong>X<\/strong><\/td>\n<td valign=\"top\" width=\"35\">\u00a0\u00a0\u00a0\u00a0 <strong>X<\/strong><\/td>\n<td valign=\"top\" width=\"36\">\u00a0\u00a0\u00a0\u00a0 <strong>X<\/strong><\/td>\n<td valign=\"top\" width=\"35\">\u00a0\u00a0\u00a0\u00a0 <strong>X<\/strong><\/td>\n<td valign=\"top\" width=\"50\">$70.00<\/td>\n<\/tr>\n<tr>\n<td valign=\"top\" width=\"105\">Pruebas estandarizadas*<\/td>\n<td valign=\"top\" width=\"43\">\n<p align=\"center\">X<\/p>\n<\/td>\n<td valign=\"top\" width=\"38\">$15.00<\/td>\n<td valign=\"top\" width=\"40\">$15.00<\/td>\n<td valign=\"top\" width=\"35\">$15.00<\/td>\n<td valign=\"top\" width=\"35\">$15.00<\/td>\n<td valign=\"top\" width=\"35\">$15.00<\/td>\n<td valign=\"top\" width=\"36\">$15.00<\/td>\n<td valign=\"top\" width=\"35\">$15.00<\/td>\n<td valign=\"top\" width=\"50\">$15.00<\/td>\n<\/tr>\n<tr>\n<td valign=\"top\" width=\"105\">Programa de Notas (\u201cSkiffer\u201d)<\/td>\n<td valign=\"top\" width=\"43\">\n<p align=\"center\">X<\/p>\n<\/td>\n<td valign=\"top\" width=\"38\">$\u00a0 5.00<\/td>\n<td valign=\"top\" width=\"40\">$\u00a0 5.00<\/td>\n<td valign=\"top\" width=\"35\">$\u00a0 5.00<\/td>\n<td valign=\"top\" width=\"35\">$\u00a0 5.00<\/td>\n<td valign=\"top\" width=\"35\">$\u00a0 5.00<\/td>\n<td valign=\"top\" width=\"36\">$\u00a0 5.00<\/td>\n<td valign=\"top\" width=\"35\">$\u00a0 5.00<\/td>\n<td valign=\"top\" width=\"50\">$\u00a0 5.00<\/td>\n<\/tr>\n<tr>\n<td valign=\"top\" width=\"105\"><strong>\u00a0\u00a0\u00a0\u00a0\u00a0\u00a0\u00a0\u00a0\u00a0\u00a0\u00a0\u00a0\u00a0\u00a0\u00a0\u00a0\u00a0\u00a0\u00a0\u00a0\u00a0\u00a0\u00a0\u00a0\u00a0\u00a0\u00a0\u00a0\u00a0\u00a0\u00a0\u00a0\u00a0\u00a0\u00a0\u00a0\u00a0\u00a0\u00a0\u00a0\u00a0\u00a0\u00a0\u00a0\u00a0\u00a0 Total<\/strong><\/td>\n<td valign=\"top\" width=\"43\">$28.00<\/td>\n<td valign=\"top\" width=\"38\">$53.00<\/td>\n<td valign=\"top\" width=\"40\">$53.00<\/td>\n<td valign=\"top\" width=\"35\">$53.00<\/td>\n<td valign=\"top\" width=\"35\">$53.00<\/td>\n<td valign=\"top\" width=\"35\">$53.00<\/td>\n<td valign=\"top\" width=\"36\">$53.00<\/td>\n<td valign=\"top\" width=\"35\">$53.00<\/td>\n<td valign=\"top\" width=\"50\">$123.00<\/td>\n<\/tr>\n<\/tbody>\n<\/table>\n<p><strong>Noveno a duod\u00e9cimo<\/strong><strong>\u00a0<\/strong><\/p>\n<table border=\"1\" cellspacing=\"0\" cellpadding=\"0\">\n<tbody>\n<tr>\n<td valign=\"top\" width=\"105\"><\/td>\n<td valign=\"top\" width=\"43\"><strong>9no.\u00a0 <\/strong><\/td>\n<td valign=\"top\" width=\"43\"><strong>10mo<\/strong><\/td>\n<td valign=\"top\" width=\"35\"><strong>11mo.<\/strong><\/td>\n<td valign=\"top\" width=\"43\"><strong>12mo.<\/strong><\/td>\n<\/tr>\n<tr>\n<td valign=\"top\" width=\"105\">Cuota Diocesana<\/td>\n<td valign=\"top\" width=\"43\">$15.00<\/td>\n<td valign=\"top\" width=\"43\">$15.00<\/td>\n<td valign=\"top\" width=\"35\">$15.00<\/td>\n<td valign=\"top\" width=\"43\">$15.00<\/td>\n<\/tr>\n<tr>\n<td valign=\"top\" width=\"105\">Seguro Escolar<\/td>\n<td valign=\"top\" width=\"43\">$ 8.00<\/td>\n<td valign=\"top\" width=\"43\">$\u00a0 8.00<\/td>\n<td valign=\"top\" width=\"35\">$\u00a0 8.00<\/td>\n<td valign=\"top\" width=\"43\">$\u00a0 8.00<\/td>\n<\/tr>\n<tr>\n<td valign=\"top\" width=\"105\">Biblioteca<\/td>\n<td valign=\"top\" width=\"43\">$ 5.00<\/td>\n<td valign=\"top\" width=\"43\">$\u00a0 5.00<\/td>\n<td valign=\"top\" width=\"35\">$\u00a0 5.00<\/td>\n<td valign=\"top\" width=\"43\">$\u00a0 5.00<\/td>\n<\/tr>\n<tr>\n<td valign=\"top\" width=\"105\">Lab. De Computadoras<\/td>\n<td valign=\"top\" width=\"43\">$ 5.00<\/td>\n<td valign=\"top\" width=\"43\">$\u00a0 5.00<\/td>\n<td valign=\"top\" width=\"35\">$\u00a0 5.00<\/td>\n<td valign=\"top\" width=\"43\">$\u00a0 5.00<\/td>\n<\/tr>\n<tr>\n<td valign=\"top\" width=\"105\">Lab. De Ciencias<\/td>\n<td valign=\"top\" width=\"43\">$ 5.00<\/td>\n<td valign=\"top\" width=\"43\">$\u00a0 5.00<\/td>\n<td valign=\"top\" width=\"35\">\u00a0\u00a0\u00a0 <strong>X<\/strong><\/td>\n<td valign=\"top\" width=\"43\">$\u00a0 5.00<\/td>\n<\/tr>\n<tr>\n<td valign=\"top\" width=\"105\">Graduaci\u00f3n<\/td>\n<td valign=\"top\" width=\"43\">\u00a0\u00a0\u00a0 <strong>X<\/strong><\/td>\n<td valign=\"top\" width=\"43\">\u00a0\u00a0\u00a0 <strong>X<\/strong><\/td>\n<td valign=\"top\" width=\"35\">\u00a0\u00a0\u00a0 <strong>X<\/strong><\/td>\n<td valign=\"top\" width=\"43\">$90.00<\/td>\n<\/tr>\n<tr>\n<td valign=\"top\" width=\"105\">Pruebas estandarizadas*\/Prueba vocacional (12mo.)*<\/td>\n<td valign=\"top\" width=\"43\">$15.00<\/td>\n<td valign=\"top\" width=\"43\">$15.00<\/td>\n<td valign=\"top\" width=\"35\">$15.00<\/td>\n<td valign=\"top\" width=\"43\">$15.00<\/td>\n<\/tr>\n<tr>\n<td valign=\"top\" width=\"105\">Programa de Notas (\u201cSkiffer\u201d)<\/td>\n<td valign=\"top\" width=\"43\">$ 5.00<\/td>\n<td valign=\"top\" width=\"43\">$\u00a0 5.00<\/td>\n<td valign=\"top\" width=\"35\">$\u00a0 5.00<\/td>\n<td valign=\"top\" width=\"43\">$\u00a0 5.00<\/td>\n<\/tr>\n<tr>\n<td valign=\"top\" width=\"105\"><strong>\u00a0\u00a0\u00a0\u00a0\u00a0\u00a0\u00a0\u00a0\u00a0\u00a0\u00a0\u00a0\u00a0\u00a0\u00a0\u00a0\u00a0\u00a0\u00a0\u00a0\u00a0\u00a0\u00a0\u00a0\u00a0\u00a0\u00a0\u00a0\u00a0\u00a0\u00a0\u00a0\u00a0\u00a0\u00a0\u00a0\u00a0\u00a0\u00a0\u00a0\u00a0\u00a0\u00a0\u00a0\u00a0\u00a0 Total<\/strong><\/td>\n<td valign=\"top\" width=\"43\">$58.00<\/td>\n<td valign=\"top\" width=\"43\">$58.00<\/td>\n<td valign=\"top\" width=\"35\">$53.00<\/td>\n<td valign=\"top\" width=\"43\">$148.00<\/td>\n<\/tr>\n<\/tbody>\n<\/table>\n<p><strong>Pruebas estandarizadas de aprovechamiento:<\/strong><\/p>\n<p>Las pruebas estandarizadas de aprovechamiento son una serie de instrumentos preparados revisados\u00a0 y renovados de forma gradual y sistem\u00e1tica conforme a las gu\u00edas curriculares, los est\u00e1ndares educativos del Departamento de Educaci\u00f3n de Puerto Rico y siguiendo los niveles de desarrollo de las escuelas del pa\u00eds.\u00a0 Las pruebas son administradas\u00a0 por personal examinador externo al Colegio San Agust\u00edn, procurando\u00a0 mantener un estricto control de variables y optimizando la estandarizaci\u00f3n del proceso.\u00a0 Como instrumento de evaluaci\u00f3n externa, los resultados proveen un cuadro general de las fortalezas y debilidades b\u00e1sicas del estudiante.<strong> (Informaci\u00f3n suministrada por Learn Aid)<\/strong><\/p>\n<p>Para el curso escolar 2012-2013 hemos seleccionado a la <strong><em>Compa\u00f1\u00eda Learn Aid<\/em><\/strong> para llevar a cabo este proceso.\u00a0 Las pruebas est\u00e1n pautadas para llevarse a cabo durante el primer semestre del curso escolar.\u00a0 Todos los grupos desde el primer grado hasta el und\u00e9cimo grado tomar\u00e1n la prueba. Los estudiantes del duod\u00e9cimo grado tomar\u00e1n una prueba vocacional durante ese d\u00eda administrado por la misma compa\u00f1\u00eda.<\/p>\n<p><strong><span style=\"text-decoration: underline;\">Mensualidades:<\/span><\/strong><\/p>\n<p>Pre-kinder a octavo grado &#8211; $155.00 (mensual)<\/p>\n<p>Noveno a duod\u00e9cimo grado &#8211; $170.00 (mensual)<\/p>\n<p><strong><span style=\"text-decoration: underline;\">Hor<\/span><\/strong><strong><span style=\"text-decoration: underline;\">ario Extendido<\/span><\/strong><\/p>\n<p>Nuestro Colegio ofrece el programa de horario extendido de 1:30 p.m. a 5:30 p.m. (lunes a viernes).<\/p>\n<p>El mismo incluye los siguientes servicios:<\/p>\n<ul>\n<li>Cuido<\/li>\n<li>Supervisi\u00f3n de Tareas<\/li>\n<li>Tutor\u00edas<\/li>\n<li>Programa Deportivo<\/li>\n<\/ul>\n<p>Para detalles de costos favor verificar los documentos de matr\u00edcula.<\/p>\n<p><a href=\"http:\/\/www.colegiosanagustincaborojo.com\/wp-content\/uploads\/2012\/02\/Selecci%C3%B3n-M%C3%A9todo-Pago-CSA-2012-13.pdf\"><img loading=\"lazy\" decoding=\"async\" title=\"PDF\" src=\"http:\/\/www.colegiosanagustincaborojo.com\/wp-content\/uploads\/2012\/01\/PDF.png\" alt=\"\" width=\"38\" height=\"38\" \/>Selecci\u00f3n M\u00e9todo Pago CSA 2012-2013<\/a><\/p>\n<p><a href=\"http:\/\/www.colegiosanagustincaborojo.com\/wp-content\/uploads\/2012\/02\/Selecci%C3%B3n-M%C3%A9todo-Pago-CSA-2012-13.pdf\"><img loading=\"lazy\" decoding=\"async\" title=\"PDF\" src=\"http:\/\/www.colegiosanagustincaborojo.com\/wp-content\/uploads\/2012\/01\/PDF.png\" alt=\"\" width=\"38\" height=\"38\" \/><\/a><a href=\"http:\/\/www.colegiosanagustincaborojo.com\/wp-content\/uploads\/2012\/02\/Certificacion-M%C3%A9dica-CSA-2012-13.pdf\">Certificacion M\u00e9dica CSA 2012-2013<\/a><\/p>\n<p><a href=\"http:\/\/www.colegiosanagustincaborojo.com\/wp-content\/uploads\/2012\/02\/Selecci%C3%B3n-M%C3%A9todo-Pago-CSA-2012-13.pdf\"><img loading=\"lazy\" decoding=\"async\" title=\"PDF\" src=\"http:\/\/www.colegiosanagustincaborojo.com\/wp-content\/uploads\/2012\/01\/PDF.png\" alt=\"\" width=\"38\" height=\"38\" \/><\/a><a href=\"http:\/\/www.colegiosanagustincaborojo.com\/wp-content\/uploads\/2012\/02\/Estudio-Socioecon%C3%B3mico-CSA-2012-13.pdf\">Estudio Socioecon\u00f3mico CSA 2012-2013<\/a><\/p>\n<p><a href=\"http:\/\/www.colegiosanagustincaborojo.com\/wp-content\/uploads\/2012\/02\/Selecci%C3%B3n-M%C3%A9todo-Pago-CSA-2012-13.pdf\"><img loading=\"lazy\" decoding=\"async\" title=\"PDF\" src=\"http:\/\/www.colegiosanagustincaborojo.com\/wp-content\/uploads\/2012\/01\/PDF.png\" alt=\"\" width=\"38\" height=\"38\" \/><\/a><a href=\"http:\/\/www.colegiosanagustincaborojo.com\/wp-content\/uploads\/2012\/02\/Consentimiento-Ley-FERPA.pdf\">Consentimiento Ley FERPA<\/a><\/p>\n<p><a href=\"http:\/\/www.colegiosanagustincaborojo.com\/wp-content\/uploads\/2012\/02\/Selecci%C3%B3n-M%C3%A9todo-Pago-CSA-2012-13.pdf\"><img loading=\"lazy\" decoding=\"async\" title=\"PDF\" src=\"http:\/\/www.colegiosanagustincaborojo.com\/wp-content\/uploads\/2012\/01\/PDF.png\" alt=\"\" width=\"38\" height=\"38\" \/><\/a><a href=\"http:\/\/www.colegiosanagustincaborojo.com\/wp-content\/uploads\/2012\/02\/Solicitud-de-matricula-CSA-2012-13.pdf\">Solicitud de matricula CSA 2012-2013<\/a><\/p>\n","protected":false},"excerpt":{"rendered":"<p>\u00a1La paz y la alegr\u00eda de Jesucristo, Verdadero Dios y Verdadero Hombre est\u00e9n con cada uno de ustedes! En nombre &hellip; <\/p>\n","protected":false},"author":1,"featured_media":0,"parent":0,"menu_order":0,"comment_status":"open","ping_status":"open","template":"","meta":{"footnotes":""},"class_list":["post-575","page","type-page","status-publish","hentry"],"_links":{"self":[{"href":"http:\/\/www.colegiosanagustincaborojo.com\/index.php?rest_route=\/wp\/v2\/pages\/575","targetHints":{"allow":["GET"]}}],"collection":[{"href":"http:\/\/www.colegiosanagustincaborojo.com\/index.php?rest_route=\/wp\/v2\/pages"}],"about":[{"href":"http:\/\/www.colegiosanagustincaborojo.com\/index.php?rest_route=\/wp\/v2\/types\/page"}],"author":[{"embeddable":true,"href":"http:\/\/www.colegiosanagustincaborojo.com\/index.php?rest_route=\/wp\/v2\/users\/1"}],"replies":[{"embeddable":true,"href":"http:\/\/www.colegiosanagustincaborojo.com\/index.php?rest_route=%2Fwp%2Fv2%2Fcomments&post=575"}],"version-history":[{"count":3,"href":"http:\/\/www.colegiosanagustincaborojo.com\/index.php?rest_route=\/wp\/v2\/pages\/575\/revisions"}],"predecessor-version":[{"id":590,"href":"http:\/\/www.colegiosanagustincaborojo.com\/index.php?rest_route=\/wp\/v2\/pages\/575\/revisions\/590"}],"wp:attachment":[{"href":"http:\/\/www.colegiosanagustincaborojo.com\/index.php?rest_route=%2Fwp%2Fv2%2Fmedia&parent=575"}],"curies":[{"name":"wp","href":"https:\/\/api.w.org\/{rel}","templated":true}]}}