{"id":57,"date":"2011-07-11T20:20:32","date_gmt":"2011-07-11T20:20:32","guid":{"rendered":"http:\/\/localhost\/groobe\/websites\/sanagustin\/?page_id=57"},"modified":"2011-09-05T18:56:34","modified_gmt":"2011-09-05T22:56:34","slug":"programa-de-horario-extendido","status":"publish","type":"page","link":"http:\/\/www.colegiosanagustincaborojo.com\/?page_id=57","title":{"rendered":"Programa de Horario Extendido"},"content":{"rendered":"<h2><strong>Horario Extendido<\/strong><\/h2>\n<ul>\n<li>Nuestro horario extendido es de 1:30 p.m. &#8211; 5:30 p.m. de lunes a viernes.<\/li>\n<li>El Colegio ofrecer\u00e1 el servicio de tutor\u00edas y asignaciones supervisadas luego del horario escolar.\n<ul>\n<li>El programa comienza en mes de agosto y finaliza en mayo.<\/li>\n<li>El programa est\u00e1 a cargo de adultos.<\/li>\n<li>Durante este per\u00edodo el estudiante har\u00e1 asignaciones y ser\u00e1 supervisado hasta que sus padres o encargados los recojan.<\/li>\n<li>Todo padre o encargado deber\u00e1 firmar el registro de recogido al momento de buscar al estudiante.<\/li>\n<li>Tendremos disponible el uso de la Biblioteca.<\/li>\n<\/ul>\n<\/li>\n<\/ul>\n<p>&nbsp;<\/p>\n","protected":false},"excerpt":{"rendered":"<p>Horario Extendido Nuestro horario extendido es de 1:30 p.m. &#8211; 5:30 p.m. de lunes a viernes. El Colegio ofrecer\u00e1 el &hellip; <\/p>\n","protected":false},"author":1,"featured_media":0,"parent":0,"menu_order":0,"comment_status":"open","ping_status":"open","template":"","meta":{"footnotes":""},"class_list":["post-57","page","type-page","status-publish","hentry"],"_links":{"self":[{"href":"http:\/\/www.colegiosanagustincaborojo.com\/index.php?rest_route=\/wp\/v2\/pages\/57","targetHints":{"allow":["GET"]}}],"collection":[{"href":"http:\/\/www.colegiosanagustincaborojo.com\/index.php?rest_route=\/wp\/v2\/pages"}],"about":[{"href":"http:\/\/www.colegiosanagustincaborojo.com\/index.php?rest_route=\/wp\/v2\/types\/page"}],"author":[{"embeddable":true,"href":"http:\/\/www.colegiosanagustincaborojo.com\/index.php?rest_route=\/wp\/v2\/users\/1"}],"replies":[{"embeddable":true,"href":"http:\/\/www.colegiosanagustincaborojo.com\/index.php?rest_route=%2Fwp%2Fv2%2Fcomments&post=57"}],"version-history":[{"count":8,"href":"http:\/\/www.colegiosanagustincaborojo.com\/index.php?rest_route=\/wp\/v2\/pages\/57\/revisions"}],"predecessor-version":[{"id":333,"href":"http:\/\/www.colegiosanagustincaborojo.com\/index.php?rest_route=\/wp\/v2\/pages\/57\/revisions\/333"}],"wp:attachment":[{"href":"http:\/\/www.colegiosanagustincaborojo.com\/index.php?rest_route=%2Fwp%2Fv2%2Fmedia&parent=57"}],"curies":[{"name":"wp","href":"https:\/\/api.w.org\/{rel}","templated":true}]}}