{"id":564,"date":"2012-02-21T22:05:17","date_gmt":"2012-02-22T02:05:17","guid":{"rendered":"http:\/\/www.colegiosanagustincaborojo.com\/?page_id=564"},"modified":"2018-02-22T20:19:50","modified_gmt":"2018-02-23T00:19:50","slug":"matricula-2012-2013-nuevo-ingreso","status":"publish","type":"page","link":"http:\/\/www.colegiosanagustincaborojo.com\/?page_id=564","title":{"rendered":"Nuevo Ingreso"},"content":{"rendered":"<p>\u00a1La paz y la alegr\u00eda de Jesucristo, Verdadero Dios y Verdadero Hombre est\u00e9n con cada uno de ustedes!<\/p>\n<p>En nombre de la Comunidad educativa del Colegio San Agust\u00edn agradezco \u00a0a ustedes los padres al considerar \u00a0al\u00a0 Colegio como la alternativa educativa para sus hijos. <strong><span style=\"text-decoration: underline;\">El proceso de matr\u00edculas para los estudiantes de nuevo ingreso para el pr\u00f3ximo curso escolar 2018-2019<\/span>\u00a0para los estudiantes de Pre Kinder a Und\u00e9cimo grado <span style=\"text-decoration: underline;\">inicia el lunes, 21 de\u00a0febrero de 2018.<\/span>\u00a0<\/strong><\/p>\n<p><strong>Documentos Necesarios para considerar la admisi\u00f3n de estudiantes nuevos en el Colegio San Agust\u00edn \u2013 *<\/strong><strong>ver reglamento de estudiantes<\/strong><\/p>\n<p><strong>1. Completar la Solicitud de Admisi\u00f3n<\/strong><\/p>\n<p><strong>2. Presentar los siguientes documentos:<\/strong><\/p>\n<ul>\n<li>Transcripci\u00f3n oficial de Cr\u00e9ditos ( tarjeta acumulativa) sellada de\u00a0 la escuela de procedencia<\/li>\n<li>Carta de recomendaci\u00f3n\u00a0 de la escuela de procedencia<\/li>\n<li>Historial de cr\u00e9dito de la escuela de procedencia (oficial y sellada)<\/li>\n<li>Certificado de nacimiento*<em>(se presenta en la entrevista.\u00a0 Colegio no retiene copia)<\/em><\/li>\n<li>Certificado de Vacunas PVAC-3<\/li>\n<li>Certificado de matrimonio de los padres<\/li>\n<li>Prueba Psicom\u00e9trica con recomendaci\u00f3n de ingreso ( Para Pre Kinder y Kinder)<\/li>\n<li>Certificado de Bautismo original<\/li>\n<li>Certificado de comuni\u00f3n ( 4to. al 12mo. grado)<\/li>\n<li>Certificado de Confirmaci\u00f3n (7mo. al 12mo. grado)<\/li>\n<li>Copia de la tarjeta de seguro social del estudiante* <em>(se presenta en la entrevista.\u00a0 Colegio no retiene copia)<\/em><\/li>\n<li>1 retrato 2 x 2 para la tarjeta acumulativa<\/li>\n<\/ul>\n<p><strong>3. Entrevista con\u00a0el (la) Principal\u00a0o el Director (a)\u00a0<\/strong><\/p>\n<p><strong>4. Evidenciar un promedio acad\u00e9mico no menor de 2.50<\/strong><\/p>\n<p><strong>5. Evidenciar una conducta de 90% o m\u00e1s<\/strong><\/p>\n<p>Los padres interesados en matr\u00edcular sus hijos como un nuevo ingreso en el Colegio deben entrevistarse con la Registradora para que sean evaluados sus hijos y puedan ser ubicados en las listas de solicitudes. Los estudiante del nivel secundario (noveno a und\u00e9cimo) se requirir\u00e1 una transcripci\u00f3n de cr\u00e9dito desde octavo grado para ubicarlo en las maetrias correspondientes.\u00a0 Para mayor informaci\u00f3n favor comunicarse a la <em><strong>Oficina de Registradur\u00eda<\/strong><\/em> con la Sra.\u00a0Elizabeth V\u00e9lez al <em><strong>787-851-1950<\/strong><\/em>.<\/p>\n<p><strong><span style=\"text-decoration: underline;\">Importante:<\/span><\/strong><\/p>\n<ol>\n<li>El cumplir con estos requisitos no asegura la admisi\u00f3n al Colegio San Agust\u00edn.<\/li>\n<li>No se consideran solicitudes de estudio para el grado 12.<\/li>\n<li>Un estudiante se considera miembro del Colegio San Agust\u00edn luego de haber completado los documentos de \u00a0\u00a0Matr\u00edcula, recibido la carta de admisi\u00f3n y pagado las cuotas correspondientes.<\/li>\n<li>Nos reservamos el derecho de admisi\u00f3n en todos los grados.<\/li>\n<li>El Colegio se reserva el derecho de admisi\u00f3n de aquellos estudiantes que hallan sido expulsados de otros\u00a0\u00a0Colegios o escuelas por raz\u00f3n de faltas disciplinarias, bajo aprovechamiento acad\u00e9mico, malas relaciones interpersonales con sus maestros o compa\u00f1eros, personal no docente o administrativo.<\/li>\n<\/ol>\n<p><em>No se otorgar\u00e1\u00a0 carta de admisi\u00f3n ni se aceptar\u00e1 el pago de matr\u00edcula hasta tanto se cumpla con todo el proceso de entrega de documentos, entrevistas, evaluaci\u00f3n y admisi\u00f3n.\u00a0 El proceso finaliza con la entrega de la carta de admisi\u00f3n y el pago en la oficina de finanzas<\/em><em>.<\/em><\/p>\n<p><strong><span style=\"text-decoration: underline;\">Visitas a la Escuela<\/span><\/strong><strong> : <\/strong>El Colegio San Agust\u00edn celebrar\u00e1 su <strong>\u201cOPEN HOUSE\u201d <\/strong>para estudiantes y padres interesados en matr\u00edcula de nuevo ingreso para el curso escolar 2018 &#8211; 2019 el <strong>mi\u00e9rcoles, 7 de febrero de 2018.<\/strong>\u00a0 El horario ser\u00e1 de\u00a09:00 a.m. a 1:00 p.m.\u00a0 <em><strong>Adem\u00e1s las familias interesadas podr\u00e1n realizar visitas a la escuela.\u00a0 Favor de llamar para cita. Horario 8:00am a 11:30 am.<\/strong><\/em><\/p>\n<p><em><strong><span style=\"text-decoration: underline;\">Requisitos de ingreso para Pre-kinder y Kinder<\/span>: Los estudiantes de Pre-kinder y Kinder deben cumplir con los siguientes requisitos:<\/strong><\/em><\/p>\n<p><strong>Pre-Kinder:<\/strong> <em>Debe tener 4 a\u00f1os cumplidos en o antes del 30 de septiembre del a\u00f1o en curso.\u00a0 Tendr\u00e1n prioridad los estudiantes que tengan 4 a\u00f1os cumplidos al inicio del a\u00f1o escolar y los que tengan hermanos en otros grados y cumplen\u00a0 con los requisitos.<\/em><\/p>\n<p><strong>Kinder: <\/strong><em>Debe tener 5 a\u00f1os cumplidos en o antes del 30 de septiembre del a\u00f1o en curso.\u00a0 Tendr\u00e1n prioridad los estudiantes que tengan 5 a\u00f1os cumplidos al inicio del a\u00f1o escolar y los que tengan hermanos en otros grados y cumplen con los requisitos.<\/em><\/p>\n<p><strong>*Tendr\u00e1n prioridad en la matr\u00edcula de nuevo ingreso para \u00a0Pre-kinder y Kinder las familias que actualmente tengan hijos\u00a0 estudiando en el Colegio.<\/strong><\/p>\n<p><strong><span style=\"text-decoration: underline;\">Costos de Matr\u00edcula y Mensualidades<\/span><\/strong><strong>: <\/strong>A continuaci\u00f3n los costos de matr\u00edcula y mensualidades para el curso escolar 2018-2019:<\/p>\n<p><strong><span style=\"text-decoration: underline;\">Matr\u00edcula:<\/span>\u00a0<\/strong>(Descuento de $50.00 al tercer hijo o m\u00e1s)<\/p>\n<p>Pre-kinder a octavo (8vo.) grado &#8211; $185.00<\/p>\n<p>Noveno a duod\u00e9cimo grado &#8211; $230.00<\/p>\n<p><strong><span style=\"text-decoration: underline;\">Otros cargos anuales<\/span><\/strong><\/p>\n<ul>\n<li>Cuota de ingreso familiar &#8211; $375.00 (Ingreso por primera vez)<\/li>\n<li>Reingreso &#8211; $275.00<\/li>\n<li>Aportaci\u00f3n familiar anual a mejoras de la planta f\u00edsica &#8211; $110.00 (por familia)<\/li>\n<li>Fondo de Beca &#8211; $15.00 por familia<\/li>\n<li>Asociaci\u00f3n de Padres &#8211; $10.00<\/li>\n<li>Boleto de Mar\u00edcula perdido por el estudiante $5.00<\/li>\n<li>Matr\u00edcula Tard\u00eda en o antes de finalizar el mes de mayo $75.00\n<ul>\n<li>Desde el mes de junio en adelante se cobrar\u00e1 un cargo adicional de $25.00 por cada mes en atrazo a la fecha de matr\u00edcula.,<\/li>\n<\/ul>\n<\/li>\n<\/ul>\n<p><strong><span style=\"text-decoration: underline;\">Mensualidades:<\/span><\/strong><\/p>\n<ul>\n<li>Pre-kinder a octavo grado &#8211; $155.00 (mensual)<\/li>\n<li>Noveno a duod\u00e9cimo grado &#8211; $170.00 (mensual)<\/li>\n<\/ul>\n<p><strong>Extra cuota<\/strong> \u2013 De acuerdo al grado (por estudiante).\u00a0 Ver desglose a continuaci\u00f3n:<\/p>\n<ul>\n<li><span style=\"color: #000080;\"><em>Costo del papel para copias todos los grados $5.00 por estudiante<\/em><\/span><\/li>\n<\/ul>\n<p><strong>Pre Kinder a 8vo<\/strong><\/p>\n<table style=\"height: 804px;\" border=\"1\" width=\"588\" cellspacing=\"0\" cellpadding=\"0\">\n<tbody>\n<tr>\n<td style=\"text-align: center;\" valign=\"top\" width=\"105\">\u00a0<strong>Grado<\/strong><\/p>\n<hr \/>\n<p><b>Extra Cuotas<\/b><\/td>\n<td style=\"text-align: center;\" valign=\"top\" width=\"43\"><strong>PPK,PK y\u00a0<\/strong><strong>kinder<\/strong><\/td>\n<td style=\"text-align: center;\" valign=\"top\" width=\"38\"><strong>1ro.\u00a0\u00a0 <\/strong><\/td>\n<td style=\"text-align: center;\" valign=\"top\" width=\"40\"><strong>2do.<\/strong><\/td>\n<td style=\"text-align: center;\" valign=\"top\" width=\"35\"><strong>3ero.<\/strong><\/td>\n<td style=\"text-align: center;\" valign=\"top\" width=\"35\"><strong>4to.<\/strong><\/td>\n<td style=\"text-align: center;\" valign=\"top\" width=\"35\"><strong>5to.<\/strong><\/td>\n<td style=\"text-align: center;\" valign=\"top\" width=\"36\"><strong>6vo.<\/strong><\/td>\n<td style=\"text-align: center;\" valign=\"top\" width=\"35\"><strong>7mo.<\/strong><\/td>\n<td style=\"text-align: center;\" valign=\"top\" width=\"50\"><strong>8vo.<\/strong><\/td>\n<\/tr>\n<tr>\n<td valign=\"top\" width=\"105\">Cuota Diocesana<\/td>\n<td valign=\"top\" width=\"43\">$25.00<\/td>\n<td valign=\"top\" width=\"38\">$25.00<\/td>\n<td valign=\"top\" width=\"40\">$25.00<\/td>\n<td valign=\"top\" width=\"35\">$25.00<\/td>\n<td valign=\"top\" width=\"35\">$25.00<\/td>\n<td valign=\"top\" width=\"35\">$25.00<\/td>\n<td valign=\"top\" width=\"36\">$25.00<\/td>\n<td valign=\"top\" width=\"35\">$25.00<\/td>\n<td valign=\"top\" width=\"50\">$25.00<\/td>\n<\/tr>\n<tr>\n<td valign=\"top\" width=\"105\">Seguro Escolar<\/td>\n<td valign=\"top\" width=\"43\">$10.00<\/td>\n<td valign=\"top\" width=\"38\">$10.00<\/td>\n<td valign=\"top\" width=\"40\">$10.00<\/td>\n<td valign=\"top\" width=\"35\">$10.00<\/td>\n<td valign=\"top\" width=\"35\">$10.00<\/td>\n<td valign=\"top\" width=\"35\">$10.00<\/td>\n<td valign=\"top\" width=\"36\">$10.00<\/td>\n<td valign=\"top\" width=\"35\">$10.00<\/td>\n<td valign=\"top\" width=\"50\">$10.00<\/td>\n<\/tr>\n<tr>\n<td valign=\"top\" width=\"105\">Biblioteca<\/td>\n<td valign=\"top\" width=\"43\">$5.00<\/td>\n<td valign=\"top\" width=\"38\">$5.00<\/td>\n<td valign=\"top\" width=\"40\">$5.00<\/td>\n<td valign=\"top\" width=\"35\">$5.00<\/td>\n<td valign=\"top\" width=\"35\">$5.00<\/td>\n<td valign=\"top\" width=\"35\">$5.00<\/td>\n<td valign=\"top\" width=\"36\">$5.00<\/td>\n<td valign=\"top\" width=\"35\">$5.00<\/td>\n<td valign=\"top\" width=\"50\">$5.00<\/td>\n<\/tr>\n<tr>\n<td valign=\"top\" width=\"105\">Recursos de Tecnolog\u00eda<\/td>\n<td valign=\"top\" width=\"43\">\n<p style=\"text-align: left;\" align=\"center\">$20.00<\/p>\n<\/td>\n<td valign=\"top\" width=\"38\">$20.00<\/td>\n<td valign=\"top\" width=\"40\">$20.00<\/td>\n<td valign=\"top\" width=\"35\">$20.00<\/td>\n<td valign=\"top\" width=\"35\">$20.00<\/td>\n<td valign=\"top\" width=\"35\">$20.00<\/td>\n<td valign=\"top\" width=\"36\">$20.00<\/td>\n<td valign=\"top\" width=\"35\">$20.00<\/td>\n<td valign=\"top\" width=\"50\">$20.00<\/td>\n<\/tr>\n<tr>\n<td valign=\"top\" width=\"105\">Lab. De Ciencias<\/td>\n<td valign=\"top\" width=\"43\">\u00a0 &#8212;<\/td>\n<td valign=\"top\" width=\"38\">\u00a0 \u00a0&#8212;<\/td>\n<td style=\"text-align: center;\" valign=\"top\" width=\"40\">\u00a0&#8212;<\/td>\n<td valign=\"top\" width=\"35\">\u00a0&#8212;<\/td>\n<td valign=\"top\" width=\"35\">\u00a0&#8212;<\/td>\n<td valign=\"top\" width=\"35\">\u00a0&#8212;<\/td>\n<td valign=\"top\" width=\"36\">\u00a0&#8212;<\/td>\n<td valign=\"top\" width=\"35\">$5.00<\/td>\n<td valign=\"top\" width=\"50\">$5.00<\/td>\n<\/tr>\n<tr>\n<td valign=\"top\" width=\"105\">Graduaci\u00f3n<\/td>\n<td valign=\"top\" width=\"43\">\n<p align=\"center\"><strong>X<\/strong><\/p>\n<\/td>\n<td valign=\"top\" width=\"38\">\u00a0\u00a0\u00a0\u00a0 <strong>X<\/strong><\/td>\n<td valign=\"top\" width=\"40\">\u00a0\u00a0\u00a0\u00a0 <strong>X<\/strong><\/td>\n<td valign=\"top\" width=\"35\">\u00a0\u00a0\u00a0\u00a0 <strong>X<\/strong><\/td>\n<td valign=\"top\" width=\"35\">\u00a0\u00a0\u00a0\u00a0 <strong>X<\/strong><\/td>\n<td valign=\"top\" width=\"35\">\u00a0\u00a0\u00a0\u00a0 <strong>X<\/strong><\/td>\n<td valign=\"top\" width=\"36\">\u00a0\u00a0\u00a0\u00a0 <strong>X<\/strong><\/td>\n<td valign=\"top\" width=\"35\">\u00a0\u00a0\u00a0\u00a0 <strong>X<\/strong><\/td>\n<td valign=\"top\" width=\"50\">$100.00<\/td>\n<\/tr>\n<tr>\n<td valign=\"top\" width=\"105\">Pruebas estandarizadas*<\/td>\n<td valign=\"top\" width=\"43\">\n<p align=\"center\">X<\/p>\n<\/td>\n<td valign=\"top\" width=\"38\">$30.00<\/td>\n<td valign=\"top\" width=\"40\">$30.00<\/td>\n<td valign=\"top\" width=\"35\">$30.00<\/td>\n<td valign=\"top\" width=\"35\">$30.00<\/td>\n<td valign=\"top\" width=\"35\">$30.00<\/td>\n<td valign=\"top\" width=\"36\">$30.00<\/td>\n<td valign=\"top\" width=\"35\">$30.00<\/td>\n<td valign=\"top\" width=\"50\">$30.00<\/td>\n<\/tr>\n<tr>\n<td valign=\"top\" width=\"105\">Programa de Notas (\u201cSkiffer\u201d)<\/td>\n<td valign=\"top\" width=\"43\">\n<p align=\"center\">X<\/p>\n<\/td>\n<td valign=\"top\" width=\"38\">$5.00<\/td>\n<td valign=\"top\" width=\"40\">$5.00<\/td>\n<td valign=\"top\" width=\"35\">$5.00<\/td>\n<td valign=\"top\" width=\"35\">$5.00<\/td>\n<td valign=\"top\" width=\"35\">$5.00<\/td>\n<td valign=\"top\" width=\"36\">$5.00<\/td>\n<td valign=\"top\" width=\"35\">$5.00<\/td>\n<td valign=\"top\" width=\"50\">$5.00<\/td>\n<\/tr>\n<tr>\n<td style=\"text-align: center;\" valign=\"top\" width=\"105\"><strong>\u00a0Total<\/strong><\/td>\n<td valign=\"top\" width=\"43\">$28.00<\/td>\n<td valign=\"top\" width=\"38\">$53.00<\/td>\n<td valign=\"top\" width=\"40\">$53.00<\/td>\n<td valign=\"top\" width=\"35\">$53.00<\/td>\n<td valign=\"top\" width=\"35\">$53.00<\/td>\n<td valign=\"top\" width=\"35\">$53.00<\/td>\n<td valign=\"top\" width=\"36\">$53.00<\/td>\n<td valign=\"top\" width=\"35\">$53.00<\/td>\n<td valign=\"top\" width=\"50\">$123.00<\/td>\n<\/tr>\n<\/tbody>\n<\/table>\n<p><strong>Noveno a duod\u00e9cimo<\/strong><\/p>\n<table style=\"height: 666px;\" border=\"1\" width=\"454\" cellspacing=\"0\" cellpadding=\"0\">\n<tbody>\n<tr>\n<td style=\"text-align: center;\" valign=\"top\" width=\"105\">\u00a0<strong>Grado<\/strong><\/td>\n<td style=\"text-align: center;\" valign=\"top\" width=\"43\"><strong>9no.\u00a0 <\/strong><\/td>\n<td style=\"text-align: center;\" valign=\"top\" width=\"43\"><strong>10mo<\/strong><\/td>\n<td style=\"text-align: center;\" valign=\"top\" width=\"35\"><strong>11mo.<\/strong><\/td>\n<td style=\"text-align: center;\" valign=\"top\" width=\"43\"><strong>12mo.<\/strong><\/td>\n<\/tr>\n<tr>\n<td valign=\"top\" width=\"105\">Cuota Diocesana<\/td>\n<td valign=\"top\" width=\"43\">$25.00<\/td>\n<td valign=\"top\" width=\"43\">$25.00<\/td>\n<td valign=\"top\" width=\"35\">$25.00<\/td>\n<td valign=\"top\" width=\"43\">$25.00<\/td>\n<\/tr>\n<tr>\n<td valign=\"top\" width=\"105\">Seguro Escolar<\/td>\n<td valign=\"top\" width=\"43\">$10.00<\/td>\n<td valign=\"top\" width=\"43\">$10.00<\/td>\n<td valign=\"top\" width=\"35\">$10.00<\/td>\n<td valign=\"top\" width=\"43\">$10.00<\/td>\n<\/tr>\n<tr>\n<td valign=\"top\" width=\"105\">Biblioteca<\/td>\n<td valign=\"top\" width=\"43\">$5.00<\/td>\n<td valign=\"top\" width=\"43\">$5.00<\/td>\n<td valign=\"top\" width=\"35\">$5.00<\/td>\n<td valign=\"top\" width=\"43\">$5.00<\/td>\n<\/tr>\n<tr>\n<td valign=\"top\" width=\"105\">Recursos de Tecnolog\u00eda<\/td>\n<td valign=\"top\" width=\"43\">$20.00<\/td>\n<td valign=\"top\" width=\"43\">$20.00<\/td>\n<td valign=\"top\" width=\"35\">$20.00<\/td>\n<td valign=\"top\" width=\"43\">$20.00<\/td>\n<\/tr>\n<tr>\n<td valign=\"top\" width=\"105\">Lab. De Ciencias<\/td>\n<td valign=\"top\" width=\"43\">$5.00<\/td>\n<td valign=\"top\" width=\"43\">$5.00<\/td>\n<td style=\"text-align: center;\" valign=\"top\" width=\"35\"><strong>X<\/strong><\/td>\n<td valign=\"top\" width=\"43\">$5.00<\/td>\n<\/tr>\n<tr>\n<td valign=\"top\" width=\"105\">Graduaci\u00f3n<\/td>\n<td valign=\"top\" width=\"43\">\u00a0\u00a0\u00a0 <strong>X<\/strong><\/td>\n<td valign=\"top\" width=\"43\">\u00a0\u00a0\u00a0 <strong>X<\/strong><\/td>\n<td valign=\"top\" width=\"35\">\u00a0\u00a0\u00a0 <strong>X<\/strong><\/td>\n<td valign=\"top\" width=\"43\">$120.00<\/td>\n<\/tr>\n<tr>\n<td valign=\"top\" width=\"105\">Pruebas estandarizadas*\/Prueba vocacional (12mo.)*<\/td>\n<td valign=\"top\" width=\"43\">$30.00<\/td>\n<td valign=\"top\" width=\"43\">$30.00<\/td>\n<td valign=\"top\" width=\"35\">$30.00<\/td>\n<td valign=\"top\" width=\"43\">$30.00<\/td>\n<\/tr>\n<tr>\n<td valign=\"top\" width=\"105\">Programa de Notas (\u201cSkiffer\u201d)<\/td>\n<td valign=\"top\" width=\"43\">$5.00<\/td>\n<td valign=\"top\" width=\"43\">$5.00<\/td>\n<td valign=\"top\" width=\"35\">$5.00<\/td>\n<td valign=\"top\" width=\"43\">$5.00<\/td>\n<\/tr>\n<tr>\n<td style=\"text-align: center;\" valign=\"top\" width=\"105\"><strong>Total<\/strong><\/td>\n<td valign=\"top\" width=\"43\">$105.00<\/td>\n<td valign=\"top\" width=\"43\">$105.00<\/td>\n<td valign=\"top\" width=\"35\">$100.00<\/td>\n<td valign=\"top\" width=\"43\">$225.00<\/td>\n<\/tr>\n<\/tbody>\n<\/table>\n<p><strong>Pruebas estandarizadas de aprovechamiento:<\/strong><\/p>\n<p>Las pruebas estandarizadas de aprovechamiento son una serie de instrumentos preparados revisados\u00a0 y renovados de forma gradual y sistem\u00e1tica conforme a las gu\u00edas curriculares, los est\u00e1ndares educativos del Departamento de Educaci\u00f3n de Puerto Rico y siguiendo los niveles de desarrollo de las escuelas del pa\u00eds.\u00a0 Las pruebas son administradas\u00a0 por personal examinador externo al Colegio San Agust\u00edn, procurando\u00a0 mantener un estricto control de variables y optimizando la estandarizaci\u00f3n del proceso.\u00a0 Como instrumento de evaluaci\u00f3n externa, los resultados proveen un cuadro general de las fortalezas y debilidades b\u00e1sicas del estudiante.<strong> (Informaci\u00f3n suministrada por Learn Aid)<\/strong><\/p>\n<p>Para el curso escolar 2011-2012 hemos seleccionado a la <strong><em>Compa\u00f1\u00eda Learn Aid<\/em><\/strong> para llevar a cabo este proceso.\u00a0 Las pruebas est\u00e1n pautadas para llevarse a cabo durante el primer semestre.\u00a0 Todos los grupos desde el primer grado hasta el und\u00e9cimo grado tomar\u00e1n la prueba. Los estudiantes del duod\u00e9cimo grado tomar\u00e1n una prueba vocacional durante ese d\u00eda administrado por la misma compa\u00f1\u00eda.<\/p>\n<p><strong><span style=\"text-decoration: underline;\">Hor<\/span><\/strong><strong><span style=\"text-decoration: underline;\">ario Extendido<\/span><\/strong><\/p>\n<p>Nuestro Colegio ofrece el programa de horario extendido de 1:30 p.m. a 4:30 p.m. (lunes a viernes).<\/p>\n<p>El mismo incluye los siguientes servicios:<\/p>\n<ul>\n<li>Cuido<\/li>\n<li>Supervisi\u00f3n de Tareas<\/li>\n<li>Tutor\u00edas<\/li>\n<li>Programa Deportivo<\/li>\n<\/ul>\n<p>Para detalles de costos favor verificar los documentos de matr\u00edcula.<\/p>\n<p><a href=\"http:\/\/www.colegiosanagustincaborojo.com\/wp-content\/uploads\/2012\/02\/Selecci\u00f3n-M\u00e9todo-Pago-CSA-2012-13.pdf\"><img loading=\"lazy\" decoding=\"async\" class=\" wp-image-537 alignnone\" title=\"PDF\" src=\"http:\/\/www.colegiosanagustincaborojo.com\/wp-content\/uploads\/2012\/01\/PDF.png\" alt=\"\" width=\"38\" height=\"38\" \/>Selecci\u00f3n M\u00e9todo Pago CSA 2012-2013<\/a><\/p>\n<p><a href=\"http:\/\/www.colegiosanagustincaborojo.com\/wp-content\/uploads\/2012\/02\/Selecci\u00f3n-M\u00e9todo-Pago-CSA-2012-13.pdf\"><img loading=\"lazy\" decoding=\"async\" title=\"PDF\" src=\"http:\/\/www.colegiosanagustincaborojo.com\/wp-content\/uploads\/2012\/01\/PDF.png\" alt=\"\" width=\"38\" height=\"38\" \/><\/a><a href=\"http:\/\/www.colegiosanagustincaborojo.com\/wp-content\/uploads\/2012\/02\/Certificacion-M\u00e9dica-CSA-2012-13.pdf\">Certificacion M\u00e9dica CSA 2012-2013<\/a><\/p>\n<p><a href=\"http:\/\/www.colegiosanagustincaborojo.com\/wp-content\/uploads\/2012\/02\/Selecci\u00f3n-M\u00e9todo-Pago-CSA-2012-13.pdf\"><img loading=\"lazy\" decoding=\"async\" title=\"PDF\" src=\"http:\/\/www.colegiosanagustincaborojo.com\/wp-content\/uploads\/2012\/01\/PDF.png\" alt=\"\" width=\"38\" height=\"38\" \/><\/a><a href=\"http:\/\/www.colegiosanagustincaborojo.com\/wp-content\/uploads\/2012\/02\/Estudio-Socioecon\u00f3mico-CSA-2012-13.pdf\">Estudio Socioecon\u00f3mico CSA 2012-2013<\/a><\/p>\n<p><a href=\"http:\/\/www.colegiosanagustincaborojo.com\/wp-content\/uploads\/2012\/02\/Selecci\u00f3n-M\u00e9todo-Pago-CSA-2012-13.pdf\"><img loading=\"lazy\" decoding=\"async\" title=\"PDF\" src=\"http:\/\/www.colegiosanagustincaborojo.com\/wp-content\/uploads\/2012\/01\/PDF.png\" alt=\"\" width=\"38\" height=\"38\" \/><\/a><a href=\"http:\/\/www.colegiosanagustincaborojo.com\/wp-content\/uploads\/2012\/02\/Consentimiento-Ley-FERPA.pdf\">Consentimiento Ley FERPA<\/a><\/p>\n<p><a href=\"http:\/\/www.colegiosanagustincaborojo.com\/wp-content\/uploads\/2012\/02\/Selecci\u00f3n-M\u00e9todo-Pago-CSA-2012-13.pdf\"><img loading=\"lazy\" decoding=\"async\" title=\"PDF\" src=\"http:\/\/www.colegiosanagustincaborojo.com\/wp-content\/uploads\/2012\/01\/PDF.png\" alt=\"\" width=\"38\" height=\"38\" \/><\/a><a href=\"http:\/\/www.colegiosanagustincaborojo.com\/wp-content\/uploads\/2012\/02\/Solicitud-de-matricula-CSA-2012-13.pdf\">Solicitud de matricula CSA 2012-2013<\/a><\/p>\n","protected":false},"excerpt":{"rendered":"<p>\u00a1La paz y la alegr\u00eda de Jesucristo, Verdadero Dios y Verdadero Hombre est\u00e9n con cada uno de ustedes! En nombre &hellip; <\/p>\n","protected":false},"author":1,"featured_media":0,"parent":0,"menu_order":0,"comment_status":"open","ping_status":"open","template":"","meta":{"footnotes":""},"class_list":["post-564","page","type-page","status-publish","hentry"],"_links":{"self":[{"href":"http:\/\/www.colegiosanagustincaborojo.com\/index.php?rest_route=\/wp\/v2\/pages\/564","targetHints":{"allow":["GET"]}}],"collection":[{"href":"http:\/\/www.colegiosanagustincaborojo.com\/index.php?rest_route=\/wp\/v2\/pages"}],"about":[{"href":"http:\/\/www.colegiosanagustincaborojo.com\/index.php?rest_route=\/wp\/v2\/types\/page"}],"author":[{"embeddable":true,"href":"http:\/\/www.colegiosanagustincaborojo.com\/index.php?rest_route=\/wp\/v2\/users\/1"}],"replies":[{"embeddable":true,"href":"http:\/\/www.colegiosanagustincaborojo.com\/index.php?rest_route=%2Fwp%2Fv2%2Fcomments&post=564"}],"version-history":[{"count":10,"href":"http:\/\/www.colegiosanagustincaborojo.com\/index.php?rest_route=\/wp\/v2\/pages\/564\/revisions"}],"predecessor-version":[{"id":1323,"href":"http:\/\/www.colegiosanagustincaborojo.com\/index.php?rest_route=\/wp\/v2\/pages\/564\/revisions\/1323"}],"wp:attachment":[{"href":"http:\/\/www.colegiosanagustincaborojo.com\/index.php?rest_route=%2Fwp%2Fv2%2Fmedia&parent=564"}],"curies":[{"name":"wp","href":"https:\/\/api.w.org\/{rel}","templated":true}]}}