{"id":53,"date":"2011-07-11T20:19:22","date_gmt":"2011-07-11T20:19:22","guid":{"rendered":"http:\/\/localhost\/groobe\/websites\/sanagustin\/?page_id=53"},"modified":"2011-09-05T18:55:17","modified_gmt":"2011-09-05T22:55:17","slug":"secundaria","status":"publish","type":"page","link":"http:\/\/www.colegiosanagustincaborojo.com\/?page_id=53","title":{"rendered":"Secundaria"},"content":{"rendered":"<p>Cada clase b\u00e1sica contar\u00e1 con un tiempo m\u00ednimo de 250 minutos semanales como requisito.<\/p>\n<p>&nbsp;<\/p>\n<h2><span class=\"Apple-style-span\" style=\"font-size: 20px; font-weight: bold;\"><strong>Grados 7-8 (se ha de cumplir con 14 cr\u00e9ditos o m\u00e1s)<\/strong><\/span><\/h2>\n<p>S\u00e9ptimo:<\/p>\n<ul>\n<li><em>Religi\u00f3n<\/em><\/li>\n<li><em>Espa\u00f1ol<\/em><\/li>\n<li><em>Ingl\u00e9s<\/em><\/li>\n<li><em>Matem\u00e1tica general<\/em><\/li>\n<li><em>Historia de Puerto Rico<\/em><\/li>\n<li><em>Introducci\u00f3n a la Biolog\u00eda<\/em><\/li>\n<li><em>Educaci\u00f3n F\u00edsica<\/em><\/li>\n<li><em>Ingl\u00e9s Conversacional<\/em><\/li>\n<li><em>Econom\u00eda Dom\u00e9stica<\/em><\/li>\n<li><em>Coro (electiva opcional)<\/em><\/li>\n<\/ul>\n<div>Octavo:<\/div>\n<div>\n<ul>\n<li><em>Religi\u00f3n<\/em><\/li>\n<li><em>Espa\u00f1ol<\/em><\/li>\n<li><em>Ingl\u00e9s<\/em><\/li>\n<li><em>Pre &#8211; \u00c1lgebra<\/em><\/li>\n<li><em>Historia de Am\u00e9rica<\/em><\/li>\n<li><em>Ciencias Terrestres<\/em><\/li>\n<li><em>Educaci\u00f3n F\u00edsica<\/em><\/li>\n<li><em>Ingl\u00e9s Conversacional<\/em><\/li>\n<li><em>Salud\u00a0<\/em><\/li>\n<li><em><em><em>Coro (electiva opcional)<\/em><\/em><\/em><\/li>\n<\/ul>\n<\/div>\n<h2><\/h2>\n<h2><\/h2>\n<h2><\/h2>\n<h2><\/h2>\n<h2><\/h2>\n<h2><strong>Grados 9-10<\/strong><\/h2>\n<p>Noveno:<\/p>\n<ul>\n<li><em>\u00c9tica y Moral I<\/em><\/li>\n<li><em>Espa\u00f1ol<\/em><\/li>\n<li><em>Ingl\u00e9s<\/em><\/li>\n<li><em>\u00c1lgebra I<\/em><\/li>\n<li><em>Historia del Mundo<\/em><\/li>\n<li><em>Introducci\u00f3n a la F\u00edsica<\/em><\/li>\n<li><em>Educaci\u00f3n F\u00edsica\u00a0<\/em><\/li>\n<li><em>Ingl\u00e9s Conversacional (electiva)<\/em><\/li>\n<li><em>Coro (electiva opcional)<\/em><\/li>\n<\/ul>\n<div>D\u00e9cimo:<\/div>\n<div>\n<ul>\n<li><em>\u00c9tica y Moral II<\/em><\/li>\n<li><em>Espa\u00f1ol<\/em><\/li>\n<li><em>Ingl\u00e9s<\/em><\/li>\n<li><em>Geometr\u00eda<\/em><\/li>\n<li><em>Historia de Puerto Rico<\/em><\/li>\n<li><em>Biolog\u00eda<\/em><\/li>\n<li><em>Educaci\u00f3n F\u00edsica<\/em><\/li>\n<li><em>Salud (electiva)<\/em><\/li>\n<li><em>Coro (electiva opcional)<\/em><\/li>\n<\/ul>\n<h2><\/h2>\n<h2><\/h2>\n<h2><\/h2>\n<h2><\/h2>\n<h2><\/h2>\n<h2><strong>Grados 11-12<\/strong><\/h2>\n<p>Und\u00e9cimo:<\/p>\n<ul>\n<li><em>\u00c9tica y Moral III<\/em><\/li>\n<li><em>Espa\u00f1ol<\/em><\/li>\n<li><em>Ingl\u00e9s<\/em><\/li>\n<li><em>Geometr\u00eda<\/em><\/li>\n<li><em>Historia de Estados Unidos<\/em><\/li>\n<li><em>Qu\u00edmica<\/em><\/li>\n<li><em>Educaci\u00f3n f\u00edsica<\/em><\/li>\n<li><em>Electivas: \u00a0Computadora, Cocina, Artes Manuales o Coro<\/em><\/li>\n<\/ul>\n<p>Duod\u00e9cimo:<\/p>\n<ul>\n<li><em>\u00c9tica y Moral IV<\/em><\/li>\n<li><em>Espa\u00f1ol Regular o Avanzado *<\/em><\/li>\n<li><em>Ingl\u00e9s Regular o Avanzado *<\/em><\/li>\n<li><em>Pre-C\u00e1lculo * o \u00c1lgebra III<\/em><\/li>\n<li><em>Pol\u00edtica \/ Econom\u00eda<\/em><\/li>\n<li><em>Educaci\u00f3n F\u00edsica<\/em><\/li>\n<li><em>Electivas: \u00a0Ciencias Ambientales, Apreciaci\u00f3n Musical, Fisiolog\u00eda, o Coro<\/em><\/li>\n<\/ul>\n<div><em>*\u00a0<\/em><strong>La participaci\u00f3n en cursos avanzados depender\u00e1 del promedio del estudiante en la materia, la puntuaci\u00f3n del examen de admisi\u00f3n al curso y la recomendaci\u00f3n del maestro. \u00a0No se admitir\u00e1 en cursos avanzados a estudiantes que no hayan tomado el examen de ubicaci\u00f3n.\u00a0<\/strong><\/div>\n<\/div>\n<div><strong><br \/>\n<\/strong><\/div>\n","protected":false},"excerpt":{"rendered":"<p>Cada clase b\u00e1sica contar\u00e1 con un tiempo m\u00ednimo de 250 minutos semanales como requisito. &nbsp; Grados 7-8 (se ha de &hellip; <\/p>\n","protected":false},"author":1,"featured_media":0,"parent":0,"menu_order":0,"comment_status":"open","ping_status":"open","template":"","meta":{"footnotes":""},"class_list":["post-53","page","type-page","status-publish","hentry"],"_links":{"self":[{"href":"http:\/\/www.colegiosanagustincaborojo.com\/index.php?rest_route=\/wp\/v2\/pages\/53","targetHints":{"allow":["GET"]}}],"collection":[{"href":"http:\/\/www.colegiosanagustincaborojo.com\/index.php?rest_route=\/wp\/v2\/pages"}],"about":[{"href":"http:\/\/www.colegiosanagustincaborojo.com\/index.php?rest_route=\/wp\/v2\/types\/page"}],"author":[{"embeddable":true,"href":"http:\/\/www.colegiosanagustincaborojo.com\/index.php?rest_route=\/wp\/v2\/users\/1"}],"replies":[{"embeddable":true,"href":"http:\/\/www.colegiosanagustincaborojo.com\/index.php?rest_route=%2Fwp%2Fv2%2Fcomments&post=53"}],"version-history":[{"count":8,"href":"http:\/\/www.colegiosanagustincaborojo.com\/index.php?rest_route=\/wp\/v2\/pages\/53\/revisions"}],"predecessor-version":[{"id":496,"href":"http:\/\/www.colegiosanagustincaborojo.com\/index.php?rest_route=\/wp\/v2\/pages\/53\/revisions\/496"}],"wp:attachment":[{"href":"http:\/\/www.colegiosanagustincaborojo.com\/index.php?rest_route=%2Fwp%2Fv2%2Fmedia&parent=53"}],"curies":[{"name":"wp","href":"https:\/\/api.w.org\/{rel}","templated":true}]}}