{"id":45,"date":"2011-07-11T20:18:04","date_gmt":"2011-07-11T20:18:04","guid":{"rendered":"http:\/\/localhost\/groobe\/websites\/sanagustin\/?page_id=45"},"modified":"2025-05-15T14:01:21","modified_gmt":"2025-05-15T18:01:21","slug":"academicos","status":"publish","type":"page","link":"http:\/\/www.colegiosanagustincaborojo.com\/?page_id=45","title":{"rendered":"Acad\u00e9micos"},"content":{"rendered":"<h2><strong>Acad\u00e9mico (1-12)<\/strong><\/h2>\n<p>1.&nbsp;&nbsp;&nbsp;&nbsp;&nbsp; Pruebas escritas y orales &#8211; (m\u00ednimo de tres (3) por trimestre)<\/p>\n<p>2.&nbsp;&nbsp;&nbsp;&nbsp;&nbsp; Pruebas cortas &#8211; (suma de no menos de cuatro (4))<\/p>\n<p>3.&nbsp;&nbsp;&nbsp;&nbsp;&nbsp; Informes escritos y orales<\/p>\n<p>4.&nbsp;&nbsp;&nbsp;&nbsp;&nbsp; Asignaciones<\/p>\n<p>5.&nbsp;&nbsp;&nbsp;&nbsp;&nbsp; Trabajos de investigaci\u00f3n &#8211; (con criterios establecidos)<\/p>\n<p>6.&nbsp;&nbsp;&nbsp;&nbsp;&nbsp; Trabajo diario<\/p>\n<p>7.&nbsp;&nbsp;&nbsp;&nbsp;&nbsp; Proyectos especiales &#8211; (con criterios establecidos)<\/p>\n<p>8.&nbsp;&nbsp;&nbsp;&nbsp;&nbsp; Portafolios (con criterios establecidos)<\/p>\n<p>9.&nbsp;&nbsp;&nbsp;&nbsp;&nbsp; Laboratorios<\/p>\n<p>10.&nbsp;&nbsp; Libreta de clases<\/p>\n<p>&nbsp;<\/p>\n<p><strong>Criterios a utilizar para la correcci\u00f3n de la libreta de los estudiantes<\/strong><\/p>\n<p>La correcci\u00f3n del trabajo diario de los estudiantes en la libreta de clases, puede ser uno de los criterios a utilizarse para la evaluaci\u00f3n del progreso acad\u00e9mico del mismo.&nbsp; Sin embargo, como todo instrumento de evaluaci\u00f3n, el mismo debe tener unos criterios claros y que sean conocidos por los estudiantes con anterioridad a la entrega de la misma para la correspondiente evaluaci\u00f3n.<\/p>\n<p>Creemos que la correcci\u00f3n de la libreta debe ser parte del un proceso formativo del estudiante, que debe ir m\u00e1s all\u00e1 de que el estudiante tome o no notas en la clase.&nbsp; Hay que recordar que existen diferentes estilos de aprendizaje y que debemos tomar en consideraci\u00f3n estas diferencias al momento de evaluar a los estudiantes.<\/p>\n<p>&nbsp;<\/p>\n<p><em>Dentro de los criterios que deben ser establecidos y conocidos por los estudiantes y padres deben estar los siguientes:<\/em><\/p>\n<p>1.&nbsp;Se debe dar a conocer a los estudiantes al inicio del curso escolar &nbsp;que uno de los instrumentos a utilizar en la evaluaci\u00f3n del aprovechamiento acad\u00e9mico es la libreta de clase diaria.<\/p>\n<p>2.&nbsp;Los criterios para la evaluaci\u00f3n de la libreta deben ser dados por escrito a los estudiantes.<\/p>\n<p>3.&nbsp;Los criterios para la evaluaci\u00f3n de la misma deben ser:&nbsp; limpieza, organizaci\u00f3n, caligraf\u00eda, seguir instrucciones, etc.<\/p>\n<p>4.&nbsp;La puntuaci\u00f3n total minima de la libreta debe ser de 15 y la m\u00e1xima de 25 puntos por cada per\u00edodo de 10 semanas.<\/p>\n<p>5.&nbsp;La fecha de entrega de la libreta debe ser anunciada con tiempo.<\/p>\n<p>Los criterios establecidos no impiden que el maestro otorgue aparte una nota por trabajos (asignaciones, preguntas, informes escritos), que se solicite a los estudiantes contesten en la libreta.&nbsp; Los mismos ser\u00e1n anotados en el \u201cRoll Book\u201d como trabajo en la libreta, as\u00ed como el tema del mismo y la puntuaci\u00f3n que corresponde.<\/p>\n<p>&nbsp;<\/p>\n<h2><strong>Sistema de Calificaciones<\/strong><\/h2>\n<p>Se entregar\u00e1 un Informe de Notas al padre, madre o encargado(a) de cada estudiante.&nbsp; Este ser\u00e1 responsable de firmar y devolver el informe &nbsp;dentro &nbsp;de &nbsp;los pr\u00f3ximos dos d\u00edas laborables. &nbsp;La p\u00e9rdida del Informe de Notas del estudiante conllevar\u00e1 un cargo de $5.00, de no efectuar el pago no se repondr\u00e1 la tarjeta (informe).<\/p>\n<ul>\n<li>En los grados pre-kinder y kinder se enviar\u00e1n las notas dos veces al a\u00f1o (enero-mayo).<\/li>\n<li>En primer grado se enviar\u00e1n tres veces al a\u00f1o (enero, marzo, mayo)<\/li>\n<li>En los grados 2-12 se entregar\u00e1n las notas a los padres cuatro veces al a\u00f1o, seg\u00fan el calendario escolar. &nbsp;En el mismo informe recibir\u00e1n la calificaci\u00f3n por la conducta.<\/li>\n<\/ul>\n<p>El padre, madre o encargado(a) debe entrevistarse con el &nbsp;maestro para dialogar sobre los resultados del aprovechamiento y conducta de sus hijos(as) antes de finalizar cada semestre escolar.<\/p>\n<p>&nbsp;<\/p>\n<p><em>En las clases donde no se utilizan por cientos, se utilizar\u00e1&nbsp; MS, S y NS.<\/em><\/p>\n<p>MS = Muy satisfactorio 100 \u2014 90<\/p>\n<p>S&nbsp;&nbsp;&nbsp; = Satisfactorio &nbsp;&nbsp;89 \u2014 70<\/p>\n<p>NS = No satisfactorio &nbsp;&nbsp;69 \u2014&nbsp; 0<\/p>\n<p>&nbsp;<\/p>\n<p><em>La nota de cada semestre en los grados 7-12 se obtendr\u00e1 como sigue:<\/em><\/p>\n<p>primeras 10 semanas&nbsp; = 40%<\/p>\n<p>segundas 10 semanas = 40%<\/p>\n<p>examen final (semestre) = 20%<\/p>\n<ul>\n<li>Es responsabilidad de cada maestro informar por escrito a los padres o encargados cuando sea necesario, sobre el progreso acad\u00e9mico y la conducta de los estudiantes. &nbsp;Los padres deben solicitar cita a los maestros para dialogar sobre el asunto. Los padres nunca deben visitar a los maestros sin la autorizaci\u00f3n escrita de la Directora o representante.<\/li>\n<li>Todo estudiante de 9-12 grado que obtenga F en una asignatura repetir\u00e1 la clase.<\/li>\n<li>La asignatura donde el estudiante de los grados 9-12 fracase, tendr\u00e1 que tomarla en cursos de verano antes de comenzar el nuevo a\u00f1o escolar. &nbsp;Si fracasa en tres (3) asignaturas o m\u00e1s, repetir\u00e1 el a\u00f1o y no podr\u00e1 continuar en el colegio.<\/li>\n<li>Los estudiantes de los grados 1-8 que fracasen en dos asignaturas ser\u00e1n retenidos en el grado, no importa el promedio general obtenido.&nbsp; Se recomienda cambiar de escuela.<\/li>\n<\/ul>\n<p>&nbsp;<\/p>\n<h2><strong>Sistema de Notas<\/strong><\/h2>\n<ul>\n<li>Para determinar la evaluaci\u00f3n de cada estudiante de los grados 1-12 en las materias acad\u00e9micas se utilizar\u00e1 la siguiente escala de calificaciones:<\/li>\n<\/ul>\n<p>100-90 &nbsp;&nbsp;&#8211; A &#8211; Excelencia<\/p>\n<p>89-80&nbsp; &nbsp;&#8211; B &#8211; Bueno<\/p>\n<p>79-70&nbsp; &nbsp;&#8211; C &#8211; Regular<\/p>\n<p>69-60&nbsp; &nbsp;&#8211; D &#8211; Deficiente<\/p>\n<p>59-0 &nbsp;&nbsp;&nbsp;&#8211; F &nbsp;&#8211; Fracaso<\/p>\n<ul>\n<li>Para obtener los Altos Honores y Honores de la clase graduanda de octavo grado se tomar\u00e1 en consideraci\u00f3n el promedio general obtenido en s\u00e9ptimo y octavo<\/li>\n<\/ul>\n<p>4.00 &#8211; 3.75 = Alto Honor<\/p>\n<p>3.74 &#8211; 3.50 = Honor<\/p>\n<ul>\n<li>Para obtener los Altos Honores y Honores de la clase graduanda de cuarto a\u00f1o se tomar\u00e1 en consideraci\u00f3n el promedio general obtenido en de noveno a duod\u00e9cimo<\/li>\n<\/ul>\n<p>4.00 &#8211; 3.75 = Alto Honor<\/p>\n<p>3.74 &#8211; 3.50 = Honor<\/p>\n<p>&nbsp;<\/p>\n<p><span class=\"Apple-style-span\" style=\"font-size: 20px; font-weight: bold;\"><strong>Reconocimientos<\/strong><\/span><\/p>\n<p>1. Cuadro de Honor (Honor Roll):<\/p>\n<ul>\n<li>Ser\u00e1n los estudiantes con una calificaci\u03ccn de 100\u201490 en las asignaturas acad\u00e9micas. &nbsp;Este premio lo otorgar\u00e1 la administraci\u00f3n del colegio en ceremonia especial. (D\u00eda de Logros)<\/li>\n<\/ul>\n<p>2. Otros premios<\/p>\n<ul>\n<li>Al finalizar las clases los maestros reconocer\u00e1n a sus estudiantes en la \u00faltima actividad del a\u00f1o en sus respectivos salones hogares. &nbsp;Entregar\u00e1n todos los reconocimientos que consideren pertinentes. &nbsp;Los que no tienen sal\u00f3n hogar pueden hacer reconocimiento en esa actividad de cada sal\u00f3n hogar. &nbsp;Se sugiere que reconozcan los siguientes aspectos:<\/li>\n<\/ul>\n<p>&#8211; superaci\u00f3n<\/p>\n<p>&#8211; puntualidad (nunca llega tarde)<\/p>\n<p>&#8211; esfuerzo<\/p>\n<p>&#8211; apariencia personal<\/p>\n<p>&#8211; asistencia perfecta<\/p>\n<p>&#8211; otros<\/p>\n<p>&nbsp;<\/p>\n","protected":false},"excerpt":{"rendered":"<p>Acad\u00e9mico (1-12) 1.&nbsp;&nbsp;&nbsp;&nbsp;&nbsp; Pruebas escritas y orales &#8211; (m\u00ednimo de tres (3) por trimestre) 2.&nbsp;&nbsp;&nbsp;&nbsp;&nbsp; Pruebas cortas &#8211; (suma de &hellip; <\/p>\n","protected":false},"author":1,"featured_media":0,"parent":0,"menu_order":0,"comment_status":"closed","ping_status":"open","template":"","meta":{"footnotes":""},"class_list":["post-45","page","type-page","status-publish","hentry"],"_links":{"self":[{"href":"http:\/\/www.colegiosanagustincaborojo.com\/index.php?rest_route=\/wp\/v2\/pages\/45","targetHints":{"allow":["GET"]}}],"collection":[{"href":"http:\/\/www.colegiosanagustincaborojo.com\/index.php?rest_route=\/wp\/v2\/pages"}],"about":[{"href":"http:\/\/www.colegiosanagustincaborojo.com\/index.php?rest_route=\/wp\/v2\/types\/page"}],"author":[{"embeddable":true,"href":"http:\/\/www.colegiosanagustincaborojo.com\/index.php?rest_route=\/wp\/v2\/users\/1"}],"replies":[{"embeddable":true,"href":"http:\/\/www.colegiosanagustincaborojo.com\/index.php?rest_route=%2Fwp%2Fv2%2Fcomments&post=45"}],"version-history":[{"count":9,"href":"http:\/\/www.colegiosanagustincaborojo.com\/index.php?rest_route=\/wp\/v2\/pages\/45\/revisions"}],"predecessor-version":[{"id":2414,"href":"http:\/\/www.colegiosanagustincaborojo.com\/index.php?rest_route=\/wp\/v2\/pages\/45\/revisions\/2414"}],"wp:attachment":[{"href":"http:\/\/www.colegiosanagustincaborojo.com\/index.php?rest_route=%2Fwp%2Fv2%2Fmedia&parent=45"}],"curies":[{"name":"wp","href":"https:\/\/api.w.org\/{rel}","templated":true}]}}