{"id":356,"date":"2011-08-16T20:34:36","date_gmt":"2011-08-17T00:34:36","guid":{"rendered":"http:\/\/www.colegiosanagustincaborojo.com\/?page_id=356"},"modified":"2011-09-05T16:38:56","modified_gmt":"2011-09-05T20:38:56","slug":"metas-y-objetivos","status":"publish","type":"page","link":"http:\/\/www.colegiosanagustincaborojo.com\/?page_id=356","title":{"rendered":"Metas y Objetivos"},"content":{"rendered":"<h2><strong>Metas<\/strong><\/h2>\n<p>1.\u00a0Formar hombres y mujeres con valores cristianos que puedan desarrollarse de acuerdo a las sabias ense\u00f1anzas del Evangelio y nuestro patr\u00f3n San Agust\u00edn.<\/p>\n<p>2.\u00a0Crear un ambiente con las condiciones adecuadas para educar individuos con personalidades capaces de tomar decisiones con libertad y firmeza a la luz de los principios cat\u00f3licos.<\/p>\n<p>3.\u00a0Fomentar una atm\u00f3sfera adecuada que sea propicia para educar la mente y la voluntad de nuestros alumnos, de manera que puedan desarrollar sus habilidades intelectuales, f\u00edsicas y sociales de acuerdo a sus talentos y aptitudes.<\/p>\n<p>4.\u00a0Crear un ambiente donde se pueda lograr un trabajo acad\u00e9mico de excelencia.<\/p>\n<p>5.\u00a0Fomentar un ambiente de confianza donde los padres, maestros, estudiantes, personal no docente y la administraci\u00f3n trabajen en armon\u00eda.<\/p>\n<p>6.\u00a0Mantener al personal docente a la vanguardia en las t\u00e9cnicas y nuevos m\u00e9todos pedag\u00f3gicos de la ense\u00f1anza.<\/p>\n<p>&nbsp;<\/p>\n<h2><strong>Objetivos<\/strong><\/h2>\n<p>En nuestro colegio contamos con unos objetivos claramente definidos para educar integralmente a nuestros estudiantes, poniendo \u00e9nfasis en la formaci\u00f3n religiosa. \u00a0Se tiene \u00a0bien presente el deber ineludible y urgente de ser modelo de excelencia y de madurez cristiana, en todos sus manifestaciones.<\/p>\n<p>Nos proponemos alcanzar las metas propuestas tomando en consideraci\u00f3n los siguientes objetivos:<\/p>\n<p>1.\u00a0Educar integralmente a los estudiantes desarrollando sus capacidades hasta el l\u00edmite de sus posibilidades, enfatizando la formaci\u00f3n religiosa.<\/p>\n<p>2.\u00a0Actualizar el curr\u00edculo de todos los grados y materias para que se cumpla con las necesidades de nuestros estudiantes.<\/p>\n<p>3.\u00a0Orientar y capacitar a los maestros en las diferentes \u00e1reas de acuerdo a sus necesidades profesionales.<\/p>\n<p>4.\u00a0Participar de propuestas federales que ayuden a los estudiantes a enriquecer el curr\u00edculo en las diferentes \u00e1reas program\u00e1ticas.<\/p>\n<p>5.\u00a0Fomentar la participaci\u00f3n de padres, maestros y personal no docente en la gesti\u00f3n educativa para satisfacer las necesidades de nuestros alumnos.<\/p>\n<p>6.\u00a0Dirigir a los estudiantes en el uso y manejo de las computadoras y el Internet, integrado a las materias b\u00e1sicas.<\/p>\n<p>7.\u00a0Aumentar el n\u00famero de organizaciones estudiantiles con el prop\u00f3sito de desarrollar m\u00e1s y mejores l\u00edderes.<\/p>\n<p>8.\u00a0Formar corporalmente al estudiante por medio de la educaci\u00f3n f\u00edsica y de los deportes, para que se conozcan mejor, encausen sus impulsos y logren una conducta emocionalmente equilibrada.<\/p>\n<p>9.\u00a0Cumplir con los requisitos de infraestructura y planta f\u00edsica necesarios para el buen funcionamiento de la comunidad escolar.<\/p>\n<p>&nbsp;<\/p>\n<p>&nbsp;<\/p>\n","protected":false},"excerpt":{"rendered":"<p>Metas 1.\u00a0Formar hombres y mujeres con valores cristianos que puedan desarrollarse de acuerdo a las sabias ense\u00f1anzas del Evangelio y &hellip; <\/p>\n","protected":false},"author":1,"featured_media":0,"parent":0,"menu_order":0,"comment_status":"open","ping_status":"open","template":"","meta":{"footnotes":""},"class_list":["post-356","page","type-page","status-publish","hentry"],"_links":{"self":[{"href":"http:\/\/www.colegiosanagustincaborojo.com\/index.php?rest_route=\/wp\/v2\/pages\/356","targetHints":{"allow":["GET"]}}],"collection":[{"href":"http:\/\/www.colegiosanagustincaborojo.com\/index.php?rest_route=\/wp\/v2\/pages"}],"about":[{"href":"http:\/\/www.colegiosanagustincaborojo.com\/index.php?rest_route=\/wp\/v2\/types\/page"}],"author":[{"embeddable":true,"href":"http:\/\/www.colegiosanagustincaborojo.com\/index.php?rest_route=\/wp\/v2\/users\/1"}],"replies":[{"embeddable":true,"href":"http:\/\/www.colegiosanagustincaborojo.com\/index.php?rest_route=%2Fwp%2Fv2%2Fcomments&post=356"}],"version-history":[{"count":3,"href":"http:\/\/www.colegiosanagustincaborojo.com\/index.php?rest_route=\/wp\/v2\/pages\/356\/revisions"}],"predecessor-version":[{"id":447,"href":"http:\/\/www.colegiosanagustincaborojo.com\/index.php?rest_route=\/wp\/v2\/pages\/356\/revisions\/447"}],"wp:attachment":[{"href":"http:\/\/www.colegiosanagustincaborojo.com\/index.php?rest_route=%2Fwp%2Fv2%2Fmedia&parent=356"}],"curies":[{"name":"wp","href":"https:\/\/api.w.org\/{rel}","templated":true}]}}