{"id":32,"date":"2011-07-11T20:13:37","date_gmt":"2011-07-11T20:13:37","guid":{"rendered":"http:\/\/localhost\/groobe\/websites\/sanagustin\/?page_id=32"},"modified":"2011-09-05T22:38:40","modified_gmt":"2011-09-06T02:38:40","slug":"facilidades","status":"publish","type":"page","link":"http:\/\/www.colegiosanagustincaborojo.com\/?page_id=32","title":{"rendered":"Recursos y\/o Servicios de Apoyo"},"content":{"rendered":"<p><!--more-->Nuestro colegio esta ubicado cerca del centro del pueblo de Cabo Rojo y cuenta con una infraestructura que permite operar de manera segura y confiada dentro del plantel y en los alrededores. \u00a0El edificio principal consta de dos niveles con salones y ba\u00f1os. Adem\u00e1s de una biblioteca, comedor, \u00a0cancha y areas verdes.<\/p>\n<p>&nbsp;<\/p>\n<h2><strong>Orientaci\u00f3n<\/strong><\/h2>\n<ul>\n<li>Los servicios de orientaci\u00f3n estar\u00e1n disponibles para atender a toda la matr\u00edcula escolar desde pre-kinder hasta duod\u00e9cimo grado<\/li>\n<\/ul>\n<p><em>\u00a0Nivel Elemental<\/em> &#8211;\u00a0\u00a0lunes y mi\u00e9rcoles<\/p>\n<p><em>\u00a0\u00a0 \u00a0 \u00a0 \u00a0 \u00a0 \u00a0Nivel Secundario<\/em> &#8211; martes, jueves y viernes<\/p>\n<ul>\n<li>La orientaci\u00f3n y consejer\u00eda a los estudiantes es uno de los servicios que ofrece el colegio.\u00a0 Ese servicio es para ayudar al estudiante a descubrir\u00a0 sus\u00a0 necesidades intereses y actitudes, adem\u00e1s de conocer su colegio.\u00a0 Tambi\u00e9n ser\u00e1 ayudado a conocer sus fortalezas y sus limitaciones, a desarrollar metas realistas en la vida y formular planes de acci\u00f3n para alcanzar esas\u00a0 metas.\u00a0 El estudiante puede ir voluntariamente a la oficina de orientaci\u00f3n o puede ser referido por\u00a0 la Administraci\u00f3n, un maestro, sus padres u otros.\u00a0 Se ofrecer\u00e1 servicio individual, entrevistas, personales y de seguimiento.\u00a0 Toda informaci\u00f3n que el estudiante ofrezca ser\u00e1 confidencial.\u00a0 Tambi\u00e9n los padres pueden requerir de estos servicios para ofrecer ayuda a sus hijos cuando lo crean necesario.<\/li>\n<\/ul>\n<ul>\n<li>El estudiante tendr\u00e1 la oportunidad de:<\/li>\n<ul>\n<li>Tener un mejor conocimiento de s\u00ed mismo.<\/li>\n<li>Desarrollar habilidad en la soluci\u00f3n de sus problemas personales.<\/li>\n<li>Entender el mundo en que vive.<\/li>\n<li>Obtener la informaci\u00f3n educativa y vocacional que necesita, mediante los resultados de pruebas estandarizadas y \u00a0 \u00a0 \u00a0 \u00a0 \u00a0 \u00a0 \u00a0 \u00a0 \u00a0 \u00a0 \u00a0 \u00a0 \u00a0 \u00a0 \u00a0 \u00a0 \u00a0 orientaciones.<\/li>\n<li>Tomar decisiones y formular planes con mayor capacitaci\u00f3n.<\/li>\n<li>Ubicarse en actividades y cursos que guarden armon\u00eda con sus intereses y habilidades.<\/li>\n<li>\u00a0Seleccionar la Universidad m\u00e1s adecuada a sus intereses y necesidades.<\/li>\n<li>Solicitar la ayuda financiera necesaria, de manera que pueda costear sus estudios universitarios.<\/li>\n<\/ul>\n<\/ul>\n<p>&nbsp;<\/p>\n<h2><strong>Registradur\u00eda<\/strong><\/h2>\n<p>La oficina de\u00a0 Registradur\u00eda presta los siguientes servicios:<\/p>\n<ul>\n<li>cotejo de documentos de estudiantes solicitando admisi\u00f3n o readmisi\u00f3n\u00a0 a nuestro Colegio<\/li>\n<li>evaluar expedientes de estudiantes<\/li>\n<li>evaluar estudiantes candidatos a graduaci\u00f3n de octavo grado y duod\u00e9cimo grado \/ las premiaciones<\/li>\n<li>procesar solicitud de admisi\u00f3n a universidad<\/li>\n<li>trabajar transcripciones de todo estudiante o ex- alumno que lo solicite<\/li>\n<li>trabajar certificaciones que soliciten los estudiantes para trabajos, universidades, oficinas de gobierno y otras escuelas<\/li>\n<li>sacar promedio de estudiantes y sus \u201cranking class\u201d (grados 7-12)<\/li>\n<li>revisar posibles fracasos en clases y enviar notificaci\u00f3n a los padres<\/li>\n<li>coordinar la matr\u00edcula de verano de los estudiantes que fracasen clases (excepto los no promovidos) y asegurarse de que se reciban las notas y se adjudiquen en la tarjeta acumulativa<\/li>\n<\/ul>\n<p>&nbsp;<\/p>\n<h2><strong>Recaudaciones<\/strong><\/h2>\n<ul>\n<li>Ventanilla abierta para procesar pagos de mensualidad (previamente autorizados) y matr\u00edculas<\/li>\n<li>Cobro de transcripciones de cr\u00e9dito, horario extendido, cuotas de balompi\u00e9 (soccer) y volibol<\/li>\n<li>Dep\u00f3sitos de \u201ccivil days\u201d, organizaciones estudiantiles y campa\u00f1a de chocolates<\/li>\n<li>Solicitud de cheques (organizaciones estudiantiles 3 d\u00edas de anticipaci\u00f3n<\/li>\n<\/ul>\n<p>&nbsp;<\/p>\n<h2><strong>Biblioteca<\/strong><\/h2>\n<ul>\n<li>Es uno de los recursos que ofrecemos para enriquecer los conocimientos de los estudiantes, maestros, padres y otro personal a trav\u00e9s de diferentes servicios y la utilizaci\u00f3n de materiales did\u00e1cticos, equipos audiovisuales y computadoras con Internet.<\/li>\n<\/ul>\n<p>&nbsp;<\/p>\n<h2><strong>Sal\u00f3n Audiovisual\u00a0\u00a0(contiguo a la Biblioteca)<\/strong><\/h2>\n<ul>\n<li>Ser\u00e1 utilizado para actividades especiales donde se puedan acomodar cerca de 75 personas. \u00a0Est\u00e1 equipado con mesas, sillas, equipo audiovisual (televisor, tocacintas, proyector, pantalla, micr\u00f3fonos, etc.)<\/li>\n<\/ul>\n<p>&nbsp;<\/p>\n<h2><strong>Sal\u00f3n de Computadoras<\/strong><\/h2>\n<ul>\n<li>Es a trav\u00e9s del uso de las computadoras que integramos las asignaturas b\u00e1sicas con la nueva tecnolog\u00eda. Los estudiantes tendr\u00e1n la oportunidad de enriquecer los conocimientos y destrezas adquiridas en el sal\u00f3n de clases motiv\u00e1ndose para ir m\u00e1s all\u00e1 de lo conocido.<\/li>\n<li>Contamos con los servicios ofrecidos bajo el Proyecto de T\u00edtulo I\u00a0 \u00a0donde se ofrecen los servicios de tutor\u00edas a estudiantes de los grados kinder a sexto en las asignaturas de espa\u00f1ol, ingl\u00e9s y matem\u00e1ticas. \u00a0Hay dos (2) salones con dos (2) maestras del proyecto de T\u00edtulo I.\u00a0 Tambi\u00e9n se integran las asignaturas con el uso de las computadoras.<\/li>\n<\/ul>\n<p>&nbsp;<\/p>\n<h2><strong>Dispensario Escolar<\/strong><\/h2>\n<ul>\n<li>Contamos con los servicios de una enfermera y de una sala de primera ayuda para atender situaciones de emergencia que tan a menudo se dan durante las horas de clases.\u00a0 La misma est\u00e1 ubicada en la Casa Agustina.<\/li>\n<\/ul>\n<p>&nbsp;<\/p>\n<h2><strong>Cafeter\u00eda \u00a0Escolar<\/strong><\/h2>\n<ul>\n<li>En nuestra cafeter\u00eda se ofrece un men\u00fa variado y saludable para nuestros estudiantes y todo el personal escolar.\u00a0 Est\u00e1 administrada por nuestro colegio y ofrecemos los precios m\u00e1s razonables posibles. \u00a0Se sirven desayunos, meriendas y almuerzos todos los d\u00edas.<\/li>\n<ul>\n<li>Desayuno: \u00a0 \u00a07:00\u00a0 &#8211;\u00a0\u00a0\u00a0 7:20 \u00a0(abierto a la comunidad escolar)<\/li>\n<li>Merienda:<\/li>\n<ul>\n<li>9:15\u00a0\u00a0 &#8211;\u00a0\u00a0 9:45 \u00a0(grados Pre-K &#8211; 3<\/li>\n<li>10:00\u00a0\u00a0 &#8211; 10:30 \u00a0(grados 4 \u2014 6)<\/li>\n<li>10:45\u00a0\u00a0 &#8211;\u00a0 11:15 \u00a0(grados 7 \u2014 9)<\/li>\n<li>11:30\u00a0\u00a0 &#8211; 12:00 \u00a0(grados 10 \u201412)<\/li>\n<\/ul>\n<li>Horario Extendido: \u00a0 1:30\u00a0\u00a0 &#8211; 2:00 p.m.<\/li>\n<\/ul>\n<\/ul>\n<p style=\"text-align: left;\"><span style=\"font-size: x-large;\"><span class=\"Apple-style-span\" style=\"font-size: 20px;\"><strong><span style=\"font-size: small;\"><span class=\"Apple-style-span\" style=\"font-size: 13px; font-weight: normal;\"><br \/>\n<\/span><\/span><\/strong><\/span><\/span><\/p>\n<h2><strong>Horario Extendido<\/strong><\/h2>\n<ul>\n<li>El Colegio ofrecer\u00e1 el servicio de tutor\u00edas y asignaciones supervisadas luego del horario escolar.<\/li>\n<ul>\n<li>El programa comienza en mes de agosto y finaliza en mayo.<\/li>\n<li>El programa est\u00e1 a cargo de adultos.<\/li>\n<li>Durante este per\u00edodo el estudiante har\u00e1 asignaciones y ser\u00e1 supervisado hasta que sus padres o encargados los recojan.<\/li>\n<li>Todo padre o encargado deber\u00e1 firmar el registro de recogido al momento de buscar al estudiante.<\/li>\n<li>Tendremos disponible el uso de la Biblioteca.<\/li>\n<\/ul>\n<\/ul>\n<p>&nbsp;<\/p>\n<h2><\/h2>\n<h2><strong>Casilleros &#8211; &#8220;Lockers&#8221;<\/strong><\/h2>\n<h2><\/h2>\n<ul>\n<li>Es un privilegio el uso de los casilleros (\u201clockers\u201d) ubicados cerca a los salones de cuarto grado y en el segundo piso.\u00a0 El casillero\u00a0 est\u00e1 sujeto a disponibilidad. Para poder utilizarlo el estudiante interesado tendr\u00e1 que llenar la solicitud y realizar el pago anual de $50.00 (no reembolsable y se pagar\u00e1 por adelantado). Tendr\u00e1n prioridad los estudiantes que cumplieron con las normas el a\u00f1o anterior y estudiantes con historial de condiciones m\u00e9dicas (deber\u00e1n traer certificado m\u00e9dico). Se le asignar\u00e1 un n\u00famero de casillero.<\/li>\n<li>En los casilleros ubicados en el segundo piso se mantendr\u00e1 monitoreo mediante el uso de c\u00e1maras de seguridad.<\/li>\n<li>Se seguir\u00e1 estrictamente el horario de 7:00 &#8211; 7:30 a.m. y de 1:30\u20142:00 p.m., adem\u00e1s de horas de meriendas.<\/li>\n<\/ul>\n","protected":false},"excerpt":{"rendered":"","protected":false},"author":1,"featured_media":0,"parent":0,"menu_order":0,"comment_status":"open","ping_status":"open","template":"","meta":{"footnotes":""},"class_list":["post-32","page","type-page","status-publish","hentry"],"_links":{"self":[{"href":"http:\/\/www.colegiosanagustincaborojo.com\/index.php?rest_route=\/wp\/v2\/pages\/32","targetHints":{"allow":["GET"]}}],"collection":[{"href":"http:\/\/www.colegiosanagustincaborojo.com\/index.php?rest_route=\/wp\/v2\/pages"}],"about":[{"href":"http:\/\/www.colegiosanagustincaborojo.com\/index.php?rest_route=\/wp\/v2\/types\/page"}],"author":[{"embeddable":true,"href":"http:\/\/www.colegiosanagustincaborojo.com\/index.php?rest_route=\/wp\/v2\/users\/1"}],"replies":[{"embeddable":true,"href":"http:\/\/www.colegiosanagustincaborojo.com\/index.php?rest_route=%2Fwp%2Fv2%2Fcomments&post=32"}],"version-history":[{"count":28,"href":"http:\/\/www.colegiosanagustincaborojo.com\/index.php?rest_route=\/wp\/v2\/pages\/32\/revisions"}],"predecessor-version":[{"id":290,"href":"http:\/\/www.colegiosanagustincaborojo.com\/index.php?rest_route=\/wp\/v2\/pages\/32\/revisions\/290"}],"wp:attachment":[{"href":"http:\/\/www.colegiosanagustincaborojo.com\/index.php?rest_route=%2Fwp%2Fv2%2Fmedia&parent=32"}],"curies":[{"name":"wp","href":"https:\/\/api.w.org\/{rel}","templated":true}]}}