{"id":25,"date":"2011-07-11T20:12:08","date_gmt":"2011-07-11T20:12:08","guid":{"rendered":"http:\/\/localhost\/groobe\/websites\/sanagustin\/?page_id=25"},"modified":"2025-04-04T17:39:06","modified_gmt":"2025-04-04T21:39:06","slug":"conoce-nuestro-colegio","status":"publish","type":"page","link":"http:\/\/www.colegiosanagustincaborojo.com\/?page_id=25","title":{"rendered":"Con\u00f3cenos"},"content":{"rendered":"<p><strong><span style=\"color: #000000;\">Somos el Colegio San Agust\u00edn de Cabo Rojo. \u00a0Estamos comprometidos con nuestros estudiantes para ofrecerles una educaci\u00f3n de calidad y excelencia acorde con las ense\u00f1anzas y valores cristianos. \u00a0Fomentamos los deportes en nuestra juventud, adem\u00e1s del liderazgo, responsabilidad y civismo.<\/span><\/strong><\/p>\n<h2 align=\"center\"><strong><span style=\"color: #000000;\">Monse\u00f1or \u00c1ngel Luis R\u00edos Matos<\/span><\/strong><\/h2>\n<p style=\"text-align: center;\"><strong><em>Obispo de la Di\u00f3cesis de Mayag\u00fcez<\/em><\/strong><\/p>\n<h2 align=\"center\"><strong><span style=\"color: #000000;\">Ph. D. Ivette Rodr\u00edguez Rivera<\/span><\/strong><\/h2>\n<p align=\"center\"><strong><em>Superintendente de Escuelas Cat\u00f3licas Di\u00f3cesis de Mayag\u00fcez<\/em><\/strong><\/p>\n<h2 align=\"center\"><strong><span style=\"color: #000000;\">Raymond P\u00e9rez Medina<\/span><\/strong><\/h2>\n<p align=\"center\"><strong><em>Director Acad\u00e9mico y Administrativo<\/em><\/strong><\/p>\n<h2 align=\"center\"><span style=\"color: #000000;\"><strong>Prof. Wilson A. Ramos Soto<\/strong><\/span><\/h2>\n<p align=\"center\"><strong><em>Principal<\/em><\/strong><\/p>\n<h2 align=\"center\"><strong><span style=\"color: #000000;\">Srta. Blanca L. Irizarry Morales<\/span><\/strong><\/h2>\n<p align=\"center\"><strong><em>Auxiliar Administrativo<\/em><\/strong><\/p>\n<h2 align=\"center\"><strong><span style=\"color: #000000;\">Sra.\u00a0Marilyn Cancel<\/span><\/strong><\/h2>\n<p align=\"center\"><strong><em>Oficial de Recaudaciones<\/em><\/strong><\/p>\n<h2 align=\"center\"><strong>Sra. Aurora M. Gonz\u00e1lez Gonz\u00e1lez<\/strong><\/h2>\n<p style=\"text-align: center;\"><em>\u00a0 <strong>\u00a0Asistente de\u00a0 Contabilidad<\/strong><\/em><\/p>\n<h2 align=\"center\"><strong><span style=\"color: #000000;\">Hna. Sara\u00ed Cruz Valdez<\/span><\/strong><\/h2>\n<p align=\"center\"><strong><em>Recepcionista \/ Coordinadora de Pastoral,\u00a0 Hnas. de Nazaret<\/em><\/strong><\/p>\n<h2 align=\"center\"><strong>Sr. Michael J. V\u00e9lez Matos<\/strong><\/h2>\n<p align=\"center\"><strong><em>Trabajadora Social y Orientaci\u00f3n<\/em><\/strong><\/p>\n<h2 align=\"center\"><strong><span style=\"color: #000000;\">Sra.\u00a0Elizabeth V\u00e9lez<\/span><\/strong><\/h2>\n<p align=\"center\"><strong><em>Registradora<\/em><\/strong><\/p>\n<h2 align=\"center\"><\/h2>\n<p align=\"center\">\n","protected":false},"excerpt":{"rendered":"<p>Somos el Colegio San Agust\u00edn de Cabo Rojo. \u00a0Estamos comprometidos con nuestros estudiantes para ofrecerles una educaci\u00f3n de calidad y &hellip; <\/p>\n","protected":false},"author":1,"featured_media":0,"parent":0,"menu_order":0,"comment_status":"closed","ping_status":"open","template":"","meta":{"footnotes":""},"class_list":["post-25","page","type-page","status-publish","hentry"],"_links":{"self":[{"href":"http:\/\/www.colegiosanagustincaborojo.com\/index.php?rest_route=\/wp\/v2\/pages\/25","targetHints":{"allow":["GET"]}}],"collection":[{"href":"http:\/\/www.colegiosanagustincaborojo.com\/index.php?rest_route=\/wp\/v2\/pages"}],"about":[{"href":"http:\/\/www.colegiosanagustincaborojo.com\/index.php?rest_route=\/wp\/v2\/types\/page"}],"author":[{"embeddable":true,"href":"http:\/\/www.colegiosanagustincaborojo.com\/index.php?rest_route=\/wp\/v2\/users\/1"}],"replies":[{"embeddable":true,"href":"http:\/\/www.colegiosanagustincaborojo.com\/index.php?rest_route=%2Fwp%2Fv2%2Fcomments&post=25"}],"version-history":[{"count":25,"href":"http:\/\/www.colegiosanagustincaborojo.com\/index.php?rest_route=\/wp\/v2\/pages\/25\/revisions"}],"predecessor-version":[{"id":3081,"href":"http:\/\/www.colegiosanagustincaborojo.com\/index.php?rest_route=\/wp\/v2\/pages\/25\/revisions\/3081"}],"wp:attachment":[{"href":"http:\/\/www.colegiosanagustincaborojo.com\/index.php?rest_route=%2Fwp%2Fv2%2Fmedia&parent=25"}],"curies":[{"name":"wp","href":"https:\/\/api.w.org\/{rel}","templated":true}]}}