{"id":23,"date":"2011-07-11T20:07:46","date_gmt":"2011-07-11T20:07:46","guid":{"rendered":"http:\/\/localhost\/groobe\/websites\/sanagustin\/?page_id=23"},"modified":"2021-12-19T13:04:52","modified_gmt":"2021-12-19T17:04:52","slug":"conoce-a-los-hawks","status":"publish","type":"page","link":"http:\/\/www.colegiosanagustincaborojo.com\/?page_id=23","title":{"rendered":"Conoce a los Hawks"},"content":{"rendered":"<p style=\"text-align: left;\">Los Hawks son nuestro equipo deportivo y representativo de nuestra instituci\u00f3n. &nbsp;Durante muchos a\u00f1os se han destacado en m\u00faltiples torneos y eventos colocando el nombre de nuestro colegio en alto y del cual nos sentimos orgullosos de su desempe\u00f1o. Siguiendo nuestra tradici\u00f3n y cultura deportiva que nos ha caracterizado por d\u00e9cadas. &nbsp;En nuestra primera clase graduanda en el a\u00f1o 1974, &nbsp;se destac\u00f3 el estudiante Orlando Landy Flores, qui\u00e9n durante sus a\u00f1os de estudio visti\u00f3 con orgullo y puso en alto los colores vino y dorado del equipo Hawks de baloncesto de nuestro colegio.<\/p>\n<p style=\"text-align: left;\">Los integrantes de nuestro equipo de baloncesto, deben observar un comportamiento excelente dentro y fuera de la cancha, convirti\u00e9ndose en unos caballeros del deporte. &nbsp;Adem\u00e1s, deben ser responsables con un buen aprovechamiento acad\u00e9mico, porque es primero estudiante y luego atleta. &nbsp;Enfrenta obst\u00e1culos y los vence, no solo en la cancha, sino en todos los aspectos de la vida; creci\u00e9ndose como ser humano y estudiante agustino. &nbsp;Asume responsabilidades y participa activamente en actividades deportivas, educativas y de civismo.<\/p>\n","protected":false},"excerpt":{"rendered":"<p>Los Hawks son nuestro equipo deportivo y representativo de nuestra instituci\u00f3n. &nbsp;Durante muchos a\u00f1os se han destacado en m\u00faltiples torneos &hellip; <\/p>\n","protected":false},"author":1,"featured_media":0,"parent":0,"menu_order":0,"comment_status":"closed","ping_status":"open","template":"","meta":{"footnotes":""},"class_list":["post-23","page","type-page","status-publish","hentry"],"_links":{"self":[{"href":"http:\/\/www.colegiosanagustincaborojo.com\/index.php?rest_route=\/wp\/v2\/pages\/23","targetHints":{"allow":["GET"]}}],"collection":[{"href":"http:\/\/www.colegiosanagustincaborojo.com\/index.php?rest_route=\/wp\/v2\/pages"}],"about":[{"href":"http:\/\/www.colegiosanagustincaborojo.com\/index.php?rest_route=\/wp\/v2\/types\/page"}],"author":[{"embeddable":true,"href":"http:\/\/www.colegiosanagustincaborojo.com\/index.php?rest_route=\/wp\/v2\/users\/1"}],"replies":[{"embeddable":true,"href":"http:\/\/www.colegiosanagustincaborojo.com\/index.php?rest_route=%2Fwp%2Fv2%2Fcomments&post=23"}],"version-history":[{"count":5,"href":"http:\/\/www.colegiosanagustincaborojo.com\/index.php?rest_route=\/wp\/v2\/pages\/23\/revisions"}],"predecessor-version":[{"id":2428,"href":"http:\/\/www.colegiosanagustincaborojo.com\/index.php?rest_route=\/wp\/v2\/pages\/23\/revisions\/2428"}],"wp:attachment":[{"href":"http:\/\/www.colegiosanagustincaborojo.com\/index.php?rest_route=%2Fwp%2Fv2%2Fmedia&parent=23"}],"curies":[{"name":"wp","href":"https:\/\/api.w.org\/{rel}","templated":true}]}}