{"id":145,"date":"2011-07-11T20:44:25","date_gmt":"2011-07-11T20:44:25","guid":{"rendered":"http:\/\/localhost\/groobe\/websites\/sanagustin\/?page_id=145"},"modified":"2021-12-19T13:02:50","modified_gmt":"2021-12-19T17:02:50","slug":"clases-graduadas","status":"publish","type":"page","link":"http:\/\/www.colegiosanagustincaborojo.com\/?page_id=145","title":{"rendered":"Clases Graduadas"},"content":{"rendered":"<p>La primera clase graduanda de cuarto a\u00f1o fue en 1974. &nbsp;En dicha clase se destac\u00f3 el estudiante Orlando Landy Flores, qui\u00e9n durante sus a\u00f1os de estudio visti\u00f3 con orgullo y puso en alto los colores vino y dorado del equipo Hawks de baloncesto de nuestro colegio.<\/p>\n<p>&nbsp;<\/p>\n<div>\n<p><strong>Clase 1968 <\/strong><\/p>\n<\/div>\n<div>\n<p><a href=\"http:\/\/namesdatabase.com\/people\/ESCABI\/MARLYN%20E\/7769233\">MARLYN E SOLTERO ESCABI<\/a><\/p>\n<\/div>\n<div>\n<p><strong>Clase 1969 <\/strong><\/p>\n<\/div>\n<div>\n<p><a href=\"http:\/\/namesdatabase.com\/people\/LOPEZ\/JUAN\/19653747\">JUAN LOPEZ<\/a><\/p>\n<\/div>\n<div>\n<p><strong>Clase 1975 <\/strong><\/p>\n<\/div>\n<div>\n<p><a href=\"http:\/\/namesdatabase.com\/people\/MARTY\/MAR%CDA%20E%20PETROVITCH\/29438155\">MAR\u00cdA E PETROVITCH PETROVITCH MARTY<\/a><\/p>\n<\/div>\n<div>\n<p><a href=\"http:\/\/namesdatabase.com\/people\/RIVERA\/CARLOS\/31998091\">CARLOS RIVERA<\/a><\/p>\n<\/div>\n<div>\n<p><a href=\"http:\/\/namesdatabase.com\/people\/SOLTERO\/RICHARD\/26004061\">RICHARD SOLTERO<\/a><\/p>\n<p><a href=\"http:\/\/namesdatabase.com\/people\/TERESITA\/ANA\/34193832\">ANA ANTONIO TERESITA<\/a><\/p>\n<\/div>\n<div>\n<p><strong>Clase 1976 <\/strong><\/p>\n<\/div>\n<div>\n<p><a href=\"http:\/\/namesdatabase.com\/people\/IGNACIO\/ELIZABETH%20C%20MELO-\/8397289\">ELIZABETH C MELO- MELO IGNACIO<\/a><\/p>\n<p><a href=\"http:\/\/namesdatabase.com\/people\/MENDOZA\/RAFAEL%20MORALES\/3526518\">RAFAEL MORALES MENDOZA<\/a><\/p>\n<p><a href=\"http:\/\/namesdatabase.com\/people\/SILVESTRINI\/MAGDA%20L%20IGNACIO\/3343891\">MAGDA L IGNACIO SILVESTRINI<\/a><\/p>\n<p><a href=\"http:\/\/namesdatabase.com\/people\/SILVESTRY\/WILLIAM\/3518301\">WILLIAM SILVESTRY<\/a><\/p>\n<\/div>\n<div>\n<p><strong>Clase 1977 <\/strong><\/p>\n<\/div>\n<div>\n<p><a href=\"http:\/\/namesdatabase.com\/people\/GARCIA\/ANGEL%20LUIS\/29949712\">ANGEL LUIS GARCIA<\/a><\/p>\n<p><a href=\"http:\/\/namesdatabase.com\/people\/MYERS\/VANESSA%20M\/32221877\">VANESSA M MYERS<\/a><\/p>\n<\/div>\n<div>\n<p><strong>Clase1978 <\/strong><\/p>\n<\/div>\n<div>\n<p><a href=\"http:\/\/namesdatabase.com\/people\/IGNACIO\/RICARDO\/16453730\">RICARDO TORO IGNACIO<\/a><\/p>\n<\/div>\n<div>\n<p><strong>Clase1979 <\/strong><\/p>\n<\/div>\n<div>\n<p><a href=\"http:\/\/namesdatabase.com\/people\/MELO\/EVELYN\/8406000\">EVELYN MELO<\/a><\/p>\n<p><a href=\"http:\/\/namesdatabase.com\/people\/RODRIGUEZ\/DON\/32481705\">DON RODRIGUEZ<\/a><\/p>\n<p><a href=\"http:\/\/namesdatabase.com\/people\/ROMAN\/ELBA%20VELEZ\/34481856\">ELBA VELEZ ROMAN<\/a><\/p>\n<\/div>\n<div>\n<p><strong>Clase1981 <\/strong><\/p>\n<\/div>\n<div>\n<p><a href=\"http:\/\/namesdatabase.com\/people\/SALAS\/MARA\/12716586\">MARA SALAS<\/a><\/p>\n<\/div>\n<div>\n<p><strong>Clase 1982<\/strong> <strong><\/strong><\/p>\n<\/div>\n<div>\n<p><a href=\"http:\/\/namesdatabase.com\/people\/PADILLA\/HENRY\/21640682\">HENRY PADILLA<\/a><\/p>\n<\/div>\n<div>\n<p><strong>Clase 1984 <\/strong><\/p>\n<\/div>\n<div>\n<p><a href=\"http:\/\/namesdatabase.com\/people\/JUSINO\/EDWIN%20N\/30683796\">EDWIN N JUSINO<\/a><\/p>\n<p><a href=\"http:\/\/namesdatabase.com\/people\/MANNINO\/SAL\/33342913\">SAL MANNINO<\/a><\/p>\n<p><a href=\"http:\/\/namesdatabase.com\/people\/RIVERA\/MARITZA\/32614916\">MARITZA RIVERA<\/a><\/p>\n<\/div>\n<div>\n<p><strong>Clase 1985 <\/strong><\/p>\n<\/div>\n<div>\n<p><a href=\"http:\/\/namesdatabase.com\/people\/AGRAIT\/CHRISTIE\/32784676\">CHRISTIE AGRAIT<\/a><\/p>\n<p><a href=\"http:\/\/namesdatabase.com\/people\/AGRAIT\/CHRISTIE\/32784590\">CHRISTIE AGRAIT<\/a><\/p>\n<p><a href=\"http:\/\/namesdatabase.com\/people\/FERGELEC\/RAYMOND\/16928044\">RAYMOND CINTRON FERGELEC<\/a><\/p>\n<p><a href=\"http:\/\/namesdatabase.com\/people\/GUZMAN\/RAFAEL%20RIVERA\/22265746\">RAFAEL RIVERA GUZMAN<\/a><\/p>\n<p><a href=\"http:\/\/namesdatabase.com\/people\/RAMIREZ\/JANINE\/10455493\">JANINE RAMIREZ<\/a><\/p>\n<p><a href=\"http:\/\/namesdatabase.com\/people\/RAMIREZ\/MARIBEL%20QUINONES\/22224744\">MARIBEL QUINONES RAMIREZ<\/a><\/p>\n<\/div>\n<div>\n<p><strong>Clase 1986 <\/strong><\/p>\n<\/div>\n<div>\n<p><a href=\"http:\/\/namesdatabase.com\/people\/BACO\/MUGETTE\/22430181\">MUGETTE MATOS BACO<\/a><\/p>\n<p><a href=\"http:\/\/namesdatabase.com\/people\/LARACUENTE\/BRENDA%20GRANIELA\/16809783\">BRENDA GRANIELA BRENDA LARACUENTE<\/a><\/p>\n<p><a href=\"http:\/\/namesdatabase.com\/people\/MATOS\/ANGEL%20R\/18447613\">ANGEL R MATOS<\/a><\/p>\n<p><a href=\"http:\/\/namesdatabase.com\/people\/ORTIZ\/JANET\/13449667\">JANET ORTIZ<\/a><\/p>\n<p><a href=\"http:\/\/namesdatabase.com\/people\/ORTIZ\/JANET\/18792687\">JANET ORTIZ<\/a><\/p>\n<p><a href=\"http:\/\/namesdatabase.com\/people\/TORO\/ASTRID%20C%20AVIL%C9S\/22334110\">ASTRID C AVIL\u00c9S TORO<\/a><\/p>\n<p><a href=\"http:\/\/namesdatabase.com\/people\/TORRES\/YOLI\/22291435\">YOLI TORRES<\/a><\/p>\n<p><a href=\"http:\/\/namesdatabase.com\/people\/TROCHE\/IZA\/22295612\">IZA TROCHE<\/a><\/p>\n<\/div>\n<div>\n<p><strong>Clase 1987<\/strong><\/p>\n<\/div>\n<div>\n<p><a href=\"http:\/\/namesdatabase.com\/people\/CARLES-AMADOR\/MARIA%20M\/21206960\">MARIA M CARLES-AMADOR<\/a><\/p>\n<p><a href=\"http:\/\/namesdatabase.com\/people\/GUZMAN\/VANESSA%20RIVERA\/22238242\">VANESSA RIVERA GUZMAN<\/a><\/p>\n<p><a href=\"http:\/\/namesdatabase.com\/people\/INESTA\/FLAVIA\/22240004\">FLAVIA INESTA<\/a><\/p>\n<p><a href=\"http:\/\/namesdatabase.com\/people\/LOPEZ\/EDSON%20R\/22481243\">EDSON R LOPEZ<\/a><\/p>\n<p><a href=\"http:\/\/namesdatabase.com\/people\/LOPEZ-SEPULVEDA\/MARIA%20DE%20LOS%20A\/22265826\">MARIA DE LOS A LOPEZ-SEPULVEDA<\/a><\/p>\n<p><a href=\"http:\/\/namesdatabase.com\/people\/MARTINEZ\/JUAN%20C\/22775935\">JUAN C SUAREZ MARTINEZ<\/a><\/p>\n<p><a href=\"http:\/\/namesdatabase.com\/people\/MARTINEZ\/JUAN%20C\/21242353\">JUAN C MARTINEZ<\/a><\/p>\n<p><a href=\"http:\/\/namesdatabase.com\/people\/ORTIZ\/DIVINA\/13449487\">DIVINA ORTIZ<\/a><\/p>\n<p><a href=\"http:\/\/namesdatabase.com\/people\/PADILLA\/ERIC%20A\/22281349\">ERIC A PADILLA<\/a><\/p>\n<p><a href=\"http:\/\/namesdatabase.com\/people\/PADILLA\/GIL\/21194144\">GIL FLORES PADILLA<\/a><\/p>\n<p><a href=\"http:\/\/namesdatabase.com\/people\/PADILLA\/JOSE%20A%20CASTRO\/22245989\">JOSE A CASTRO PADILLA<\/a><\/p>\n<p><a href=\"http:\/\/namesdatabase.com\/people\/PEREZ\/YVETTE\/22510030\">YVETTE PEREZ<\/a><\/p>\n<p><a href=\"http:\/\/namesdatabase.com\/people\/RIVERA-RAMOS\/CARLOS%20J\/22456151\">CARLOS J RIVERA-RAMOS<\/a><\/p>\n<p><a href=\"http:\/\/namesdatabase.com\/people\/RIVERA-RAMOS\/CARLOS%20JAVIER\/22238222\">CARLOS JAVIER RIVERA-RAMOS<\/a><\/p>\n<p><a href=\"http:\/\/namesdatabase.com\/people\/ROJAS\/PEDRO\/11307805\">PEDRO ROJAS<\/a><\/p>\n<\/div>\n<div>\n<p><strong>Clase 1988 <\/strong><\/p>\n<\/div>\n<div>\n<p><a href=\"http:\/\/namesdatabase.com\/people\/CINTRON\/JERRY\/32017719\">JERRY CINTRON<\/a><\/p>\n<p><a href=\"http:\/\/namesdatabase.com\/people\/LLITERA\/KAREN\/11272006\">KAREN LLITERA<\/a><\/p>\n<p><a href=\"http:\/\/namesdatabase.com\/people\/MATOS\/CARLIA%20I\/22432107\">CARLIA I MATOS<\/a><\/p>\n<p><a href=\"http:\/\/namesdatabase.com\/people\/PERES\/FRANCES%20O\/28817025\">FRANCES O PERES<\/a><\/p>\n<\/div>\n<div>\n<p><strong>Clase 1989<\/strong><\/p>\n<\/div>\n<div>\n<p><a href=\"http:\/\/namesdatabase.com\/people\/CIVIDANES\/MARIA%20DEL%20CARMEN\/26761055\">MARIA DEL CARMEN CIVIDANES<\/a><\/p>\n<p><a href=\"http:\/\/namesdatabase.com\/people\/VITTE\/MARTHA%20VERONICA\/21159591\">MARTHA VERONICA VITTE<\/a><\/p>\n<\/div>\n<div>\n<p><strong>Clase 1990<\/strong><\/p>\n<\/div>\n<div>\n<p><a href=\"http:\/\/namesdatabase.com\/people\/BEGUIRISTAIN\/LIZZA\/32295888\">LIZZA BEGUIRISTAIN<\/a><\/p>\n<p><a href=\"http:\/\/namesdatabase.com\/people\/ESCABI\/VANESSA\/33373197\">VANESSA ESCABI<\/a><\/p>\n<p><a href=\"http:\/\/namesdatabase.com\/people\/NIETO\/IVETTE%20M%20VAZQUEZ\/27265638\">IVETTE M VAZQUEZ NIETO<\/a><\/p>\n<p><a href=\"http:\/\/namesdatabase.com\/people\/RODRIGUEZ\/SAMARAH%20VARGAS\/28291762\">SAMARAH VARGAS RODRIGUEZ<\/a><\/p>\n<p><a href=\"http:\/\/namesdatabase.com\/people\/SUAU\/LUIS\/15136560\">LUIS SUAU<\/a><\/p>\n<\/div>\n<div>\n<p><strong>Clase 1991<\/strong><\/p>\n<\/div>\n<div>\n<p><a href=\"http:\/\/namesdatabase.com\/people\/ACOSTA\/SIGRID\/12372974\">SIGRID ACOSTA<\/a><\/p>\n<p><a href=\"http:\/\/namesdatabase.com\/people\/MENENDEZ\/IBIS\/20493771\">IBIS MENENDEZ<\/a><\/p>\n<p><a href=\"http:\/\/namesdatabase.com\/people\/MORALES\/JENNIEFFER\/28247944\">JENNIEFFER MORALES<\/a><\/p>\n<p><a href=\"http:\/\/namesdatabase.com\/people\/NAZARIO\/EMANUEL\/10308082\">EMANUEL NAZARIO<\/a><\/p>\n<p><a href=\"http:\/\/namesdatabase.com\/people\/PADILLA\/YAZMIN\/11829491\">YAZMIN PADILLA<\/a><\/p>\n<p><a href=\"http:\/\/namesdatabase.com\/people\/RAMIREZ\/ALEX%20A\/32674597\">ALEX A RAMIREZ<\/a><\/p>\n<p><a href=\"http:\/\/namesdatabase.com\/people\/RETEGUIS\/VANESSA\/17358500\">VANESSA RETEGUIS<\/a><\/p>\n<p><a href=\"http:\/\/namesdatabase.com\/people\/ROCHE\/CESAR%20JAVIER%20DEL%20PERAL\/23712040\">CESAR JAVIER DEL PERAL ROCHE<\/a><\/p>\n<p><a href=\"http:\/\/namesdatabase.com\/people\/SEDA\/CARLOS%20J%20FERRER\/32006500\">CARLOS J FERRER SEDA<\/a><\/p>\n<\/div>\n<div>\n<p><strong>Clase 1992<\/strong><\/p>\n<\/div>\n<div>\n<p><a href=\"http:\/\/namesdatabase.com\/people\/PADILLA\/JANIRA%20IRIZARRY\/17328969\">JANIRA IRIZARRY PADILLA<\/a><\/p>\n<p><a href=\"http:\/\/namesdatabase.com\/people\/SAMEN\/PAOLA\/15207610\">PAOLA SAMEN<\/a><\/p>\n<\/div>\n<div>\n<p><strong>Clase 1993 <\/strong><\/p>\n<\/div>\n<div>\n<p><a href=\"http:\/\/namesdatabase.com\/people\/PEREZ\/RICHARD\/21248790\">RICHARD PEREZ<\/a><\/p>\n<p><a href=\"http:\/\/namesdatabase.com\/people\/RETEGUIS\/KARLA\/17361390\">KARLA RETEGUIS<\/a><\/p>\n<\/div>\n<div>\n<p><strong>Clase 1994<\/strong><\/p>\n<\/div>\n<div>\n<p><a href=\"http:\/\/namesdatabase.com\/people\/ALEQUIN\/LUIS%20A\/14777398\">LUIS A ALEQUIN<\/a><\/p>\n<p><a href=\"http:\/\/namesdatabase.com\/people\/BIAGGI\/FABIOLA\/20455682\">FABIOLA BIAGGI<\/a><\/p>\n<p><a href=\"http:\/\/namesdatabase.com\/people\/CARLO\/TATIANA\/15140157\">TATIANA CARLO<\/a><\/p>\n<p><a href=\"http:\/\/namesdatabase.com\/people\/JIMENEZ\/PEPITA\/29405468\">PEPITA JIMENEZ<\/a><\/p>\n<p><a href=\"http:\/\/namesdatabase.com\/people\/LOZA\/CANDY%20LEE\/16599343\">CANDY LEE CAPPAS LOZA<\/a><\/p>\n<p><a href=\"http:\/\/namesdatabase.com\/people\/MARIE\/STEPHANIE\/11353966\">STEPHANIE MARIE<\/a><\/p>\n<p><a href=\"http:\/\/namesdatabase.com\/people\/RODRIGUEZ\/JANICE\/26201085\">JANICE RODRIGUEZ<\/a><\/p>\n<p><a href=\"http:\/\/namesdatabase.com\/people\/ZAPATA\/VANESSA%20RAMIREZ\/10094852\">VANESSA RAMIREZ ZAPATA<\/a><\/p>\n<\/div>\n<div>\n<p><strong>Clase 1995<\/strong><\/p>\n<\/div>\n<div>\n<p><a href=\"http:\/\/namesdatabase.com\/people\/TORRES\/ERNIE%20REYES\/14989642\">ERNIE REYES TORRES<\/a><\/p>\n<\/div>\n<div>\n<p><strong>Clase 1996<\/strong><\/p>\n<\/div>\n<div>\n<p><a href=\"http:\/\/namesdatabase.com\/people\/AVILES\/DENSEY\/15500932\">DENSEY AVILES<\/a><\/p>\n<p><a href=\"http:\/\/namesdatabase.com\/people\/BOUET\/KARY%20MICHELLE\/3464155\">KARY MICHELLE BOUET<\/a><\/p>\n<p><a href=\"http:\/\/namesdatabase.com\/people\/CAMPIS\/LUIS%20ROBERTO\/21963372\">LUIS ROBERTO CAMPIS<\/a><\/p>\n<p><a href=\"http:\/\/namesdatabase.com\/people\/ORTIZ\/ROLANDO\/10098709\">ROLANDO ORTIZ<\/a><\/p>\n<p><a href=\"http:\/\/namesdatabase.com\/people\/PACHECO\/MAYRA%20DEL%20CARMEN%20VINCENTY\/26154043\">MAYRA DEL CARMEN VINCENTY PACHECO<\/a><\/p>\n<p><a href=\"http:\/\/namesdatabase.com\/people\/RAMIREZ\/STEVEN\/10908165\">STEVEN RAMIREZ<\/a><\/p>\n<p><a href=\"http:\/\/namesdatabase.com\/people\/RIVERA\/JOEL\/10042902\">JOEL RIVERA<\/a><\/p>\n<p><a href=\"http:\/\/namesdatabase.com\/people\/RODRIGUEZ\/DREDLIN\/10117695\">DREDLIN RODRIGUEZ<\/a><\/p>\n<p><a href=\"http:\/\/namesdatabase.com\/people\/RODRIGUEZ\/RAFAEL\/21343283\">RAFAEL RODRIGUEZ<\/a><\/p>\n<p><a href=\"http:\/\/namesdatabase.com\/people\/SEDA\/MARITZA\/28398178\">MARITZA SEDA<\/a><\/p>\n<p><a href=\"http:\/\/namesdatabase.com\/people\/SOTO\/BILL\/20458965\">BILL SOTO<\/a><\/p>\n<p><a href=\"http:\/\/namesdatabase.com\/people\/ZAPATA\/BEVERLY\/20472845\">BEVERLY ZAPATA<\/a><\/p>\n<\/div>\n<div>\n<p><strong>Clase 1997 <\/strong><\/p>\n<\/div>\n<div>\n<p><a href=\"http:\/\/namesdatabase.com\/people\/CARRERAS\/ANGEL%20M\/28579666\">ANGEL M JUSINO CARRERAS<\/a><\/p>\n<p><a href=\"http:\/\/namesdatabase.com\/people\/MU%D1OZ\/MARIELA\/6832776\">MARIELA MU\u00d1OZ<\/a><\/p>\n<p><a href=\"http:\/\/namesdatabase.com\/people\/ORTIZ\/ZAIM\/32335168\">ZAIM ORTIZ<\/a><\/p>\n<p><a href=\"http:\/\/namesdatabase.com\/people\/ORTIZ\/ZAIM\/30202990\">ZAIM ORTIZ<\/a><\/p>\n<p><a href=\"http:\/\/namesdatabase.com\/people\/RODRIGUEZ\/JESSICA\/7038312\">JESSICA BREA RODRIGUEZ<\/a><\/p>\n<p><a href=\"http:\/\/namesdatabase.com\/people\/SANTIAGO\/BRENDA%20E\/9460838\">BRENDA E SEDA SANTIAGO<\/a><\/p>\n<p><a href=\"http:\/\/namesdatabase.com\/people\/SEDA\/BRENDA%20E%20SANTIAGO\/7142222\">BRENDA E SANTIAGO SEDA<\/a><\/p>\n<p><a href=\"http:\/\/namesdatabase.com\/people\/SEPULVEDA\/RAFAEL\/8435721\">RAFAEL SEPULVEDA<\/a><\/p>\n<p><a href=\"http:\/\/namesdatabase.com\/people\/TROCHE\/TAMARA%20O\/18998631\">TAMARA O TROCHE<\/a><\/p>\n<p><a href=\"http:\/\/namesdatabase.com\/people\/VELEZ\/MIDIAM\/15716821\">MIDIAM VELEZ<\/a><\/p>\n<p><a href=\"http:\/\/namesdatabase.com\/people\/VINCENTY\/VIVIANA\/7181704\">VIVIANA VINCENTY<\/a><\/p>\n<p><a href=\"http:\/\/namesdatabase.com\/people\/VINCENTY\/VIVIANA\/29690013\">VIVIANA VINCENTY<\/a><\/p>\n<\/div>\n<div>\n<p><strong>Clase 1998 <\/strong><\/p>\n<\/div>\n<div>\n<p><a href=\"http:\/\/namesdatabase.com\/people\/FELICIANO\/CRISTINA\/18934102\">CRISTINA MATOS FELICIANO<\/a><\/p>\n<p><a href=\"http:\/\/namesdatabase.com\/people\/FELICIANO\/CRISTINA\/15321057\">CRISTINA FELICIANO<\/a><\/p>\n<p><a href=\"http:\/\/namesdatabase.com\/people\/RIVERA\/OMAYRA%20V%C9LEZ\/18423060\">OMAYRA V\u00c9LEZ RIVERA<\/a><\/p>\n<p><a href=\"http:\/\/namesdatabase.com\/people\/RODRIGUEZ\/MILDRED%20M\/10117815\">MILDRED M RODRIGUEZ<\/a><\/p>\n<p><a href=\"http:\/\/namesdatabase.com\/people\/TORRES\/RAMSES\/20125223\">RAMSES TORRES<\/a><\/p>\n<\/div>\n<div>\n<p><strong>Clase 1999 <\/strong><\/p>\n<\/div>\n<div>\n<p><a href=\"http:\/\/namesdatabase.com\/people\/ALEXANDRA\/NADYA\/23773179\">NADYA ALEXANDRA<\/a><\/p>\n<p><a href=\"http:\/\/namesdatabase.com\/people\/LUGO\/EDUARDO\/23641723\">EDUARDO LUGO<\/a><\/p>\n<p><a href=\"http:\/\/namesdatabase.com\/people\/SALAS\/MARA\/12591502\">MARA SALAS<\/a><\/p>\n<p><a href=\"http:\/\/namesdatabase.com\/people\/SILVA\/CLAUDETTE%20M%20BIAGGI\/12683727\">CLAUDETTE M BIAGGI SILVA<\/a><\/p>\n<p><a href=\"http:\/\/namesdatabase.com\/people\/WILLMAR\/VERONICA\/9475021\">VERONICA WILLMAR<\/a><\/p>\n<p><a href=\"http:\/\/namesdatabase.com\/people\/ZAYAS\/HECTOR\/12653732\">HECTOR ZAYAS<\/a><\/p>\n<\/div>\n<div>\n<p><strong>Clase 2000<\/strong><\/p>\n<\/div>\n<div>\n<p><a href=\"http:\/\/namesdatabase.com\/people\/BIRD\/FERNANDO%20E\/8837470\">FERNANDO E BIRD<\/a><\/p>\n<p><a href=\"http:\/\/namesdatabase.com\/people\/CRUZ\/MARIELA%20SALAS%20DE%20LA\/12600694\">MARIELA SALAS DE LA CRUZ<\/a><\/p>\n<p><a href=\"http:\/\/namesdatabase.com\/people\/LLAMA\/ANDRES\/29083240\">ANDRES LLAMA<\/a><\/p>\n<p><a href=\"http:\/\/namesdatabase.com\/people\/PADILLA\/FERNANDO%20M\/8829767\">FERNANDO M PADILLA<\/a><\/p>\n<p><a href=\"http:\/\/namesdatabase.com\/people\/RIVERA\/HERSON\/16669614\">HERSON RIVERA<\/a><\/p>\n<p><a href=\"http:\/\/namesdatabase.com\/people\/RIVERA\/HERSON\/16545873\">HERSON RIVERA<\/a><\/p>\n<p><a href=\"http:\/\/namesdatabase.com\/people\/ROSAS\/KEYSA\/12615798\">KEYSA ROSAS<\/a><\/p>\n<p><a href=\"http:\/\/namesdatabase.com\/people\/ROSAS\/KEYSA%20G\/4920091\">KEYSA G ROSAS<\/a><\/p>\n<p><a href=\"http:\/\/namesdatabase.com\/people\/TORO\/ALANA\/4351793\">ALANA TORO<\/a><\/p>\n<\/div>\n<div>\n<p><strong>Clase 2001<\/strong><\/p>\n<\/div>\n<div>\n<p><a href=\"http:\/\/namesdatabase.com\/people\/RIVERA\/LIZ%20M\/15207604\">LIZ M RIVERA<\/a><\/p>\n<p><a href=\"http:\/\/namesdatabase.com\/people\/RIVERA\/MILIAMER%20CORALES\/11997997\">MILIAMER CORALES RIVERA<\/a><\/p>\n<p><a href=\"http:\/\/namesdatabase.com\/people\/RODRIGUEZ\/FREDDIE\/26264012\">FREDDIE RODRIGUEZ<\/a><\/p>\n<\/div>\n<div>\n<p><strong>Clase 2002<\/strong><\/p>\n<\/div>\n<div>\n<p><a href=\"http:\/\/namesdatabase.com\/people\/RIVERA\/MIRIEL%20OMARIS%20P%C9REZ\/15299297\">MIRIEL OMARIS P\u00c9REZ RIVERA<\/a><\/p>\n<p><a href=\"http:\/\/namesdatabase.com\/people\/ROMAN\/GRETCHEN%20D\/15298655\">GRETCHEN D ROMAN<\/a><\/p>\n<p><a href=\"http:\/\/namesdatabase.com\/people\/TORRES\/KARLA\/31079419\">KARLA AVILES TORRES<\/a><\/p>\n<\/div>\n<div>\n<p><strong>Clase 2003<\/strong><\/p>\n<\/div>\n<div>\n<p><a href=\"http:\/\/namesdatabase.com\/people\/CORDERO\/MONICA\/9427192\">MONICA CORDERO<\/a><\/p>\n<p><a href=\"http:\/\/namesdatabase.com\/people\/ROSADO\/YEZENNIA\/29609803\">YEZENNIA MUNET ROSADO<\/a><\/p>\n<\/div>\n<div>\n<p><strong>Clase 2004 <\/strong><\/p>\n<\/div>\n<div>\n<p><a href=\"http:\/\/namesdatabase.com\/people\/ACOSTA\/FABIOLA%20ALEJANDRA%20SEPULVEDA\/30154513\">FABIOLA ALEJANDRA SEPULVEDA ACOSTA<\/a><\/p>\n<p><a href=\"http:\/\/namesdatabase.com\/people\/BATISTA\/JENNIFER\/30147502\">JENNIFER BATISTA<\/a><\/p>\n<p><a href=\"http:\/\/namesdatabase.com\/people\/ORTIZ\/LORRAINE\/12805142\">LORRAINE ORTIZ<\/a><\/p>\n<p><a href=\"http:\/\/namesdatabase.com\/people\/RUIZ\/LYDIA%20CAROLINA%20RODRIGUEZ\/10632954\">LYDIA CAROLINA RODRIGUEZ RUIZ<\/a><\/p>\n<\/div>\n<div>\n<p><strong>Clase 2005<\/strong><\/p>\n<\/div>\n<div>\n<p><a href=\"http:\/\/namesdatabase.com\/people\/ACOSTA\/KAREN%20LEE\/21854521\">KAREN LEE ACOSTA<\/a><\/p>\n<p><a href=\"http:\/\/namesdatabase.com\/people\/JIMENEZ\/MIGUEL%20ACOSTA\/18431734\">MIGUEL ACOSTA JIMENEZ<\/a><\/p>\n<p><a href=\"http:\/\/namesdatabase.com\/people\/MORALES\/ISAMARIE%20ACOSTA\/21972540\">ISAMARIE ACOSTA MORALES<\/a><\/p>\n<p><a href=\"http:\/\/namesdatabase.com\/people\/PAB%F3N\/PEDRO%20IV%E1N\/22217058\">PEDRO IV\u00e1N PAB\u00f3N<\/a><\/p>\n<p><a href=\"http:\/\/namesdatabase.com\/people\/VALE\/MARJORIE\/25050557\">MARJORIE VALE<\/a><\/p>\n<\/div>\n<div>\n<p><strong>Clase 2006<\/strong><\/p>\n<\/div>\n<div>\n<p><a href=\"http:\/\/namesdatabase.com\/people\/PAG%C1N\/DEBORAH%20N%20MU%D1IZ\/17240271\">DEBORAH N MU\u00d1IZ PAG\u00c1N<\/a><\/p>\n<\/div>\n<div>\n<p><strong>Clase 2007<\/strong><\/p>\n<\/div>\n<div>\n<p><a href=\"http:\/\/namesdatabase.com\/people\/ACOSTA\/JUAN%20JOSE\/8837250\">JUAN JOSE ACOSTA<\/a><\/p>\n<p><a href=\"http:\/\/namesdatabase.com\/people\/GONZALEZ\/PABLO%20RUBEN%20ACOSTA\/25042140\">PABLO RUBEN ACOSTA GONZALEZ<\/a><\/p>\n<p><a href=\"http:\/\/namesdatabase.com\/people\/RODRIGUEZ\/ANDREA%20M%20PADILLA\/24523654\">ANDREA M PADILLA RODRIGUEZ<\/a><\/p>\n<p><a href=\"http:\/\/namesdatabase.com\/people\/SOTO\/LEIRAM%20NAHIR%20RIVERA\/33313988\">LEIRAM NAHIR RIVERA SOTO<\/a><\/p>\n<\/div>\n<div>\n<p><strong>Clase 2008<\/strong><\/p>\n<\/div>\n<div>\n<p><a href=\"http:\/\/namesdatabase.com\/people\/BERMUDEZ\/BRITTANY%20LEIGH%20RAMIREZ\/29140240\">BRITTANY LEIGH RAMIREZ BERMUDEZ<\/a><\/p>\n<\/div>\n<div>\n<p><strong>Clase 2009 <\/strong><\/p>\n<\/div>\n<div>\n<p><a href=\"http:\/\/namesdatabase.com\/people\/LUCIANO\/CRISTINA%20MARIE%20HERNANDEZ\/24345818\">CRISTINA MARIE HERNANDEZ LUCIANO<\/a><\/p>\n<\/div>\n<div>\n<p><strong>Clase 2010<\/strong><\/p>\n<\/div>\n<div>\n<p><a href=\"http:\/\/namesdatabase.com\/people\/CANTISANI\/CARLOS%20M%20SANTANA\/10922461\">CARLOS M SANTANA CANTISANI<\/a><\/p>\n<\/div>\n","protected":false},"excerpt":{"rendered":"<p>La primera clase graduanda de cuarto a\u00f1o fue en 1974. &nbsp;En dicha clase se destac\u00f3 el estudiante Orlando Landy Flores, &hellip; <\/p>\n","protected":false},"author":1,"featured_media":0,"parent":0,"menu_order":0,"comment_status":"closed","ping_status":"open","template":"","meta":{"footnotes":""},"class_list":["post-145","page","type-page","status-publish","hentry"],"_links":{"self":[{"href":"http:\/\/www.colegiosanagustincaborojo.com\/index.php?rest_route=\/wp\/v2\/pages\/145","targetHints":{"allow":["GET"]}}],"collection":[{"href":"http:\/\/www.colegiosanagustincaborojo.com\/index.php?rest_route=\/wp\/v2\/pages"}],"about":[{"href":"http:\/\/www.colegiosanagustincaborojo.com\/index.php?rest_route=\/wp\/v2\/types\/page"}],"author":[{"embeddable":true,"href":"http:\/\/www.colegiosanagustincaborojo.com\/index.php?rest_route=\/wp\/v2\/users\/1"}],"replies":[{"embeddable":true,"href":"http:\/\/www.colegiosanagustincaborojo.com\/index.php?rest_route=%2Fwp%2Fv2%2Fcomments&post=145"}],"version-history":[{"count":8,"href":"http:\/\/www.colegiosanagustincaborojo.com\/index.php?rest_route=\/wp\/v2\/pages\/145\/revisions"}],"predecessor-version":[{"id":2422,"href":"http:\/\/www.colegiosanagustincaborojo.com\/index.php?rest_route=\/wp\/v2\/pages\/145\/revisions\/2422"}],"wp:attachment":[{"href":"http:\/\/www.colegiosanagustincaborojo.com\/index.php?rest_route=%2Fwp%2Fv2%2Fmedia&parent=145"}],"curies":[{"name":"wp","href":"https:\/\/api.w.org\/{rel}","templated":true}]}}