{"id":136,"date":"2011-07-11T20:41:54","date_gmt":"2011-07-11T20:41:54","guid":{"rendered":"http:\/\/localhost\/groobe\/websites\/sanagustin\/?page_id=136"},"modified":"2021-12-19T13:06:51","modified_gmt":"2021-12-19T17:06:51","slug":"contacto","status":"publish","type":"page","link":"http:\/\/www.colegiosanagustincaborojo.com\/?page_id=136","title":{"rendered":"Contacto"},"content":{"rendered":"<h2>Colegio San Agust\u00edn<\/h2>\n<p><\/p>\n<p><em>Direcci\u00f3n F\u00edsica<\/em><\/p>\n<p>Carretera 102 Km 20.9 Extencion Carbonell<\/p>\n<p>Cabo Rojo, Puerto Rico 00623<\/p>\n<p><\/p>\n<p><em>Direcci\u00f3n Postal<\/em><\/p>\n<p>Apartado 926<\/p>\n<p>Cabo Rojo, Puerto Rico, 00623<\/p>\n<p><\/p>\n<p>Tel\u00e9fono: 787-851-1950<\/p>\n<p>Fax: 787-255-2757<\/p>\n<p>Emails: colegiosanagustindecaborojo@gmail.com \/&nbsp;colegiosanagustin@hotmail.com<\/p>\n<h2 style=\"text-align: left;\" align=\"center\"><strong>Horarios<\/strong><span class=\"Apple-style-span\" style=\"font-weight: normal; font-size: 13px;\"><strong>&nbsp;<\/strong><\/span><\/h2>\n<ul>\n<li><em>Escolar &nbsp;&#8211;&nbsp;&nbsp;&nbsp; pre-kinder a duod\u00e9cimo grado<\/em>\n<ul>\n<li>Lunes a Viernes: &nbsp; &nbsp; &nbsp;7:30 a.m. &#8211; 1:30 p.m<\/li>\n<\/ul>\n<\/li>\n<\/ul>\n<p><\/p>\n<ul>\n<li><em>De Oficina<\/em>\n<ul>\n<li>Lunes a Viernes: &nbsp; &nbsp; &nbsp;7:00 a.m. &#8211; 2:00 p.m.<\/li>\n<\/ul>\n<\/li>\n<\/ul>\n<p><\/p>\n<ul>\n<li><em>Visitas al Director Espiritual<\/em>\n<ul>\n<li>Por cita previa<\/li>\n<\/ul>\n<\/li>\n<\/ul>\n<div>&nbsp;<\/div>\n<ul>\n<li><em>Visitas a la Directora<\/em>\n<ul>\n<li>lunes a viernes: &nbsp; &nbsp; &nbsp;7:30 a.m. &#8211; 1:00 p.m.&nbsp;&nbsp;<\/li>\n<\/ul>\n<\/li>\n<\/ul>\n<p><\/p>\n<ul>\n<li>Visitas al Principal\n<ul>\n<li>lunes a viernes: &nbsp; &nbsp; &nbsp;7:30 a.m. &#8211; 1:00 p.m.<\/li>\n<\/ul>\n<\/li>\n<\/ul>\n<p><\/p>\n<ul>\n<li><em>Cafeter\u00eda Agustina <\/em>\n<ul>\n<li>Lunes a Viernes: &nbsp; &nbsp; 7:00 a.m. &#8211; 12:30 p.m. \/ &nbsp;1:30&nbsp; &#8211; 2:00 p.m.<\/li>\n<\/ul>\n<\/li>\n<\/ul>\n<p><\/p>\n<ul>\n<li><em>Biblioteca<\/em>\n<ul>\n<li>Lunes a Viernes: &nbsp; &nbsp; 7:30 a.m. &#8211; 12:00 m. \/ &nbsp;12:30 &#8211; 2:30 p.m.<\/li>\n<\/ul>\n<\/li>\n<\/ul>\n<p><\/p>\n<ul>\n<li><em>Orientaci\u00f3n y Trabajadora Social<\/em>\n<ul>\n<li>Lunes a Viernes: &nbsp; &nbsp; 7:15 a.m. &#8211; 12:00 m. &nbsp;\/ &nbsp;12:30 &#8211; 2:00 p.m.<\/li>\n<\/ul>\n<\/li>\n<\/ul>\n<p><\/p>\n<ul>\n<li><em>Dispensario Escolar<\/em>\n<ul>\n<li>Lunes a Viernes: &nbsp; &nbsp; &nbsp;7:30 a.m. &#8211; 11:30 m. \/ 12:00 &#8211; 1:30 p.m.<\/li>\n<\/ul>\n<\/li>\n<\/ul>\n<p><\/p>\n<ul>\n<li><em>Recaudaciones<\/em>\n<ul>\n<li>Lunes a Viernes: &nbsp; &nbsp; 7:15 a.m. &#8211; 11:30 a.m.<\/li>\n<\/ul>\n<\/li>\n<\/ul>\n<p><\/p>\n<ul>\n<li><em>Registradur\u00eda<\/em>\n<ul>\n<li>Lunes a Viernes: &nbsp; &nbsp;8:00 a.m. &#8211; &nbsp;11:00 m. &nbsp;\/ &nbsp;11:30 p.m. &#8211; 12:45 p.m.<\/li>\n<\/ul>\n<\/li>\n<\/ul>\n<p><\/p>\n<ul>\n<li><em>Horario Extendido <\/em>\n<ul>\n<li>Lunes a Viernes: &nbsp; &nbsp; 1:30 p.m. &#8211; 3:30 p.m.<\/li>\n<\/ul>\n<\/li>\n<\/ul>\n<p><\/p>\n\n\n<p><\/p>\n","protected":false},"excerpt":{"rendered":"<p>Colegio San Agust\u00edn Direcci\u00f3n F\u00edsica Carretera 102 Km 20.9 Extencion Carbonell Cabo Rojo, Puerto Rico 00623 Direcci\u00f3n Postal Apartado 926 &hellip; <\/p>\n","protected":false},"author":1,"featured_media":0,"parent":0,"menu_order":0,"comment_status":"closed","ping_status":"open","template":"","meta":{"footnotes":""},"class_list":["post-136","page","type-page","status-publish","hentry"],"_links":{"self":[{"href":"http:\/\/www.colegiosanagustincaborojo.com\/index.php?rest_route=\/wp\/v2\/pages\/136","targetHints":{"allow":["GET"]}}],"collection":[{"href":"http:\/\/www.colegiosanagustincaborojo.com\/index.php?rest_route=\/wp\/v2\/pages"}],"about":[{"href":"http:\/\/www.colegiosanagustincaborojo.com\/index.php?rest_route=\/wp\/v2\/types\/page"}],"author":[{"embeddable":true,"href":"http:\/\/www.colegiosanagustincaborojo.com\/index.php?rest_route=\/wp\/v2\/users\/1"}],"replies":[{"embeddable":true,"href":"http:\/\/www.colegiosanagustincaborojo.com\/index.php?rest_route=%2Fwp%2Fv2%2Fcomments&post=136"}],"version-history":[{"count":12,"href":"http:\/\/www.colegiosanagustincaborojo.com\/index.php?rest_route=\/wp\/v2\/pages\/136\/revisions"}],"predecessor-version":[{"id":2431,"href":"http:\/\/www.colegiosanagustincaborojo.com\/index.php?rest_route=\/wp\/v2\/pages\/136\/revisions\/2431"}],"wp:attachment":[{"href":"http:\/\/www.colegiosanagustincaborojo.com\/index.php?rest_route=%2Fwp%2Fv2%2Fmedia&parent=136"}],"curies":[{"name":"wp","href":"https:\/\/api.w.org\/{rel}","templated":true}]}}