{"id":134,"date":"2011-07-11T20:40:00","date_gmt":"2011-07-11T20:40:00","guid":{"rendered":"http:\/\/localhost\/groobe\/websites\/sanagustin\/?page_id=134"},"modified":"2011-09-05T17:51:02","modified_gmt":"2011-09-05T21:51:02","slug":"reglamento-escolar","status":"publish","type":"page","link":"http:\/\/www.colegiosanagustincaborojo.com\/?page_id=134","title":{"rendered":"Reglamento Escolar"},"content":{"rendered":"<h2><strong>Manual del Estudiante<\/strong><\/h2>\n<ul>\n<li>El <em>Manual del Estudiante <\/em>ha sido dise\u00f1ado como gu\u00eda para nuestros alumnos, padres, maestros y todo el personal que labora en nuestra instituci\u00f3n educativa.<\/li>\n<li>A trav\u00e9s de este documento se pretende establecer los derechos y deberes de los alumnos para crear un clima educativo donde desarrollen el sentido de responsabilidad por el aprendizaje, el trabajo, una actitud solidaria y el respeto hacia todos los miembros de la comunidad escolar dentro de los principios de la Iglesia Cat\u00f3lica, formando as\u00ed un ser humano positivo y productivo.<\/li>\n<li>Todo el personal del colegio prestar\u00e1 su colaboraci\u00f3n para el fiel cumplimiento de las normas y directrices de este reglamento.<\/li>\n<li>Los padres o encargados ser\u00e1n los responsables de guiar a sus hijos para que cumplan las normas que aqu\u00ed se establecen.<\/li>\n<li>Los estudiantes demostrar\u00e1n su madurez y responsabilidad cumpliendo con las normas establecidas en este Manual, adem\u00e1s de otras que se requieran durante el a\u00f1o escolar.<\/li>\n<li>La ignorancia de este Manual por parte de los padres, encargados, profesores, alumnos y otro personal no exime del cumplimiento y aplicaci\u00f3n del mismo.<\/li>\n<li>Este Manual deroga cualquier otro Reglamento o norma anterior y entrar\u00e1 en vigor desde el 10 de agosto de 2009.<\/li>\n<li>Es responsabilidad de los padres y estudiantes mantener el Manual del Estudiante en buenas condiciones ya que estar\u00e1 vigente durante los pr\u00f3ximos a\u00f1os.<\/li>\n<li>La Administraci\u00f3n del Colegio San Agust\u00edn de Cabo Rojo se reserva el derecho de enmendar o alterar el Manual en el momento que lo estime conveniente para el buen funcionamiento de la Instituci\u00f3n. Cualquier enmienda se notificar\u00e1 por escrito y formar\u00e1 parte de dicho Manual.<\/li>\n<\/ul>\n<p>&nbsp;<\/p>\n","protected":false},"excerpt":{"rendered":"<p>Manual del Estudiante El Manual del Estudiante ha sido dise\u00f1ado como gu\u00eda para nuestros alumnos, padres, maestros y todo el &hellip; <\/p>\n","protected":false},"author":1,"featured_media":0,"parent":0,"menu_order":0,"comment_status":"open","ping_status":"open","template":"","meta":{"footnotes":""},"class_list":["post-134","page","type-page","status-publish","hentry"],"_links":{"self":[{"href":"http:\/\/www.colegiosanagustincaborojo.com\/index.php?rest_route=\/wp\/v2\/pages\/134","targetHints":{"allow":["GET"]}}],"collection":[{"href":"http:\/\/www.colegiosanagustincaborojo.com\/index.php?rest_route=\/wp\/v2\/pages"}],"about":[{"href":"http:\/\/www.colegiosanagustincaborojo.com\/index.php?rest_route=\/wp\/v2\/types\/page"}],"author":[{"embeddable":true,"href":"http:\/\/www.colegiosanagustincaborojo.com\/index.php?rest_route=\/wp\/v2\/users\/1"}],"replies":[{"embeddable":true,"href":"http:\/\/www.colegiosanagustincaborojo.com\/index.php?rest_route=%2Fwp%2Fv2%2Fcomments&post=134"}],"version-history":[{"count":5,"href":"http:\/\/www.colegiosanagustincaborojo.com\/index.php?rest_route=\/wp\/v2\/pages\/134\/revisions"}],"predecessor-version":[{"id":380,"href":"http:\/\/www.colegiosanagustincaborojo.com\/index.php?rest_route=\/wp\/v2\/pages\/134\/revisions\/380"}],"wp:attachment":[{"href":"http:\/\/www.colegiosanagustincaborojo.com\/index.php?rest_route=%2Fwp%2Fv2%2Fmedia&parent=134"}],"curies":[{"name":"wp","href":"https:\/\/api.w.org\/{rel}","templated":true}]}}