{"id":132,"date":"2011-07-11T20:39:46","date_gmt":"2011-07-11T20:39:46","guid":{"rendered":"http:\/\/localhost\/groobe\/websites\/sanagustin\/?page_id=132"},"modified":"2011-09-05T17:53:38","modified_gmt":"2011-09-05T21:53:38","slug":"requisitos-de-admicion","status":"publish","type":"page","link":"http:\/\/www.colegiosanagustincaborojo.com\/?page_id=132","title":{"rendered":"Requisitos de Admisi\u00f3n"},"content":{"rendered":"<h2>Requisitos Necesarios para Considerar la Admisi\u00f3n de Estudiantes Nuevos al C.S.A.<\/h2>\n<p>1.\u00a0Completar la solicitud de admisi\u00f3n.<\/p>\n<p>2.\u00a0Presentar los siguientes documentos:<\/p>\n<ul>\n<li>Certificado de nacimiento original<\/li>\n<li>Certificado de matrimonio de los padres<\/li>\n<li>Certificado de bautismo original<\/li>\n<li>Certificado de vacunas original (P-VAC-3)<\/li>\n<li>Certificado Primera Comuni\u00f3n &#8211; copia (si aplica)<\/li>\n<li>Certificado Confirmaci\u00f3n &#8211; copia (si aplica)<\/li>\n<li>Transcripci\u00f3n de cr\u00e9dito de la escuela de procedencia (Promedio 2.00 \u00f3 m\u00e1s en grados 2-11)<\/li>\n<li>Carta de recomendaci\u00f3n del director de la escuela<\/li>\n<li>Copia de la tarjeta de Seguro Social (no se utilizar\u00e1 como identificaci\u00f3n)<\/li>\n<li>Una foto tama\u00f1o 2&#215;2<\/li>\n<li>Prueba sicom\u00e9trica &#8211; grados Pre-K y K, de ser necesario el colegio puede solicitar un examen psicol\u00f3gico para los otros grados primarios)<\/li>\n<\/ul>\n<p>3.\u00a0 Entrevista con la directora o su representante.<\/p>\n<p>4.\u00a0 Evidenciar una conducta de 85% o m\u00e1s.<\/p>\n<p>Nota:<\/p>\n<ul>\n<li>El cumplir con estos requisitos no asegura la admisi\u00f3n al colegio.<\/li>\n<li>No se aceptar\u00e1n estudiantes al grado 12.<\/li>\n<li>Un estudiante se considerar\u00e1 miembro del Colegio San Agust\u00edn luego de haber completado los documentos de matr\u00edcula, recibido la carta de admisi\u00f3n y pagado las cuotas correspondientes.<\/li>\n<li>Nos reservamos el derecho de admisi\u00f3n, en todos los grados.<\/li>\n<\/ul>\n<p>El Colegio se reserva el derecho de admisi\u00f3n de aquellos estudiantes que hayan sido expulsados de otros colegios o escuelas por falta de disciplina, aprovechamiento acad\u00e9mico deficiente, malas relaciones interpersonales con sus maestros o compa\u00f1eros, personal no docente o administrativo.<\/p>\n","protected":false},"excerpt":{"rendered":"<p>Requisitos Necesarios para Considerar la Admisi\u00f3n de Estudiantes Nuevos al C.S.A. 1.\u00a0Completar la solicitud de admisi\u00f3n. 2.\u00a0Presentar los siguientes documentos: &hellip; <\/p>\n","protected":false},"author":1,"featured_media":0,"parent":0,"menu_order":0,"comment_status":"open","ping_status":"open","template":"","meta":{"footnotes":""},"class_list":["post-132","page","type-page","status-publish","hentry"],"_links":{"self":[{"href":"http:\/\/www.colegiosanagustincaborojo.com\/index.php?rest_route=\/wp\/v2\/pages\/132","targetHints":{"allow":["GET"]}}],"collection":[{"href":"http:\/\/www.colegiosanagustincaborojo.com\/index.php?rest_route=\/wp\/v2\/pages"}],"about":[{"href":"http:\/\/www.colegiosanagustincaborojo.com\/index.php?rest_route=\/wp\/v2\/types\/page"}],"author":[{"embeddable":true,"href":"http:\/\/www.colegiosanagustincaborojo.com\/index.php?rest_route=\/wp\/v2\/users\/1"}],"replies":[{"embeddable":true,"href":"http:\/\/www.colegiosanagustincaborojo.com\/index.php?rest_route=%2Fwp%2Fv2%2Fcomments&post=132"}],"version-history":[{"count":6,"href":"http:\/\/www.colegiosanagustincaborojo.com\/index.php?rest_route=\/wp\/v2\/pages\/132\/revisions"}],"predecessor-version":[{"id":368,"href":"http:\/\/www.colegiosanagustincaborojo.com\/index.php?rest_route=\/wp\/v2\/pages\/132\/revisions\/368"}],"wp:attachment":[{"href":"http:\/\/www.colegiosanagustincaborojo.com\/index.php?rest_route=%2Fwp%2Fv2%2Fmedia&parent=132"}],"curies":[{"name":"wp","href":"https:\/\/api.w.org\/{rel}","templated":true}]}}