{"id":130,"date":"2011-07-11T20:38:27","date_gmt":"2011-07-11T20:38:27","guid":{"rendered":"http:\/\/localhost\/groobe\/websites\/sanagustin\/?page_id=130"},"modified":"2011-09-05T18:18:36","modified_gmt":"2011-09-05T22:18:36","slug":"%c2%bfpor-que-escoger-nuestro-colegio","status":"publish","type":"page","link":"http:\/\/www.colegiosanagustincaborojo.com\/?page_id=130","title":{"rendered":"\u00bfPor que escoger nuestro colegio?"},"content":{"rendered":"<p>Nuestro colegio se estableci\u00f3 en 1954 y hasta el d\u00eda de hoy sigue ofreciendo a sus estudiantes una educaci\u00f3n acad\u00e9mica y cristiana de altura y excelencia. \u00a0Puedes pertenecer a los diferentes clubes y organizaciones estudiantiles, y participar de actividades y eventos dentro y fuera de nuestro colegio. \u00a0Adem\u00e1s, contamos con maestros muy dedicados y que velar\u00e1n por el progreso acad\u00e9mico de sus estudiantes. \u00a0Generaciones de estudiantes han pasado por nuestro colegio y al graduarse recuerdan con nostalgia los a\u00f1os aqui vividos. \u00a0Las experiencias que vivieron le sirven de gran ayuda para su vida universitaria y de adulto. \u00a0Por eso les invito a que sean parte de un colegio con historia.<\/p>\n","protected":false},"excerpt":{"rendered":"<p>Nuestro colegio se estableci\u00f3 en 1954 y hasta el d\u00eda de hoy sigue ofreciendo a sus estudiantes una educaci\u00f3n acad\u00e9mica &hellip; <\/p>\n","protected":false},"author":1,"featured_media":0,"parent":0,"menu_order":0,"comment_status":"open","ping_status":"open","template":"","meta":{"footnotes":""},"class_list":["post-130","page","type-page","status-publish","hentry"],"_links":{"self":[{"href":"http:\/\/www.colegiosanagustincaborojo.com\/index.php?rest_route=\/wp\/v2\/pages\/130","targetHints":{"allow":["GET"]}}],"collection":[{"href":"http:\/\/www.colegiosanagustincaborojo.com\/index.php?rest_route=\/wp\/v2\/pages"}],"about":[{"href":"http:\/\/www.colegiosanagustincaborojo.com\/index.php?rest_route=\/wp\/v2\/types\/page"}],"author":[{"embeddable":true,"href":"http:\/\/www.colegiosanagustincaborojo.com\/index.php?rest_route=\/wp\/v2\/users\/1"}],"replies":[{"embeddable":true,"href":"http:\/\/www.colegiosanagustincaborojo.com\/index.php?rest_route=%2Fwp%2Fv2%2Fcomments&post=130"}],"version-history":[{"count":4,"href":"http:\/\/www.colegiosanagustincaborojo.com\/index.php?rest_route=\/wp\/v2\/pages\/130\/revisions"}],"predecessor-version":[{"id":238,"href":"http:\/\/www.colegiosanagustincaborojo.com\/index.php?rest_route=\/wp\/v2\/pages\/130\/revisions\/238"}],"wp:attachment":[{"href":"http:\/\/www.colegiosanagustincaborojo.com\/index.php?rest_route=%2Fwp%2Fv2%2Fmedia&parent=130"}],"curies":[{"name":"wp","href":"https:\/\/api.w.org\/{rel}","templated":true}]}}