{"id":128,"date":"2011-07-11T20:37:40","date_gmt":"2011-07-11T20:37:40","guid":{"rendered":"http:\/\/localhost\/groobe\/websites\/sanagustin\/?page_id=128"},"modified":"2022-01-22T13:16:24","modified_gmt":"2022-01-22T17:16:24","slug":"costo-de-matricula","status":"publish","type":"page","link":"http:\/\/www.colegiosanagustincaborojo.com\/?page_id=128","title":{"rendered":"Matr\u00edcula"},"content":{"rendered":"<h2 style=\"text-align: center;\"><a href=\"http:\/\/www.colegiosanagustincaborojo.com\/wp-content\/uploads\/2012\/01\/Master-informaci\u00f3n-de-matr\u00edcula-2022-2023-01182022.pdf\">Informaci\u00f3n de matr\u00edcula 2022-2023<\/a><\/h2>\n<p style=\"text-align: center;\"><a href=\"http:\/\/www.colegiosanagustincaborojo.com\/wp-content\/uploads\/2012\/01\/Master-informaci\u00f3n-de-matr\u00edcula-2022-2023-01182022_001.jpg\"><img loading=\"lazy\" decoding=\"async\" class=\"alignnone size-medium wp-image-2446\" src=\"http:\/\/www.colegiosanagustincaborojo.com\/wp-content\/uploads\/2012\/01\/Master-informaci\u00f3n-de-matr\u00edcula-2022-2023-01182022_001-232x300.jpg\" alt=\"\" width=\"232\" height=\"300\" srcset=\"http:\/\/www.colegiosanagustincaborojo.com\/wp-content\/uploads\/2012\/01\/Master-informaci\u00f3n-de-matr\u00edcula-2022-2023-01182022_001-232x300.jpg 232w, http:\/\/www.colegiosanagustincaborojo.com\/wp-content\/uploads\/2012\/01\/Master-informaci\u00f3n-de-matr\u00edcula-2022-2023-01182022_001.jpg 612w\" sizes=\"auto, (max-width: 232px) 100vw, 232px\" \/><\/a><\/p>\n<p style=\"text-align: left;\"><a href=\"http:\/\/www.colegiosanagustincaborojo.com\/wp-content\/uploads\/2012\/01\/Master-informaci\u00f3n-de-matr\u00edcula-2022-2023-01182022_002.jpg\"><img loading=\"lazy\" decoding=\"async\" class=\"size-medium wp-image-2447 aligncenter\" src=\"http:\/\/www.colegiosanagustincaborojo.com\/wp-content\/uploads\/2012\/01\/Master-informaci\u00f3n-de-matr\u00edcula-2022-2023-01182022_002-232x300.jpg\" alt=\"\" width=\"232\" height=\"300\" srcset=\"http:\/\/www.colegiosanagustincaborojo.com\/wp-content\/uploads\/2012\/01\/Master-informaci\u00f3n-de-matr\u00edcula-2022-2023-01182022_002-232x300.jpg 232w, http:\/\/www.colegiosanagustincaborojo.com\/wp-content\/uploads\/2012\/01\/Master-informaci\u00f3n-de-matr\u00edcula-2022-2023-01182022_002.jpg 612w\" sizes=\"auto, (max-width: 232px) 100vw, 232px\" \/><\/a><a href=\"http:\/\/www.colegiosanagustincaborojo.com\/wp-content\/uploads\/2012\/01\/Master-informaci\u00f3n-de-matr\u00edcula-2022-2023-01182022_003.jpg\"><img loading=\"lazy\" decoding=\"async\" class=\"size-medium wp-image-2448 aligncenter\" src=\"http:\/\/www.colegiosanagustincaborojo.com\/wp-content\/uploads\/2012\/01\/Master-informaci\u00f3n-de-matr\u00edcula-2022-2023-01182022_003-232x300.jpg\" alt=\"\" width=\"232\" height=\"300\" srcset=\"http:\/\/www.colegiosanagustincaborojo.com\/wp-content\/uploads\/2012\/01\/Master-informaci\u00f3n-de-matr\u00edcula-2022-2023-01182022_003-232x300.jpg 232w, http:\/\/www.colegiosanagustincaborojo.com\/wp-content\/uploads\/2012\/01\/Master-informaci\u00f3n-de-matr\u00edcula-2022-2023-01182022_003.jpg 612w\" sizes=\"auto, (max-width: 232px) 100vw, 232px\" \/><\/a><a href=\"http:\/\/www.colegiosanagustincaborojo.com\/wp-content\/uploads\/2012\/01\/Master-informaci\u00f3n-de-matr\u00edcula-2022-2023-01182022_004.jpg\"><img loading=\"lazy\" decoding=\"async\" class=\"size-medium wp-image-2449 aligncenter\" src=\"http:\/\/www.colegiosanagustincaborojo.com\/wp-content\/uploads\/2012\/01\/Master-informaci\u00f3n-de-matr\u00edcula-2022-2023-01182022_004-232x300.jpg\" alt=\"\" width=\"232\" height=\"300\" srcset=\"http:\/\/www.colegiosanagustincaborojo.com\/wp-content\/uploads\/2012\/01\/Master-informaci\u00f3n-de-matr\u00edcula-2022-2023-01182022_004-232x300.jpg 232w, http:\/\/www.colegiosanagustincaborojo.com\/wp-content\/uploads\/2012\/01\/Master-informaci\u00f3n-de-matr\u00edcula-2022-2023-01182022_004.jpg 612w\" sizes=\"auto, (max-width: 232px) 100vw, 232px\" \/><\/a><a href=\"http:\/\/www.colegiosanagustincaborojo.com\/wp-content\/uploads\/2012\/01\/Master-informaci\u00f3n-de-matr\u00edcula-2022-2023-01182022_005.jpg\"><img loading=\"lazy\" decoding=\"async\" class=\"size-medium wp-image-2450 aligncenter\" src=\"http:\/\/www.colegiosanagustincaborojo.com\/wp-content\/uploads\/2012\/01\/Master-informaci\u00f3n-de-matr\u00edcula-2022-2023-01182022_005-232x300.jpg\" alt=\"\" width=\"232\" height=\"300\" srcset=\"http:\/\/www.colegiosanagustincaborojo.com\/wp-content\/uploads\/2012\/01\/Master-informaci\u00f3n-de-matr\u00edcula-2022-2023-01182022_005-232x300.jpg 232w, http:\/\/www.colegiosanagustincaborojo.com\/wp-content\/uploads\/2012\/01\/Master-informaci\u00f3n-de-matr\u00edcula-2022-2023-01182022_005.jpg 612w\" sizes=\"auto, (max-width: 232px) 100vw, 232px\" \/><\/a><\/p>\n<h2><\/h2>\n<h2 style=\"text-align: center;\"><strong>Costos de Matr\u00edcula<\/strong><\/h2>\n<p>El Colegio San Agust\u00edn de Cabo Rojo cuenta con \u00a0costos de matr\u00edcula \u00a0muy competitivos:<\/p>\n<p>1.\u00a0El pago de mensualidad de cada estudiante vence el d\u00eda primero de cada mes.\u00a0 El colegio concede un periodo de gracia hasta el d\u00eda 15 de cada mes para efectuar el pago sin recargo. <span style=\"color: #020252;\"><strong>El mes de diciembre deber\u00e1 ser pagado en o antes del d\u00eda 8 de diciembre para evitar recargos y<\/strong>\u00a0<strong>dificultades al momento de administrar los ex\u00e1menes finales del trimestre. Los compromisos de pago contra\u00eddos con el Colegio deber\u00e1n estar cubiertos para la administraci\u00f3n de los ex\u00e1menes finales.<\/strong><\/span><\/p>\n<p>2.\u00a0Los pagos de las mensualidades se realizan mediante el sistema de Pago Directo o Multipago del Banco Popular.<\/p>\n<p>3.\u00a0El segundo pago ser\u00e1 doble, incluye el mes de septiembre del a\u00f1o en curso\u00a0 y el de mayo del pr\u00f3ximo a\u00f1o.\u00a0 Este pago no es reembolsable.<\/p>\n<p>4.\u00a0Habr\u00e1 un cargo de $15.00 por cada mes de atraso.<\/p>\n<p>5.\u00a0Si usted solicit\u00f3 la libreta de pago y no la recibe al inicio del curso escolar proceda a efectuar el pago en la ventanilla de recaudaciones en o antes del d\u00eda 15 del mes de agosto.<\/p>\n<p>6.\u00a0No se expedir\u00e1 documento alguno a estudiantes que no est\u00e9n al d\u00eda en sus pagos, aunque hayan sido dados de baja del colegio.<\/p>\n<p>7.\u00a0Todos los estudiantes deber\u00e1n tener sus mensualidades y cuotas al d\u00eda para poder tomar los ex\u00e1menes finales, recibir notas, transcripciones de cr\u00e9ditos y\/o cualquier otro documento oficial que sea solicitado.<\/p>\n<p>8.\u00a0Si un estudiante se da de baja del colegio no se le devolver\u00e1 el\u00a0 dinero de la matr\u00edcula.<\/p>\n<p>9.\u00a0Si no est\u00e1 al d\u00eda en sus mensualidades se le enviar\u00e1 el estado de cuenta con el balance pendiente. \u00a0Luego se procede a recordarle su deuda y si no se recibe el pago en el tercer aviso, <span style=\"text-decoration: underline;\">se le notificar\u00e1 sobre la suspensi\u00f3n o baja del estudiante<\/span>.<\/p>\n<p>10.\u00a0Los padres reconocen que de no cumplir estrictamente con los t\u00e9rminos y condiciones del compromiso del pago mensual, su hijo podr\u00e1 ser dado de baja del Colegio.\u00a0 Se obligan \u00e9stos adem\u00e1s, a satisfacer una suma l\u00edquida de MIL D\u00d3LARES ($1,000.00) para costos, gastos y honorarios incurridos por el colegio para el procedimiento legal del cobro de mensualidades, matr\u00edculas y\/o cargos los cuales podr\u00e1n ser exigidos por el Colegio aunque el pleito se ventile en rebeld\u00eda o termine en virtud de transacci\u00f3n.\u00a0 Tambi\u00e9n se someten los padres a la jurisdicci\u00f3n y competencia de la Sala de Cabo Rojo del Tribunal de Primera Instancia no importa el lugar de residencia de \u00e9stos.<\/p>\n<p>11.\u00a0Los estudiantes que en el a\u00f1o anterior sus padres o encargados no mantuvieron sus cuotas al d\u00eda por varios meses, <span style=\"text-decoration: underline;\">tendr\u00e1n que pagar cada semestre por adelantado<\/span>.<\/p>\n<p>12.\u00a0Atrasos de mensualidades o deudas pendiente deben pagarse\u00a0 en efectivo o giro a nombre del Colegio San Agust\u00edn.<\/p>\n<p>13.\u00a0Las Disposiciones Generales de la Pol\u00edtica de Matricula y\/o Mensualidades del Colegio forman parte del Manual.<\/p>\n<p><strong>La administraci\u00f3n del colegio se reserva el derecho de enmendar o alterar este reglamento en el momento que lo estime conveniente para el buen funcionamiento de la Instituci\u00f3n. \u00a0<\/strong><strong>Se notificar\u00e1 a los padres cualquier enmienda<\/strong>.<\/p>\n","protected":false},"excerpt":{"rendered":"<p>Informaci\u00f3n de matr\u00edcula 2022-2023 Costos de Matr\u00edcula El Colegio San Agust\u00edn de Cabo Rojo cuenta con \u00a0costos de matr\u00edcula \u00a0muy &hellip; <\/p>\n","protected":false},"author":1,"featured_media":0,"parent":0,"menu_order":0,"comment_status":"closed","ping_status":"open","template":"","meta":{"footnotes":""},"class_list":["post-128","page","type-page","status-publish","hentry"],"_links":{"self":[{"href":"http:\/\/www.colegiosanagustincaborojo.com\/index.php?rest_route=\/wp\/v2\/pages\/128","targetHints":{"allow":["GET"]}}],"collection":[{"href":"http:\/\/www.colegiosanagustincaborojo.com\/index.php?rest_route=\/wp\/v2\/pages"}],"about":[{"href":"http:\/\/www.colegiosanagustincaborojo.com\/index.php?rest_route=\/wp\/v2\/types\/page"}],"author":[{"embeddable":true,"href":"http:\/\/www.colegiosanagustincaborojo.com\/index.php?rest_route=\/wp\/v2\/users\/1"}],"replies":[{"embeddable":true,"href":"http:\/\/www.colegiosanagustincaborojo.com\/index.php?rest_route=%2Fwp%2Fv2%2Fcomments&post=128"}],"version-history":[{"count":10,"href":"http:\/\/www.colegiosanagustincaborojo.com\/index.php?rest_route=\/wp\/v2\/pages\/128\/revisions"}],"predecessor-version":[{"id":2457,"href":"http:\/\/www.colegiosanagustincaborojo.com\/index.php?rest_route=\/wp\/v2\/pages\/128\/revisions\/2457"}],"wp:attachment":[{"href":"http:\/\/www.colegiosanagustincaborojo.com\/index.php?rest_route=%2Fwp%2Fv2%2Fmedia&parent=128"}],"curies":[{"name":"wp","href":"https:\/\/api.w.org\/{rel}","templated":true}]}}