{"id":110,"date":"2011-07-11T20:33:09","date_gmt":"2011-07-11T20:33:09","guid":{"rendered":"http:\/\/localhost\/groobe\/websites\/sanagustin\/?page_id=110"},"modified":"2011-09-05T23:48:34","modified_gmt":"2011-09-06T03:48:34","slug":"sister-ann-eugine-vivas","status":"publish","type":"page","link":"http:\/\/www.colegiosanagustincaborojo.com\/?page_id=110","title":{"rendered":"Sister Anne Eugine Vivas"},"content":{"rendered":"<p>Sister Anne Eugine Vivas fue una religiosa de la orden de la Sant\u00edsima Trinidad. \u00a0Para el a\u00f1o 1959, Sister Anne Vivas se hizo cargo de dirigir nuestro colegio hasta el 1965, dej\u00e1ndolo organizado hasta el noveno grado. \u00a0Luego regres\u00f3 en el a\u00f1o 1975. \u00a0Sister Anne dirigi\u00f3 de manera excepcional nuestro colegio. \u00a0Es recordada por su profundo amor y entrega en beneficio de este.<\/p>\n<p>La filosof\u00eda de vida de Sister Anne se resume en Dar y Donar, luchar siempre por conservar el orgullo de lo que significa Ser. \u00a0Debido a su filosof\u00eda, esta Instituci\u00f3n cre\u00f3 un premio inspirado en la misma y que lleva su nombre. \u00a0El mismo se le \u00a0concede al estudiante que con su iniciativa ejemplar, cortes\u00eda, vivencia religiosa y aplicaci\u00f3n al estudio ha puesto en practica las ense\u00f1anzas de Sister Anne.<\/p>\n","protected":false},"excerpt":{"rendered":"<p>Sister Anne Eugine Vivas fue una religiosa de la orden de la Sant\u00edsima Trinidad. \u00a0Para el a\u00f1o 1959, Sister Anne &hellip; <\/p>\n","protected":false},"author":1,"featured_media":0,"parent":0,"menu_order":0,"comment_status":"open","ping_status":"open","template":"","meta":{"footnotes":""},"class_list":["post-110","page","type-page","status-publish","hentry"],"_links":{"self":[{"href":"http:\/\/www.colegiosanagustincaborojo.com\/index.php?rest_route=\/wp\/v2\/pages\/110","targetHints":{"allow":["GET"]}}],"collection":[{"href":"http:\/\/www.colegiosanagustincaborojo.com\/index.php?rest_route=\/wp\/v2\/pages"}],"about":[{"href":"http:\/\/www.colegiosanagustincaborojo.com\/index.php?rest_route=\/wp\/v2\/types\/page"}],"author":[{"embeddable":true,"href":"http:\/\/www.colegiosanagustincaborojo.com\/index.php?rest_route=\/wp\/v2\/users\/1"}],"replies":[{"embeddable":true,"href":"http:\/\/www.colegiosanagustincaborojo.com\/index.php?rest_route=%2Fwp%2Fv2%2Fcomments&post=110"}],"version-history":[{"count":5,"href":"http:\/\/www.colegiosanagustincaborojo.com\/index.php?rest_route=\/wp\/v2\/pages\/110\/revisions"}],"predecessor-version":[{"id":472,"href":"http:\/\/www.colegiosanagustincaborojo.com\/index.php?rest_route=\/wp\/v2\/pages\/110\/revisions\/472"}],"wp:attachment":[{"href":"http:\/\/www.colegiosanagustincaborojo.com\/index.php?rest_route=%2Fwp%2Fv2%2Fmedia&parent=110"}],"curies":[{"name":"wp","href":"https:\/\/api.w.org\/{rel}","templated":true}]}}