{"id":108,"date":"2011-07-11T20:32:48","date_gmt":"2011-07-11T20:32:48","guid":{"rendered":"http:\/\/localhost\/groobe\/websites\/sanagustin\/?page_id=108"},"modified":"2011-09-05T16:59:50","modified_gmt":"2011-09-05T20:59:50","slug":"padre-jose-larran","status":"publish","type":"page","link":"http:\/\/www.colegiosanagustincaborojo.com\/?page_id=108","title":{"rendered":"Padre Jos\u00e9 Larr\u00e1n"},"content":{"rendered":"<p>Padre Jos\u00e9 Larr\u00e1n fue qui\u00e9n tuvo la iniciativa de abrir un colegio cat\u00f3lico en el pueblo de Cabo Rojo.<\/p>\n","protected":false},"excerpt":{"rendered":"<p>Padre Jos\u00e9 Larr\u00e1n fue qui\u00e9n tuvo la iniciativa de abrir un colegio cat\u00f3lico en el pueblo de Cabo Rojo.<\/p>\n","protected":false},"author":1,"featured_media":0,"parent":0,"menu_order":0,"comment_status":"open","ping_status":"open","template":"","meta":{"footnotes":""},"class_list":["post-108","page","type-page","status-publish","hentry"],"_links":{"self":[{"href":"http:\/\/www.colegiosanagustincaborojo.com\/index.php?rest_route=\/wp\/v2\/pages\/108","targetHints":{"allow":["GET"]}}],"collection":[{"href":"http:\/\/www.colegiosanagustincaborojo.com\/index.php?rest_route=\/wp\/v2\/pages"}],"about":[{"href":"http:\/\/www.colegiosanagustincaborojo.com\/index.php?rest_route=\/wp\/v2\/types\/page"}],"author":[{"embeddable":true,"href":"http:\/\/www.colegiosanagustincaborojo.com\/index.php?rest_route=\/wp\/v2\/users\/1"}],"replies":[{"embeddable":true,"href":"http:\/\/www.colegiosanagustincaborojo.com\/index.php?rest_route=%2Fwp%2Fv2%2Fcomments&post=108"}],"version-history":[{"count":6,"href":"http:\/\/www.colegiosanagustincaborojo.com\/index.php?rest_route=\/wp\/v2\/pages\/108\/revisions"}],"predecessor-version":[{"id":456,"href":"http:\/\/www.colegiosanagustincaborojo.com\/index.php?rest_route=\/wp\/v2\/pages\/108\/revisions\/456"}],"wp:attachment":[{"href":"http:\/\/www.colegiosanagustincaborojo.com\/index.php?rest_route=%2Fwp%2Fv2%2Fmedia&parent=108"}],"curies":[{"name":"wp","href":"https:\/\/api.w.org\/{rel}","templated":true}]}}