{"id":104,"date":"2011-07-11T20:31:23","date_gmt":"2011-07-11T20:31:23","guid":{"rendered":"http:\/\/localhost\/groobe\/websites\/sanagustin\/?page_id=104"},"modified":"2011-09-05T23:38:41","modified_gmt":"2011-09-06T03:38:41","slug":"extracurriculares","status":"publish","type":"page","link":"http:\/\/www.colegiosanagustincaborojo.com\/?page_id=104","title":{"rendered":"Extracurriculares"},"content":{"rendered":"<p>El curr\u00edculo de nuestra Instituci\u00f3n est\u00e1 enriquecido por otras actividades co-curriculares que han de ayudar en el desarrollo integral de los estudiantes,\u00a0brind\u00e1ndole la oportunidad de integrar experiencias diferentes a la del sal\u00f3n de clases.<\/p>\n<p>&nbsp;<\/p>\n<h2><span class=\"Apple-style-span\" style=\"font-size: 20px; font-weight: bold;\"><strong>Excursiones educativas, culturales y recreativas<\/strong><\/span><\/h2>\n<p>Toda excursi\u00f3n o actividad especial propuesta se programar\u00e1 a trav\u00e9s de Ia oficina de la Directora, quien ser\u00e1 la \u00fanica persona que podr\u00e1 autorizarla. \u00a0Uno de los prop\u00f3sitos es ampliar los conocimientos adquiridos en la sala de clases y desarrollar la creatividad. Se observar\u00e1n las siguientes normas:<\/p>\n<ul>\n<li>Si se concede dicha autorizaci\u00f3n, el maestro que organiza la excursi\u00f3n debe tener lel permiso del padre, madre o encargado debidamente firmado antes de la excursi\u00f3n. \u00a0Sin la presentaci\u00f3n del mismo, no podr\u00e1n asistir a la actividad.<\/li>\n<li>Los estudiantes estar\u00e1n siempre acompa\u00f1ados por el maestro y otros adultos.<\/li>\n<li>Viajar\u00e1n en guaguas que saldr\u00e1n desde el estacionamiento del colegio y regresar\u00e1n al mismo.<\/li>\n<li>Los estudiantes vestir\u00e1n de acuerdo a lo acordado con el maestro moderador.<\/li>\n<li>En el caso de mala conducta <span style=\"font-size: small;\"><span class=\"Apple-style-span\" style=\"font-size: 11px;\">y\/o<\/span><\/span>\u00a0desobediencia por parte del estudiante, se le aplicar\u00e1n las medidas disciplinarias, que puede incluir hasta la expulsi\u00f3n.<\/li>\n<\/ul>\n<p>Cada grupo de estudiantes estar\u00e1 autorizado a participar de estas actividades dos (2) veces durante el a\u00f1o, si es que se justifican, siempre con la autorizaci\u00f3n previa de la Directora.<\/p>\n<ul>\n<li>El estudiante que no asista a las excursiones de su grupo, debe asistir al colegio. \u00a0De no hacerlo se le contar\u00e1 la ausencia. \u00a0Se asignar\u00e1 un maestro para atender al grupo que no asista.<\/li>\n<\/ul>\n","protected":false},"excerpt":{"rendered":"<p>El curr\u00edculo de nuestra Instituci\u00f3n est\u00e1 enriquecido por otras actividades co-curriculares que han de ayudar en el desarrollo integral de &hellip; <\/p>\n","protected":false},"author":1,"featured_media":0,"parent":0,"menu_order":0,"comment_status":"open","ping_status":"open","template":"","meta":{"footnotes":""},"class_list":["post-104","page","type-page","status-publish","hentry"],"_links":{"self":[{"href":"http:\/\/www.colegiosanagustincaborojo.com\/index.php?rest_route=\/wp\/v2\/pages\/104","targetHints":{"allow":["GET"]}}],"collection":[{"href":"http:\/\/www.colegiosanagustincaborojo.com\/index.php?rest_route=\/wp\/v2\/pages"}],"about":[{"href":"http:\/\/www.colegiosanagustincaborojo.com\/index.php?rest_route=\/wp\/v2\/types\/page"}],"author":[{"embeddable":true,"href":"http:\/\/www.colegiosanagustincaborojo.com\/index.php?rest_route=\/wp\/v2\/users\/1"}],"replies":[{"embeddable":true,"href":"http:\/\/www.colegiosanagustincaborojo.com\/index.php?rest_route=%2Fwp%2Fv2%2Fcomments&post=104"}],"version-history":[{"count":7,"href":"http:\/\/www.colegiosanagustincaborojo.com\/index.php?rest_route=\/wp\/v2\/pages\/104\/revisions"}],"predecessor-version":[{"id":288,"href":"http:\/\/www.colegiosanagustincaborojo.com\/index.php?rest_route=\/wp\/v2\/pages\/104\/revisions\/288"}],"wp:attachment":[{"href":"http:\/\/www.colegiosanagustincaborojo.com\/index.php?rest_route=%2Fwp%2Fv2%2Fmedia&parent=104"}],"curies":[{"name":"wp","href":"https:\/\/api.w.org\/{rel}","templated":true}]}}